{"id":31842,"date":"2025-01-20T19:28:42","date_gmt":"2025-01-20T19:28:42","guid":{"rendered":"https:\/\/purama.lt\/produktas\/l-cell-egcg-milteliai-30g\/"},"modified":"2026-04-14T14:51:40","modified_gmt":"2026-04-14T12:51:40","slug":"l-solun-egcg-jauhe-30g","status":"publish","type":"product","link":"https:\/\/purama.lt\/fi\/produktas\/l-cell-egcg-milteliai-30g\/","title":{"rendered":"L Cell EGCg (jauhe, 30g)"},"content":{"rendered":"<p><strong>Kulutus:<\/strong> 2 kauhallista jauhetta (500 mg vihre\u00e4\u00e4 teeuutetta) aamulla. Ota ennen tai j\u00e4lkeen aterian, jos sinulla on herkk\u00e4 vatsa. Sekoita veteen tai muuhun nesteeseen.<\/p>\n\n\n\n<hr class=\"wp-block-separator has-alpha-channel-opacity\"\/>\n\n\n\n<p><strong>Ainesosat:<\/strong> Vihre\u00e4n teen uute (\u226590 % EGCg), sinkkiglukonaatti, tiamiinihydrokloridi, kolekalsiferoli.<\/p>\n\n\n\n<hr class=\"wp-block-separator has-alpha-channel-opacity\"\/>\n\n\n\n<p><strong>Ravintoarvo<\/strong> (2 kauhallista):<\/p>\n\n\n\n<figure class=\"wp-block-table\"><table class=\"has-fixed-layout\"><thead><tr><th><strong>Ravinteet<\/strong><\/th><th><strong>M\u00e4\u00e4r\u00e4<\/strong><\/th><th><strong>% RMV*<\/strong><\/th><\/tr><\/thead><tbody><tr><td>Vihre\u00e4n teen uute<\/td><td>500 mg<\/td><td>-<\/td><\/tr><tr><td>...josta EGCg<\/td><td>450 mg<\/td><td>-<\/td><\/tr><tr><td>Sinkki<\/td><td>1,5 mg<\/td><td>15 %<\/td><\/tr><tr><td>Tiamiini (B1-vitamiini)<\/td><td>0,165 mg<\/td><td>15 %<\/td><\/tr><tr><td>D3-vitamiini<\/td><td>0,75 \u00b5g<\/td><td>15 %<\/td><\/tr><\/tbody><\/table><\/figure>\n\n\n\n<p>*RMV - ravitsemuksellinen viitearvo<br>**RMV ei m\u00e4\u00e4ritetty<\/p>\n\n\n\n<p><a href=\"https:\/\/drive.google.com\/file\/d\/1bzjBLXmjG3HkWPht77CFcVXNNFDqzh2o\/view\" target=\"_blank\" rel=\"noreferrer noopener\">COA-todistus<\/a><\/p>\n\n\n\n<p>Etsitk\u00f6 lis\u00e4\u00e4? Katso kaikki <a href=\"\/fi\/tuoteselosteet\/l-cell\/\">L Cell-alue<\/a>.<\/p>","protected":false},"excerpt":{"rendered":"<p data-start=\"163\" data-end=\"243\"><strong data-start=\"167\" data-end=\"243\">L Cell EGCg - vahva kasvinsuojelu soluillesi, syd\u00e4mellesi ja mielellesi.\u00a0<\/strong><strong data-start=\"245\" data-end=\"261\">L Cell EGCg\u00ae<\/strong> - on tiivistetty kaava vihre\u00e4n teen uutetta, jossa on yli 90 % epigallokatekiinigallaattia (EGCg), joka on yksi tehokkaimmista luonnollisista antioksidanteista. T\u00e4m\u00e4 yhdiste auttaa suojaamaan elimist\u00f6\u00e4 hapetusstressilt\u00e4, tukee kognitiivisia toimintoja, vahvistaa immuunij\u00e4rjestelm\u00e4\u00e4 ja est\u00e4\u00e4 tulehdusprosesseja solutasolla. EGCg yhdistet\u00e4\u00e4n usein pitk\u00e4ik\u00e4isyyteen ja yleiseen hyvinvointiin auttamalla suojaamaan syd\u00e4nt\u00e4, stimuloimaan energia-aineenvaihduntaa ja s\u00e4\u00e4telem\u00e4\u00e4n immuunivastetta. Se on erinomainen valinta niille, jotka etsiv\u00e4t luonnollista, mutta tieteellisesti perusteltua p\u00e4ivitt\u00e4ist\u00e4 tukea. <\/p>\n<p><strong data-start=\"851\" data-end=\"875\">Miksi valita:<br \/><\/strong>\u2714\ufe0f 450 mg EGCg per annos - poikkeuksellisen korkea pitoisuus.<br data-start=\"944\" data-end=\"947\" \/>\u2714\ufe0f Voimakas antioksidantti ja tulehduksen modulaattori.<br data-start=\"998\" data-end=\"1001\" \/>\u2714\ufe0f Tukee kognitiivisia, hermostollisia ja syd\u00e4men toimintoja.<br data-start=\"1061\" data-end=\"1064\" \/>\u2714\ufe0f Toimii senomorfisena - tukee solujen vastustuskyky\u00e4 ja tervett\u00e4 ik\u00e4\u00e4ntymist\u00e4.<br data-start=\"1139\" data-end=\"1142\" \/>\u2714\ufe0f Luonnolliset, GMO-vapaat ja synteettiset lis\u00e4aineet.<br data-start=\"1183\" data-end=\"1186\" \/>\u2714\ufe0f Sopii vegaaneille - puhtaat, kasvipohjaiset ainesosat.<br data-start=\"1229\" data-end=\"1232\" \/>\u2714\ufe0f Laboratoriossa testattu puhtaus ja turvallisuus<br data-start=\"1282\" data-end=\"1285\" \/>\u2714\ufe0f 60+ p\u00e4iv\u00e4n annokset - kustannustehokas ja tehokas ratkaisu.<\/p>\n<p><strong>Toimitus Liettuassa:<\/strong> 2-3 ty\u00f6p\u00e4iv\u00e4\u00e4.<\/p>","protected":false},"featured_media":31872,"comment_status":"open","ping_status":"closed","template":"","meta":{"_acf_changed":false},"product_brand":[433],"product_cat":[122,251,257,259,123,256,258],"product_tag":[],"class_list":{"0":"post-31842","1":"product","2":"type-product","3":"status-publish","4":"has-post-thumbnail","6":"product_brand-l-cell","7":"product_cat-lasteliu-jaunystei","8":"product_cat-antioksidantai","9":"product_cat-atmintis-ir-demesys","10":"product_cat-nuotaika-ir-stresas","11":"product_cat-papildai-ilgaamziskumui","12":"product_cat-smegenims-ir-atminciai","13":"product_cat-smegenu-apsauga","15":"first","16":"instock","17":"shipping-taxable","18":"purchasable","19":"product-type-simple"},"acf":[],"tiered_pricing_type":"fixed","tiered_pricing_fixed_rules":[],"tiered_pricing_product_settings":{"layout":"default","base_unit_name":{"singular":null,"plural":null},"default_variation":null},"tiered_pricing_minimum_quantity":null,"tiered_pricing_roles_data":[],"tiered_pricing_percentage_rules":[],"_links":{"self":[{"href":"https:\/\/purama.lt\/fi\/wp-json\/wp\/v2\/product\/31842","targetHints":{"allow":["GET"]}}],"collection":[{"href":"https:\/\/purama.lt\/fi\/wp-json\/wp\/v2\/product"}],"about":[{"href":"https:\/\/purama.lt\/fi\/wp-json\/wp\/v2\/types\/product"}],"replies":[{"embeddable":true,"href":"https:\/\/purama.lt\/fi\/wp-json\/wp\/v2\/comments?post=31842"}],"wp:featuredmedia":[{"embeddable":true,"href":"https:\/\/purama.lt\/fi\/wp-json\/wp\/v2\/media\/31872"}],"wp:attachment":[{"href":"https:\/\/purama.lt\/fi\/wp-json\/wp\/v2\/media?parent=31842"}],"wp:term":[{"taxonomy":"product_brand","embeddable":true,"href":"https:\/\/purama.lt\/fi\/wp-json\/wp\/v2\/product_brand?post=31842"},{"taxonomy":"product_cat","embeddable":true,"href":"https:\/\/purama.lt\/fi\/wp-json\/wp\/v2\/product_cat?post=31842"},{"taxonomy":"product_tag","embeddable":true,"href":"https:\/\/purama.lt\/fi\/wp-json\/wp\/v2\/product_tag?post=31842"}],"curies":[{"name":"wp","href":"https:\/\/api.w.org\/{rel}","templated":true}]}}