{"id":31841,"date":"2025-01-20T19:28:42","date_gmt":"2025-01-20T19:28:42","guid":{"rendered":"https:\/\/purama.lt\/produktas\/l-cell-egcg-450mg-kapsules-60-vnt\/"},"modified":"2026-04-03T15:07:51","modified_gmt":"2026-04-03T13:07:51","slug":"l-solu-egcg-450mg-kapselit-60-kpl","status":"publish","type":"product","link":"https:\/\/purama.lt\/fi\/produktas\/l-cell-egcg-450mg-kapsules-60-vnt\/","title":{"rendered":"L Cell EGCg (450mg kapselit, 60 kpl)"},"content":{"rendered":"<p><strong>Kulutus:<\/strong> 1 kapseli p\u00e4iv\u00e4ss\u00e4 mihin aikaan p\u00e4iv\u00e4st\u00e4 tahansa vesilasillisen kera.<\/p>\n\n\n\n<hr class=\"wp-block-separator has-alpha-channel-opacity\"\/>\n\n\n\n<p><strong>Ainesosat:<\/strong> Vihre\u00e4 teeuute (\u226590 % EGCg), kapselikuori (hypromelloosi), sinkkiglukonaatti, tiamiinihydrokloridi, kolekalsiferoli.<\/p>\n\n\n\n<hr class=\"wp-block-separator has-alpha-channel-opacity\"\/>\n\n\n\n<p><strong>Ravintoarvo<\/strong> (1 kapseli):<\/p>\n\n\n\n<figure class=\"wp-block-table\"><table class=\"has-fixed-layout\"><thead><tr><th><strong>Ravinteet<\/strong><\/th><th><strong>M\u00e4\u00e4r\u00e4<\/strong><\/th><th><strong>% RMV*<\/strong><\/th><\/tr><\/thead><tbody><tr><td>Vihre\u00e4n teen uute<\/td><td>500 mg<\/td><td>-<\/td><\/tr><tr><td>...josta EGCg<\/td><td>450 mg<\/td><td>-<\/td><\/tr><tr><td>Sinkki<\/td><td>1,5 mg<\/td><td>15 %<\/td><\/tr><tr><td>Tiamiini (B1-vitamiini)<\/td><td>0,165 mg<\/td><td>15 %<\/td><\/tr><tr><td>D3-vitamiini<\/td><td>0,75 \u00b5g<\/td><td>15 %<\/td><\/tr><\/tbody><\/table><\/figure>\n\n\n\n<p>*RMV - ravitsemuksellinen viitearvo<br>**RMV ei m\u00e4\u00e4ritetty<\/p>\n\n\n\n<p><a href=\"https:\/\/drive.google.com\/file\/d\/1bzjBLXmjG3HkWPht77CFcVXNNFDqzh2o\/view\" target=\"_blank\" rel=\"noreferrer noopener\">COA-todistus<\/a><\/p>\n\n\n\n<p>Etsitk\u00f6 lis\u00e4\u00e4? Katso kaikki <a href=\"\/fi\/tuoteselosteet\/l-cell\/\">L Cell-alue<\/a>.<\/p>","protected":false},"excerpt":{"rendered":"<p data-start=\"163\" data-end=\"241\"><strong data-start=\"167\" data-end=\"241\">L Cell EGCg - kehittynyt antioksidanttisuoja soluillesi ja mielellesi.\u00a0<\/strong><strong data-start=\"243\" data-end=\"259\">L Cell EGCg\u00ae<\/strong> - on korkea pitoisuus epigallokatekiinigallaattia (EGCg), joka on per\u00e4isin vihre\u00e4n teen uutteesta. Jokainen kapseli sis\u00e4lt\u00e4\u00e4 yht\u00e4 paljon kuin <strong data-start=\"395\" data-end=\"410\">450 mg EGCg<\/strong>, joka tukee elimist\u00f6n luonnollista puolustuskyky\u00e4 hapetusstressi\u00e4 vastaan, s\u00e4\u00e4telee tulehdusprosesseja ja edist\u00e4\u00e4 tervett\u00e4 ik\u00e4\u00e4ntymist\u00e4. EGCg ei toimi ainoastaan solutasolla, vaan se auttaa my\u00f6s yll\u00e4pit\u00e4m\u00e4\u00e4n normaaleja kognitiivisia toimintoja, emotionaalista tasapainoa ja syd\u00e4n- ja verisuonitoimintoja. Se on yksi tehokkaimmista luonnollisista antioksidanteista. <\/p>\n<p><strong data-start=\"880\" data-end=\"904\">Miksi valita:<br \/><\/strong>\u2714\ufe0f 450 mg EGCg per kapseli - korkea pitoisuus luonnollisesta l\u00e4hteest\u00e4.<br data-start=\"984\" data-end=\"987\" \/>\u2714\ufe0f Toimii voimakkaana antioksidanttina ja tulehduksen modulaattorina.<br data-start=\"1050\" data-end=\"1053\" \/>\u2714\ufe0f Tukee henkist\u00e4 suorituskyky\u00e4, emotionaalista tasapainoa ja syd\u00e4men toimintaa.<br data-start=\"1115\" data-end=\"1118\" \/>\u2714\ufe0f Senomorfinen vaikutus - tukee tervett\u00e4 ik\u00e4\u00e4ntymist\u00e4.<br data-start=\"1176\" data-end=\"1179\" \/>\u2714\ufe0f &gt;90 %-puhtaus vihre\u00e4st\u00e4 teeuutteesta.<br data-start=\"1227\" data-end=\"1230\" \/>\u2714\ufe0f Sopii vegaaneille - ei el\u00e4inper\u00e4isi\u00e4 aineita.<br data-start=\"1278\" data-end=\"1281\" \/>\u2714\ufe0f Laboratoriossa testattu puhtaus ja turvallisuus<br data-start=\"1329\" data-end=\"1332\" \/>\u2714\ufe0f Ei muuntogeenisi\u00e4 organismeja, s\u00e4il\u00f6nt\u00e4aineita, makuaineita tai allergeeneja.<\/p>\n<p><strong>Toimitus Liettuassa:<\/strong> 2-3 ty\u00f6p\u00e4iv\u00e4\u00e4.<\/p>","protected":false},"featured_media":31884,"comment_status":"open","ping_status":"closed","template":"","meta":{"_acf_changed":false},"product_brand":[433],"product_cat":[122,253,252,255,123,254],"product_tag":[],"class_list":{"0":"post-31841","1":"product","2":"type-product","3":"status-publish","4":"has-post-thumbnail","6":"product_brand-l-cell","7":"product_cat-lasteliu-jaunystei","8":"product_cat-imuniteto-palaikymas","9":"product_cat-imunitetui","10":"product_cat-oksidacinio-streso-mazinimas","11":"product_cat-papildai-ilgaamziskumui","12":"product_cat-uzdegimo-mazinimas","14":"first","15":"instock","16":"shipping-taxable","17":"purchasable","18":"product-type-simple"},"acf":[],"tiered_pricing_type":"fixed","tiered_pricing_fixed_rules":[],"tiered_pricing_product_settings":{"layout":"default","base_unit_name":{"singular":null,"plural":null},"default_variation":null},"tiered_pricing_minimum_quantity":null,"tiered_pricing_roles_data":[],"tiered_pricing_percentage_rules":[],"_links":{"self":[{"href":"https:\/\/purama.lt\/fi\/wp-json\/wp\/v2\/product\/31841","targetHints":{"allow":["GET"]}}],"collection":[{"href":"https:\/\/purama.lt\/fi\/wp-json\/wp\/v2\/product"}],"about":[{"href":"https:\/\/purama.lt\/fi\/wp-json\/wp\/v2\/types\/product"}],"replies":[{"embeddable":true,"href":"https:\/\/purama.lt\/fi\/wp-json\/wp\/v2\/comments?post=31841"}],"wp:featuredmedia":[{"embeddable":true,"href":"https:\/\/purama.lt\/fi\/wp-json\/wp\/v2\/media\/31884"}],"wp:attachment":[{"href":"https:\/\/purama.lt\/fi\/wp-json\/wp\/v2\/media?parent=31841"}],"wp:term":[{"taxonomy":"product_brand","embeddable":true,"href":"https:\/\/purama.lt\/fi\/wp-json\/wp\/v2\/product_brand?post=31841"},{"taxonomy":"product_cat","embeddable":true,"href":"https:\/\/purama.lt\/fi\/wp-json\/wp\/v2\/product_cat?post=31841"},{"taxonomy":"product_tag","embeddable":true,"href":"https:\/\/purama.lt\/fi\/wp-json\/wp\/v2\/product_tag?post=31841"}],"curies":[{"name":"wp","href":"https:\/\/api.w.org\/{rel}","templated":true}]}}