{"id":31839,"date":"2025-01-20T19:28:41","date_gmt":"2025-01-20T19:28:41","guid":{"rendered":"https:\/\/purama.lt\/produktas\/l-cell-hidrolizuoti-kolageno-peptidai-milteliai-300g\/"},"modified":"2026-04-29T14:17:53","modified_gmt":"2026-04-29T12:17:53","slug":"l-cell-hydrolysoitu-kollageeni-peptidit-jauhe-300g","status":"publish","type":"product","link":"https:\/\/purama.lt\/fi\/produktas\/l-cell-hidrolizuoti-kolageno-peptidai-milteliai-300g\/","title":{"rendered":"L Cell Hydrolysoidut kollageenipeptidit"},"content":{"rendered":"<p><strong>Kulutus:<\/strong> K\u00e4yt\u00e4 sen j\u00e4lkeen, kun <strong>4 teelusikallista (noin 10 g)<\/strong> aamulla, aterioiden j\u00e4lkeen. Sekoita veteen, mehuun tai suosikkijuomaasi ja juo.<\/p>\n\n\n\n<hr class=\"wp-block-separator has-alpha-channel-opacity\" \/>\n\n\n\n<p><strong>Ainesosat:<\/strong> Hydrolysoidut merikollageenipeptidit (tyyppi I, II, III), sinkkiglukonaatti, kolekalsiferoli.<\/p>\n\n\n\n<hr class=\"wp-block-separator has-alpha-channel-opacity\" \/>\n\n\n\n<p><strong>Ravintoarvo<\/strong> (4 teelusikallista):<\/p>\n\n\n\n<figure class=\"wp-block-table\"><table class=\"has-fixed-layout\"><thead><tr><th><strong>Ravinteet<\/strong><\/th><th><strong>M\u00e4\u00e4r\u00e4<\/strong><\/th><th><strong>% RMV*<\/strong><\/th><\/tr><\/thead><tbody><tr><td>Hydrolysoitu kollageeni<\/td><td>10 g<\/td><td>-<\/td><\/tr><tr><td>Sinkki<\/td><td>1,5 mg<\/td><td>15 %<\/td><\/tr><tr><td>D3-vitamiini<\/td><td>0,75 \u00b5g<\/td><td>15 %<\/td><\/tr><\/tbody><\/table><\/figure>\n\n\n\n<p>*RMV - ravitsemuksellinen viitearvo<br>**RMV ei m\u00e4\u00e4ritetty<\/p>\n\n\n\n<p><a href=\"https:\/\/drive.google.com\/file\/d\/1FlpIlljpDMpY-UdPjOs-GXfEjpj7fa2q\/view\" target=\"_blank\" rel=\"noreferrer noopener\">COA-todistus<\/a><\/p>\n\n\n\n<p>Etsitk\u00f6 lis\u00e4\u00e4? Katso kaikki <a href=\"\/fi\/tuoteselosteet\/l-cell\/\">L Cell-alue<\/a>.<\/p>\n\n\n\n<p>Lue lis\u00e4\u00e4 kollageenista <a href=\"\/fi\/kolagenas-gidas\/\">kollageenioppaat<\/a>.<\/p>","protected":false},"excerpt":{"rendered":"<p data-start=\"165\" data-end=\"249\"><strong data-start=\"169\" data-end=\"249\">L Cell Kollageenipeptidit - sis\u00e4ist\u00e4 voimaa iholle, nivelille ja kauneudelle.\u00a0<\/strong><strong data-start=\"251\" data-end=\"292\">L Cell Hydrolysoidut kollageenipeptidit\u00ae<\/strong> kaava on korkealaatuinen <strong data-start=\"328\" data-end=\"367\">Merikollageenityypit I, II ja III<\/strong>, Kehitetty auttamaan ihon kimmoisuuden palauttamisessa, yll\u00e4pit\u00e4m\u00e4\u00e4n nivelten joustavuutta ja vahvistamaan hiusten ja kynsien rakennetta. T\u00e4lle kollageenin konsentroidulle muodolle on ominaista erinomainen imeytyminen, neutraali maku ja korkea biologinen hy\u00f6tyosuus. Se ei ole vain kauneudenhoitoratkaisu, vaan my\u00f6s liikkumisvapauden yll\u00e4pit\u00e4miseksi - erityisen t\u00e4rke\u00e4\u00e4 niille, jotka k\u00e4rsiv\u00e4t nivelvaivoista, tulehdusprosesseista tai jotka haluavat yll\u00e4pit\u00e4\u00e4 vahvaa luustoa. S\u00e4\u00e4nn\u00f6llinen k\u00e4ytt\u00f6 edist\u00e4\u00e4 kehon kokonaisvaltaista hyvinvointia - sis\u00e4lt\u00e4p\u00e4in. <\/p>\n<p><strong data-start=\"878\" data-end=\"902\"> Miksi valita:<br \/><\/strong>\u2714\ufe0f 10 g merikollageenia annosta kohti - suuri ja tehokas annos.<br data-start=\"974\" data-end=\"977\" \/>\u2714\ufe0f Tukee ihoa, kynsi\u00e4, hiuksia ja niveli\u00e4.<br data-start=\"1023\" data-end=\"1026\" \/>\u2714\ufe0f Kollageenikompleksi tyyppi I, II ja III - kokonaisvaltainen vaikutus.<br data-start=\"1090\" data-end=\"1093\" \/>\u2714\ufe0f Valmistettu kalasta - biosaatavampi kuin naudanlihasta.<br data-start=\"1163\" data-end=\"1166\" \/>\u2714\ufe0f Ei kalan hajua - helppo sekoittaa ja neutraali maku.<br data-start=\"1224\" data-end=\"1227\" \/>\u2714\ufe0f Sopii kasvissy\u00f6jille* - ilman liivatetta, maitotuotteita tai muita el\u00e4inper\u00e4isi\u00e4 lis\u00e4aineita.<br data-start=\"1294\" data-end=\"1297\" \/>\u2714\ufe0f Ei muuntogeenisi\u00e4 organismeja, v\u00e4rej\u00e4, makuja tai allergeeneja.<br data-start=\"1347\" data-end=\"1350\" \/>\u2714\ufe0f Laboratoriossa testattu puhtaus ja turvallisuus<\/p>","protected":false},"featured_media":47652,"comment_status":"open","ping_status":"closed","template":"","meta":{"_acf_changed":false},"product_brand":[433],"product_cat":[123,57,279,273,274,275],"product_tag":[],"class_list":{"0":"post-31839","1":"product","2":"type-product","3":"status-publish","4":"has-post-thumbnail","6":"product_brand-l-cell","7":"product_cat-papildai-ilgaamziskumui","8":"product_cat-akcijos","9":"product_cat-kaulams-ir-sanariams","10":"product_cat-odai-plaukams-nagams","11":"product_cat-odos-jaunyste","12":"product_cat-plauku-ir-nagu-prieziura","14":"first","15":"outofstock","16":"sale","17":"shipping-taxable","18":"purchasable","19":"product-type-simple"},"acf":[],"tiered_pricing_type":"fixed","tiered_pricing_fixed_rules":[],"tiered_pricing_product_settings":{"layout":"default","base_unit_name":{"singular":null,"plural":null},"default_variation":null},"tiered_pricing_minimum_quantity":null,"tiered_pricing_roles_data":[],"tiered_pricing_percentage_rules":[],"_links":{"self":[{"href":"https:\/\/purama.lt\/fi\/wp-json\/wp\/v2\/product\/31839","targetHints":{"allow":["GET"]}}],"collection":[{"href":"https:\/\/purama.lt\/fi\/wp-json\/wp\/v2\/product"}],"about":[{"href":"https:\/\/purama.lt\/fi\/wp-json\/wp\/v2\/types\/product"}],"replies":[{"embeddable":true,"href":"https:\/\/purama.lt\/fi\/wp-json\/wp\/v2\/comments?post=31839"}],"wp:featuredmedia":[{"embeddable":true,"href":"https:\/\/purama.lt\/fi\/wp-json\/wp\/v2\/media\/47652"}],"wp:attachment":[{"href":"https:\/\/purama.lt\/fi\/wp-json\/wp\/v2\/media?parent=31839"}],"wp:term":[{"taxonomy":"product_brand","embeddable":true,"href":"https:\/\/purama.lt\/fi\/wp-json\/wp\/v2\/product_brand?post=31839"},{"taxonomy":"product_cat","embeddable":true,"href":"https:\/\/purama.lt\/fi\/wp-json\/wp\/v2\/product_cat?post=31839"},{"taxonomy":"product_tag","embeddable":true,"href":"https:\/\/purama.lt\/fi\/wp-json\/wp\/v2\/product_tag?post=31839"}],"curies":[{"name":"wp","href":"https:\/\/api.w.org\/{rel}","templated":true}]}}