{"id":31838,"date":"2025-01-20T19:28:41","date_gmt":"2025-01-20T19:28:41","guid":{"rendered":"https:\/\/purama.lt\/produktas\/l-cell-caakg-milteliai-48g\/"},"modified":"2026-04-29T14:16:28","modified_gmt":"2026-04-29T12:16:28","slug":"l-cell-caakg-jauhe-48g","status":"publish","type":"product","link":"https:\/\/purama.lt\/fi\/produktas\/l-cell-caakg-milteliai-48g\/","title":{"rendered":"L Cell CaAKG (jauhe, 48g)"},"content":{"rendered":"<p><strong>Kulutus:<\/strong> K\u00e4yt\u00e4 sen j\u00e4lkeen, kun <strong>2 kauhallista<\/strong> Sinut on kaiverrettu. Mieluiten ennen aterioita, mutta herkemmille vatsoille my\u00f6s aterioiden j\u00e4lkeen. Sekoita veteen tai muuhun nesteeseen ja juo.<\/p>\n\n\n\n<hr class=\"wp-block-separator has-alpha-channel-opacity\" \/>\n\n\n\n<p><strong>Ainesosat:<\/strong> Kalsium-alfa-ketoglutaraatti, sinkkiglukonaatti.<\/p>\n\n\n\n<hr class=\"wp-block-separator has-alpha-channel-opacity\" \/>\n\n\n\n<p><strong>Ravintoarvo<\/strong> (2 kauhallista):<\/p>\n\n\n\n<figure class=\"wp-block-table\"><table class=\"has-fixed-layout\"><thead><tr><th><strong>Ravinteet<\/strong><\/th><th><strong>M\u00e4\u00e4r\u00e4<\/strong><\/th><th><strong>% RMV*<\/strong><\/th><\/tr><\/thead><tbody><tr><td>Kalsium-alfa-ketoglutaraatti<\/td><td>800 mg<\/td><td>-<\/td><\/tr><tr><td>Sinkki<\/td><td>1,5 mg<\/td><td>15 %<\/td><\/tr><\/tbody><\/table><\/figure>\n\n\n\n<p>*RMV - ravitsemuksellinen viitearvo<br>**RMV ei m\u00e4\u00e4ritetty<\/p>\n\n\n\n<p><strong>Aloittelijan opas:<\/strong> Rationaalisen alun ja luettelon 5 parhaasta pitk\u00e4ik\u00e4isyyslis\u00e4st\u00e4 vuodelle 2026 l\u00f6yd\u00e4t t\u00e4\u00e4lt\u00e4: <a href=\"https:\/\/purama.lt\/fi\/pitkaikaisyys-lisaravinteet-aloittelijoille-2026\/\">Top 5 pitk\u00e4ik\u00e4isyyslis\u00e4\u00e4 aloittelijoille vuonna 2026: mist\u00e4 aloittaa?<\/a><\/p>\n\n\n\n<p>Etsitk\u00f6 lis\u00e4\u00e4? Katso kaikki <a href=\"\/fi\/tuoteselosteet\/l-cell\/\">L Cell-alue<\/a>.<\/p>","protected":false},"excerpt":{"rendered":"<p data-start=\"146\" data-end=\"234\"><strong data-start=\"150\" data-end=\"234\">L Cell CaAKG - solujen uusiutumiseen, luun lujuuteen ja pitk\u00e4aikaiseen hyvinvointiin.\u00a0<\/strong><strong data-start=\"236\" data-end=\"253\">L Cell CaAKG\u00ae<\/strong> - se on kehittynyt <strong data-start=\"268\" data-end=\"297\">kalsium-alfa-ketoglutaraatti<\/strong> kaava, joka on suunniteltu tukemaan solujen terveytt\u00e4, luuston ja suoliston toimintaa. T\u00e4m\u00e4 yhdiste on yksi t\u00e4rkeimmist\u00e4 autofagian modulaattoreista, joka edist\u00e4\u00e4 vaurioituneiden solukomponenttien \u201ekierr\u00e4tyst\u00e4\u201c ja yll\u00e4pit\u00e4\u00e4 tervett\u00e4 aineenvaihduntaa, mik\u00e4 on erityisen t\u00e4rke\u00e4\u00e4 ik\u00e4\u00e4ntymisen ehk\u00e4isemiseksi. Lis\u00e4ksi CaAKG edist\u00e4\u00e4 <strong data-start=\"597\" data-end=\"655\">luiden, hampaiden ja nivelten normaalin rakenteen yll\u00e4pit\u00e4minen.<\/strong>sek\u00e4 <strong data-start=\"666\" data-end=\"697\">ruoansulatusentsyymien aktiivisuus<\/strong>, Ihon, hiusten ja kynsien terveyden kannalta se on t\u00e4ydellinen valinta, jos haluat pysy\u00e4 aktiivisena, el\u00e4\u00e4 pidemp\u00e4\u00e4n ja voida paremmin.<\/p>\n<p data-start=\"836\" data-end=\"864\"><strong data-start=\"840\" data-end=\"864\">Miksi valita:<br \/><\/strong>\u2714\ufe0f 800 mg CaAKG:t\u00e4 annosta kohti - tehokas p\u00e4ivitt\u00e4inen annos.<br data-start=\"926\" data-end=\"929\" \/>\u2714\ufe0f Edist\u00e4\u00e4 solujen uusiutumista ja tervett\u00e4 ik\u00e4\u00e4ntymist\u00e4 (autofagian modulaattori).<br data-start=\"1009\" data-end=\"1012\" \/>\u2714\ufe0f Tukee luuston, nivelten, hampaiden ja ruoansulatuskanavan toimintaa.<br data-start=\"1068\" data-end=\"1071\" \/>\u2714\ufe0f Hy\u00f6dyllisi\u00e4 vaikutuksia ihoon, hiuksiin ja kynsiin.<br data-start=\"1110\" data-end=\"1113\" \/>\u2714\ufe0f &gt;98 %-puhtaus - ei tarpeettomia lis\u00e4aineita.<br data-start=\"1155\" data-end=\"1158\" \/>\u2714\ufe0f Sopii vegaaneille - kasvipohjainen kaava<br data-start=\"1202\" data-end=\"1205\" \/>\u2714\ufe0f Ei muuntogeenisi\u00e4 organismeja, allergeeneja, maku- tai s\u00e4il\u00f6nt\u00e4aineita.<br data-start=\"1258\" data-end=\"1261\" \/>\u2714\ufe0f Farmaseuttinen valmistus ja laadunvalvonta<\/p>\n<p><strong>Toimitus Liettuassa:<\/strong> 2-3 ty\u00f6p\u00e4iv\u00e4\u00e4.<\/p>","protected":false},"featured_media":31883,"comment_status":"open","ping_status":"closed","template":"","meta":{"_acf_changed":false},"product_brand":[433],"product_cat":[123,279,280,273,274],"product_tag":[],"class_list":{"0":"post-31838","1":"product","2":"type-product","3":"status-publish","4":"has-post-thumbnail","6":"product_brand-l-cell","7":"product_cat-papildai-ilgaamziskumui","8":"product_cat-kaulams-ir-sanariams","9":"product_cat-kaulu-stiprinimas","10":"product_cat-odai-plaukams-nagams","11":"product_cat-odos-jaunyste","13":"first","14":"outofstock","15":"shipping-taxable","16":"purchasable","17":"product-type-simple"},"acf":[],"tiered_pricing_type":"fixed","tiered_pricing_fixed_rules":[],"tiered_pricing_product_settings":{"layout":"default","base_unit_name":{"singular":null,"plural":null},"default_variation":null},"tiered_pricing_minimum_quantity":null,"tiered_pricing_roles_data":[],"tiered_pricing_percentage_rules":[],"_links":{"self":[{"href":"https:\/\/purama.lt\/fi\/wp-json\/wp\/v2\/product\/31838","targetHints":{"allow":["GET"]}}],"collection":[{"href":"https:\/\/purama.lt\/fi\/wp-json\/wp\/v2\/product"}],"about":[{"href":"https:\/\/purama.lt\/fi\/wp-json\/wp\/v2\/types\/product"}],"replies":[{"embeddable":true,"href":"https:\/\/purama.lt\/fi\/wp-json\/wp\/v2\/comments?post=31838"}],"wp:featuredmedia":[{"embeddable":true,"href":"https:\/\/purama.lt\/fi\/wp-json\/wp\/v2\/media\/31883"}],"wp:attachment":[{"href":"https:\/\/purama.lt\/fi\/wp-json\/wp\/v2\/media?parent=31838"}],"wp:term":[{"taxonomy":"product_brand","embeddable":true,"href":"https:\/\/purama.lt\/fi\/wp-json\/wp\/v2\/product_brand?post=31838"},{"taxonomy":"product_cat","embeddable":true,"href":"https:\/\/purama.lt\/fi\/wp-json\/wp\/v2\/product_cat?post=31838"},{"taxonomy":"product_tag","embeddable":true,"href":"https:\/\/purama.lt\/fi\/wp-json\/wp\/v2\/product_tag?post=31838"}],"curies":[{"name":"wp","href":"https:\/\/api.w.org\/{rel}","templated":true}]}}