{"id":31837,"date":"2025-01-20T19:28:41","date_gmt":"2025-01-20T19:28:41","guid":{"rendered":"https:\/\/purama.lt\/produktas\/l-cell-caakg-350mg-kapsules-60-vnt\/"},"modified":"2026-04-03T15:11:37","modified_gmt":"2026-04-03T13:11:37","slug":"l-solu-caakg-350mg-kapselit-60-kpl","status":"publish","type":"product","link":"https:\/\/purama.lt\/fi\/produktas\/l-cell-caakg-350mg-kapsules-60-vnt\/","title":{"rendered":"L Cell CaAKG (350mg kapselit, 60 kpl)"},"content":{"rendered":"<p><strong>Kulutus:<\/strong> 2 kapselia aamulla, mieluiten ennen ateriaa, lasillisen veden kera.<\/p>\n\n\n\n<hr class=\"wp-block-separator has-alpha-channel-opacity\"\/>\n\n\n\n<p><strong>Ainesosat:<\/strong> Kalsium-alfa-ketoglutaraatti, kapselikuori (hypromelloosi), sinkkiglukonaatti.<\/p>\n\n\n\n<hr class=\"wp-block-separator has-alpha-channel-opacity\"\/>\n\n\n\n<p><strong>Ravintoarvo<\/strong> (2 kapselia):<\/p>\n\n\n\n<figure class=\"wp-block-table\"><table class=\"has-fixed-layout\"><thead><tr><th><strong>Ravinteet<\/strong><\/th><th><strong>M\u00e4\u00e4r\u00e4<\/strong><\/th><th><strong>% RMV*<\/strong><\/th><\/tr><\/thead><tbody><tr><td>Kalsium-alfa-ketoglutaraatti<\/td><td>700 mg<\/td><td>-<\/td><\/tr><tr><td>Sinkki<\/td><td>1,5 mg<\/td><td>15 %<\/td><\/tr><\/tbody><\/table><\/figure>\n\n\n\n<p>*RMV - ravitsemuksellinen viitearvo<br>**RMV ei m\u00e4\u00e4ritetty<\/p>\n\n\n\n<p><strong>Aloittelijan opas:<\/strong> Rationaalisen alun ja luettelon 5 parhaasta pitk\u00e4ik\u00e4isyyslis\u00e4st\u00e4 vuodelle 2026 l\u00f6yd\u00e4t t\u00e4\u00e4lt\u00e4: <a href=\"https:\/\/purama.lt\/fi\/pitkaikaisyys-lisaravinteet-aloittelijoille-2026\/\">Top 5 pitk\u00e4ik\u00e4isyyslis\u00e4\u00e4 aloittelijoille vuonna 2026: mist\u00e4 aloittaa?<\/a><\/p>\n\n\n\n<p>Etsitk\u00f6 lis\u00e4\u00e4? Katso kaikki <a href=\"\/fi\/tuoteselosteet\/l-cell\/\">L Cell-alue<\/a>.<\/p>","protected":false},"excerpt":{"rendered":"<p data-start=\"171\" data-end=\"243\"><strong data-start=\"175\" data-end=\"243\">L Cell CaAKG - kaava solujen uudistamiseen ja luun lujuuteen. <\/strong><strong data-start=\"245\" data-end=\"262\">L Cell CaAKG\u00ae<\/strong> - se on kehittynyt <strong data-start=\"277\" data-end=\"306\">kalsium-alfa-ketoglutaraatti<\/strong> kapselimuodossa p\u00e4ivitt\u00e4iseen sis\u00e4iseen tukeen keholle. T\u00e4m\u00e4 yhdiste auttaa yll\u00e4pit\u00e4m\u00e4\u00e4n luuston, nivelten ja hampaiden terveytt\u00e4, tukee suoliston entsymaattista toimintaa ja edist\u00e4\u00e4 solujen uudistumista autofagian avulla. CaAKG:st\u00e4 on tulossa yh\u00e4 yleisempi valinta niiden keskuudessa, jotka etsiv\u00e4t pitk\u00e4ik\u00e4isyytt\u00e4, solusuojaa ja parempaa yleist\u00e4 hyvinvointia - luonnollinen ratkaisu, joka tukee sek\u00e4 ulkoista kauneutta ett\u00e4 sis\u00e4ist\u00e4 tasapainoa. <\/p>\n<p><strong data-start=\"747\" data-end=\"771\">Miksi valita:<br \/><\/strong>\u2714\ufe0f 700 mg CaAKG:t\u00e4 annosta kohti - tehokas, tieteellisesti todistettu annos.<br data-start=\"835\" data-end=\"838\" \/>\u2714\ufe0f Edist\u00e4\u00e4 solujen \u201epuhdistumista\u201c ja tervett\u00e4 ik\u00e4\u00e4ntymist\u00e4.<br data-start=\"889\" data-end=\"892\" \/>\u2714\ufe0f Tukee luuta, hampaita ja niveli\u00e4<br data-start=\"932\" data-end=\"935\" \/>\u2714\ufe0f Edist\u00e4\u00e4 ruoansulatusentsyymien normaalia toimintaa.<br data-start=\"991\" data-end=\"994\" \/>\u2714\ufe0f Auttaa yll\u00e4pit\u00e4m\u00e4\u00e4n ihon, hiusten ja kynsien elinvoimaisuutta.<br data-start=\"1046\" data-end=\"1049\" \/>\u2714\ufe0f &gt;98 %-puhtaus - ei tarpeettomia lis\u00e4aineita.<br data-start=\"1091\" data-end=\"1094\" \/>\u2714\ufe0f Sopii vegaaneille - HPMC-kapselit ilman gelatiinia.<br data-start=\"1140\" data-end=\"1143\" \/>\u2714\ufe0f Valmistettu farmaseuttisten laatustandardien mukaisesti<br data-start=\"1194\" data-end=\"1197\" \/>\u2714\ufe0f Ei muuntogeenisi\u00e4 organismeja, allergeeneja, keinotekoisia s\u00e4il\u00f6nt\u00e4aineita tai makuaineita.<\/p>\n<p><strong>Toimitus Liettuassa:<\/strong> 2-3 ty\u00f6p\u00e4iv\u00e4\u00e4.<\/p>","protected":false},"featured_media":31871,"comment_status":"open","ping_status":"closed","template":"","meta":{"_acf_changed":false},"product_brand":[433],"product_cat":[122,279,273,274,123],"product_tag":[],"class_list":{"0":"post-31837","1":"product","2":"type-product","3":"status-publish","4":"has-post-thumbnail","6":"product_brand-l-cell","7":"product_cat-lasteliu-jaunystei","8":"product_cat-kaulams-ir-sanariams","9":"product_cat-odai-plaukams-nagams","10":"product_cat-odos-jaunyste","11":"product_cat-papildai-ilgaamziskumui","13":"first","14":"instock","15":"shipping-taxable","16":"purchasable","17":"product-type-simple"},"acf":[],"tiered_pricing_type":"fixed","tiered_pricing_fixed_rules":[],"tiered_pricing_product_settings":{"layout":"default","base_unit_name":{"singular":null,"plural":null},"default_variation":null},"tiered_pricing_minimum_quantity":null,"tiered_pricing_roles_data":[],"tiered_pricing_percentage_rules":[],"_links":{"self":[{"href":"https:\/\/purama.lt\/fi\/wp-json\/wp\/v2\/product\/31837","targetHints":{"allow":["GET"]}}],"collection":[{"href":"https:\/\/purama.lt\/fi\/wp-json\/wp\/v2\/product"}],"about":[{"href":"https:\/\/purama.lt\/fi\/wp-json\/wp\/v2\/types\/product"}],"replies":[{"embeddable":true,"href":"https:\/\/purama.lt\/fi\/wp-json\/wp\/v2\/comments?post=31837"}],"wp:featuredmedia":[{"embeddable":true,"href":"https:\/\/purama.lt\/fi\/wp-json\/wp\/v2\/media\/31871"}],"wp:attachment":[{"href":"https:\/\/purama.lt\/fi\/wp-json\/wp\/v2\/media?parent=31837"}],"wp:term":[{"taxonomy":"product_brand","embeddable":true,"href":"https:\/\/purama.lt\/fi\/wp-json\/wp\/v2\/product_brand?post=31837"},{"taxonomy":"product_cat","embeddable":true,"href":"https:\/\/purama.lt\/fi\/wp-json\/wp\/v2\/product_cat?post=31837"},{"taxonomy":"product_tag","embeddable":true,"href":"https:\/\/purama.lt\/fi\/wp-json\/wp\/v2\/product_tag?post=31837"}],"curies":[{"name":"wp","href":"https:\/\/api.w.org\/{rel}","templated":true}]}}