{"id":31836,"date":"2025-01-20T19:28:41","date_gmt":"2025-01-20T19:28:41","guid":{"rendered":"https:\/\/purama.lt\/produktas\/l-cell-berberinas-milteliai-42g\/"},"modified":"2026-04-14T14:50:45","modified_gmt":"2026-04-14T12:50:45","slug":"l-solun-berberiinijauhe-42g","status":"publish","type":"product","link":"https:\/\/purama.lt\/fi\/produktas\/l-cell-berberinas-milteliai-42g\/","title":{"rendered":"L Cell Berberiini (jauhe, 42g)"},"content":{"rendered":"<p><strong>Kulutus:<\/strong> K\u00e4yt\u00e4 sen j\u00e4lkeen, kun <strong>2-3 kauhallista<\/strong> mihin aikaan p\u00e4iv\u00e4st\u00e4 tai y\u00f6st\u00e4 tahansa. Eritt\u00e4in kitker\u00e4n makunsa vuoksi sit\u00e4 suositellaan lis\u00e4tt\u00e4v\u00e4ksi suolaiseen ruokaan tai juomaan (esim. kasvisliemeen tai kasvissmoothieen).<\/p>\n\n\n\n<hr class=\"wp-block-separator has-alpha-channel-opacity\"\/>\n\n\n\n<p><strong>Ainesosat:<\/strong> Amurin korkkiuute (\u226598 % berberiini), sinkkiglukonaatti, tiamiinihydrokloridi.<\/p>\n\n\n\n<hr class=\"wp-block-separator has-alpha-channel-opacity\"\/>\n\n\n\n<p><strong>Ravintoarvo<\/strong> (2 kauhallista):<\/p>\n\n\n\n<figure class=\"wp-block-table\"><table class=\"has-fixed-layout\"><thead><tr><th><strong>Ravinteet<\/strong><\/th><th><strong>M\u00e4\u00e4r\u00e4<\/strong><\/th><th><strong>% RMV*<\/strong><\/th><\/tr><\/thead><tbody><tr><td>Amurin korkkiuute (98 % berberiini)<\/td><td>700 mg<\/td><td>-<\/td><\/tr><tr><td>Sinkki<\/td><td>1,5 mg<\/td><td>15 %<\/td><\/tr><tr><td>Tiamiini (B1-vitamiini)<\/td><td>0,165 mg<\/td><td>15 %<\/td><\/tr><\/tbody><\/table><\/figure>\n\n\n\n<p>*RMV - ravitsemuksellinen viitearvo<br>**RMV ei m\u00e4\u00e4ritetty<\/p>\n\n\n\n<p><a href=\"https:\/\/drive.google.com\/file\/d\/1SL1oCAkWBAnHTThUj769mxZyCqaB3sYh\/view\" target=\"_blank\" rel=\"noreferrer noopener\">COA-todistus<\/a><\/p>\n\n\n\n<p>Etsitk\u00f6 lis\u00e4\u00e4? Katso kaikki <a href=\"\/fi\/tuoteselosteet\/l-cell\/\">L Cell-alue<\/a>.<\/p>","protected":false},"excerpt":{"rendered":"<p data-start=\"127\" data-end=\"217\"><strong data-start=\"131\" data-end=\"217\">L Cell Berberine - aineenvaihdunnan tasapaino ja solujen uudistaminen yhdess\u00e4.\u00a0<\/strong><strong data-start=\"219\" data-end=\"240\">L Cell Berberiini\u00ae<\/strong> - on korkean konsentraation berberiinivalmiste, joka on valmistettu <strong data-start=\"302\" data-end=\"334\">Amurin korkkiuute<\/strong>, jota arvostetaan sen vaikutusten vuoksi aineenvaihduntaan, syd\u00e4men toimintaan ja solujen pitk\u00e4ik\u00e4isyyteen. T\u00e4m\u00e4 yhdiste auttaa s\u00e4\u00e4telem\u00e4\u00e4n hiilihydraatti- ja rasva-aineenvaihduntaa ja yll\u00e4pit\u00e4\u00e4 siten painonhallintaa ja energiatasapainoa. Berberiini toimii my\u00f6s <strong data-start=\"589\" data-end=\"618\">autofagian modulaattori<\/strong> - tukee solujen puhdistumista vaurioituneista komponenteista ja edist\u00e4\u00e4 tehokkaampaa aineenvaihduntaa. Se on erinomainen valinta niille, jotka haluavat parantaa aineenvaihdunnan terveytt\u00e4 ja tukea solujen elinvoimaisuutta luonnollisella tavalla. <\/p>\n<p><strong data-start=\"857\" data-end=\"881\"> Miksi valita:<br \/><\/strong>\u2714\ufe0f 700 mg berberiini\u00e4 annosta kohti - tehokas ja tieteellisesti perusteltu annos.<br data-start=\"951\" data-end=\"954\" \/>\u2714\ufe0f Tukee hiilihydraatti- ja rasva-aineenvaihdunnan tasapainoa.<br data-start=\"1008\" data-end=\"1011\" \/>\u2714\ufe0f Edist\u00e4\u00e4 syd\u00e4men toimintaa ja tukee energiaa.<br data-start=\"1067\" data-end=\"1070\" \/>\u2714\ufe0f Toimii autofagian modulaattorina - solujen uusiutumiseen ja pitk\u00e4ik\u00e4isyyteen.<br data-start=\"1154\" data-end=\"1157\" \/>\u2714\ufe0f &gt;98 %-puhtaus - ilman tarpeettomia ep\u00e4puhtauksia.<br data-start=\"1201\" data-end=\"1204\" \/>\u2714\ufe0f Eritt\u00e4in karvas jauhe - suositellaan sekoitettavaksi suolaisten ruokien kanssa.<br data-start=\"1269\" data-end=\"1272\" \/>\u2714\ufe0f Ei muuntogeenisi\u00e4 organismeja, s\u00e4il\u00f6nt\u00e4aineita, makuaineita tai allergeeneja.<br data-start=\"1325\" data-end=\"1328\" \/>\u2714\ufe0f Sopii vegaaneille - kasviuute.<br data-start=\"1375\" data-end=\"1378\" \/>\u2714\ufe0f Laboratoriossa testattu puhtaus ja turvallisuus<\/p>","protected":false},"featured_media":31870,"comment_status":"open","ping_status":"closed","template":"","meta":{"_acf_changed":false},"product_brand":[433],"product_cat":[57,261,260,262,123],"product_tag":[],"class_list":{"0":"post-31836","1":"product","2":"type-product","3":"status-publish","4":"has-post-thumbnail","6":"product_brand-l-cell","7":"product_cat-akcijos","8":"product_cat-cukraus-balansas","9":"product_cat-energijai-ir-apykaitai","10":"product_cat-medziagu-apykaita","11":"product_cat-papildai-ilgaamziskumui","13":"first","14":"instock","15":"sale","16":"shipping-taxable","17":"purchasable","18":"product-type-simple"},"acf":[],"tiered_pricing_type":"fixed","tiered_pricing_fixed_rules":[],"tiered_pricing_product_settings":{"layout":"default","base_unit_name":{"singular":null,"plural":null},"default_variation":null},"tiered_pricing_minimum_quantity":null,"tiered_pricing_roles_data":[],"tiered_pricing_percentage_rules":[],"_links":{"self":[{"href":"https:\/\/purama.lt\/fi\/wp-json\/wp\/v2\/product\/31836","targetHints":{"allow":["GET"]}}],"collection":[{"href":"https:\/\/purama.lt\/fi\/wp-json\/wp\/v2\/product"}],"about":[{"href":"https:\/\/purama.lt\/fi\/wp-json\/wp\/v2\/types\/product"}],"replies":[{"embeddable":true,"href":"https:\/\/purama.lt\/fi\/wp-json\/wp\/v2\/comments?post=31836"}],"wp:featuredmedia":[{"embeddable":true,"href":"https:\/\/purama.lt\/fi\/wp-json\/wp\/v2\/media\/31870"}],"wp:attachment":[{"href":"https:\/\/purama.lt\/fi\/wp-json\/wp\/v2\/media?parent=31836"}],"wp:term":[{"taxonomy":"product_brand","embeddable":true,"href":"https:\/\/purama.lt\/fi\/wp-json\/wp\/v2\/product_brand?post=31836"},{"taxonomy":"product_cat","embeddable":true,"href":"https:\/\/purama.lt\/fi\/wp-json\/wp\/v2\/product_cat?post=31836"},{"taxonomy":"product_tag","embeddable":true,"href":"https:\/\/purama.lt\/fi\/wp-json\/wp\/v2\/product_tag?post=31836"}],"curies":[{"name":"wp","href":"https:\/\/api.w.org\/{rel}","templated":true}]}}