{"id":31834,"date":"2025-01-20T19:28:41","date_gmt":"2025-01-20T19:28:41","guid":{"rendered":"https:\/\/purama.lt\/produktas\/l-cell-apigeninas-milteliai-30g\/"},"modified":"2026-04-03T15:17:45","modified_gmt":"2026-04-03T13:17:45","slug":"l-solun-apigeniinijauhe-30g","status":"publish","type":"product","link":"https:\/\/purama.lt\/fi\/produktas\/l-cell-apigeninas-milteliai-30g\/","title":{"rendered":"L Cell Apigeniini (jauhe, 30g)"},"content":{"rendered":"<p><strong>Kulutus:<\/strong> K\u00e4yt\u00e4 sen j\u00e4lkeen, kun <strong>1 mittalusikallinen aamulla ja illalla<\/strong>. Sekoita rasvaisten ruokien (esim. jogurtin, oliivi\u00f6ljyn tai avokadon) kanssa, jotta saat parhaan vaikutuksen.<\/p>\n\n\n\n<hr class=\"wp-block-separator has-alpha-channel-opacity\"\/>\n\n\n\n<p><strong>Ainesosat:<\/strong> Kamomillauute (\u226598 % apigeniini), sinkkiglukonaatti, tiamiinihydrokloridi, kolekalsiferoli.<\/p>\n\n\n\n<hr class=\"wp-block-separator has-alpha-channel-opacity\"\/>\n\n\n\n<p><strong>Ravintoarvo<\/strong> (2 kauhallista):<\/p>\n\n\n\n<figure class=\"wp-block-table\"><table class=\"has-fixed-layout\"><thead><tr><th><strong>Ravinteet<\/strong><\/th><th><strong>M\u00e4\u00e4r\u00e4<\/strong><\/th><th><strong>% RMV*<\/strong><\/th><\/tr><\/thead><tbody><tr><td>Kamomillauute<\/td><td>500 mg<\/td><td>-<\/td><\/tr><tr><td>...josta se on rappeutunut...<\/td><td>490+ mg<\/td><td>-<\/td><\/tr><tr><td>Sinkki<\/td><td>1,5 mg<\/td><td>15 %<\/td><\/tr><tr><td>Tiamiini (B1-vitamiini)<\/td><td>0,165 mg<\/td><td>15 %<\/td><\/tr><tr><td>D3-vitamiini<\/td><td>0,75 \u00b5g<\/td><td>15 %<\/td><\/tr><\/tbody><\/table><\/figure>\n\n\n\n<p>*RMV - ravitsemuksellinen viitearvo<br>**RMV ei m\u00e4\u00e4ritetty<\/p>\n\n\n\n<p>Etsitk\u00f6 lis\u00e4\u00e4? Katso kaikki <a href=\"\/fi\/tuoteselosteet\/l-cell\/\">L Cell-alue<\/a>.<\/p>","protected":false},"excerpt":{"rendered":"<p data-start=\"106\" data-end=\"175\"><strong data-start=\"110\" data-end=\"175\">L Cell Apigeniini - luonnollinen rauhoittaja soluille, mielelle ja iholle.\u00a0<\/strong><strong data-start=\"177\" data-end=\"197\">L Cell Apigeniini\u00ae<\/strong> - on eritt\u00e4in puhdas kamomillauute, joka on rikastettu <strong data-start=\"251\" data-end=\"264\">apigeniini<\/strong>, tunnetaan hermostoa rauhoittavasta vaikutuksestaan, soluja suojaavista ominaisuuksistaan ja ik\u00e4\u00e4ntymist\u00e4 est\u00e4v\u00e4st\u00e4 vaikutuksestaan. T\u00e4m\u00e4 aine toimii <strong data-start=\"406\" data-end=\"422\">senomorfinen<\/strong> - auttaa v\u00e4hent\u00e4m\u00e4\u00e4n tulehdusprosesseja soluissa ja suojaa niit\u00e4 hapettumisstressilt\u00e4. Apigeniini tukee <strong data-start=\"545\" data-end=\"568\">emotionaalinen tasapaino<\/strong>, auttaa rauhoittumaan ilman uneliaisuuden tunnetta, ja se edist\u00e4\u00e4 my\u00f6s osaltaan <strong data-start=\"637\" data-end=\"668\">iho, hiukset ja kynnet<\/strong> tukea. Se on t\u00e4ydellinen valinta niille, jotka etsiv\u00e4t lempe\u00e4\u00e4 mutta voimakasta luonnollista tukea sek\u00e4 mielen ett\u00e4 kehon pitk\u00e4ik\u00e4isyydelle.<\/p>\n<p data-start=\"812\" data-end=\"840\"><strong data-start=\"816\" data-end=\"840\">Miksi valita:<br \/><\/strong>\u2714\ufe0f 500 mg apigeniinia annosta kohti - voimakas, tieteellisesti todistettu vaikutus.<br data-start=\"912\" data-end=\"915\" \/>\u2714\ufe0f Tukee psykologista ja hermoston toimintaa ja emotionaalista hyvinvointia.<br data-start=\"983\" data-end=\"986\" \/>\u2714\ufe0f Auttaa s\u00e4\u00e4telem\u00e4\u00e4n solujen tulehdusprosesseja (SASP).<br data-start=\"1044\" data-end=\"1047\" \/>\u2714\ufe0f Toimii senomorfisena ja antioksidanttina - solujen suojaamiseksi ja uudistamiseksi.<br data-start=\"1130\" data-end=\"1133\" \/>\u2714\ufe0f Edist\u00e4\u00e4 ihon, hiusten, kynsien ja luiden terveytt\u00e4.<br data-start=\"1185\" data-end=\"1188\" \/>\u2714\ufe0f &gt;98 %-puhtaus - luonnollista kamomillauutteesta.<br data-start=\"1239\" data-end=\"1242\" \/>\u2714\ufe0f Ei sis\u00e4ll\u00e4 GMO:eja, allergeeneja, keinotekoisia lis\u00e4aineita.<br data-start=\"1279\" data-end=\"1282\" \/>\u2714\ufe0f Sopii vegaaneille<br data-start=\"1299\" data-end=\"1302\" \/>\u2714\ufe0f Laboratoriotestattu turvallisuuden varmistamiseksi<\/p>\n<p><strong>Toimitus Liettuassa:<\/strong> 2-3 ty\u00f6p\u00e4iv\u00e4\u00e4.<\/p>","protected":false},"featured_media":31868,"comment_status":"open","ping_status":"closed","template":"","meta":{"_acf_changed":false},"product_brand":[433],"product_cat":[123,272,259,500,256,269],"product_tag":[],"class_list":{"0":"post-31834","1":"product","2":"type-product","3":"status-publish","4":"has-post-thumbnail","6":"product_brand-l-cell","7":"product_cat-papildai-ilgaamziskumui","8":"product_cat-emocine-pusiausvyra","9":"product_cat-nuotaika-ir-stresas","10":"product_cat-outlet","11":"product_cat-smegenims-ir-atminciai","12":"product_cat-stresui-ir-miegui","14":"first","15":"instock","16":"sale","17":"shipping-taxable","18":"purchasable","19":"product-type-simple"},"acf":[],"tiered_pricing_type":"fixed","tiered_pricing_fixed_rules":[],"tiered_pricing_product_settings":{"layout":"default","base_unit_name":{"singular":null,"plural":null},"default_variation":null},"tiered_pricing_minimum_quantity":null,"tiered_pricing_roles_data":[],"tiered_pricing_percentage_rules":[],"_links":{"self":[{"href":"https:\/\/purama.lt\/fi\/wp-json\/wp\/v2\/product\/31834","targetHints":{"allow":["GET"]}}],"collection":[{"href":"https:\/\/purama.lt\/fi\/wp-json\/wp\/v2\/product"}],"about":[{"href":"https:\/\/purama.lt\/fi\/wp-json\/wp\/v2\/types\/product"}],"replies":[{"embeddable":true,"href":"https:\/\/purama.lt\/fi\/wp-json\/wp\/v2\/comments?post=31834"}],"wp:featuredmedia":[{"embeddable":true,"href":"https:\/\/purama.lt\/fi\/wp-json\/wp\/v2\/media\/31868"}],"wp:attachment":[{"href":"https:\/\/purama.lt\/fi\/wp-json\/wp\/v2\/media?parent=31834"}],"wp:term":[{"taxonomy":"product_brand","embeddable":true,"href":"https:\/\/purama.lt\/fi\/wp-json\/wp\/v2\/product_brand?post=31834"},{"taxonomy":"product_cat","embeddable":true,"href":"https:\/\/purama.lt\/fi\/wp-json\/wp\/v2\/product_cat?post=31834"},{"taxonomy":"product_tag","embeddable":true,"href":"https:\/\/purama.lt\/fi\/wp-json\/wp\/v2\/product_tag?post=31834"}],"curies":[{"name":"wp","href":"https:\/\/api.w.org\/{rel}","templated":true}]}}