{"id":31758,"date":"2025-01-20T11:53:48","date_gmt":"2025-01-20T11:53:48","guid":{"rendered":"https:\/\/purama.lt\/produktas\/nacific-hyaluron-booster-veido-kremas\/"},"modified":"2026-04-10T13:03:23","modified_gmt":"2026-04-10T11:03:23","slug":"nacific-hyaluron-booster-kasvovoide","status":"publish","type":"product","link":"https:\/\/purama.lt\/fi\/produktas\/nacific-hyaluron-booster-veido-kremas\/","title":{"rendered":"NACIFIC Hyaluron Booster kasvovoide"},"content":{"rendered":"<p><strong>Kuinka k\u00e4ytt\u00e4\u00e4?<\/strong><\/p>\n<p>Levit\u00e4 voidetta puhtaalle ja s\u00e4vytetylle iholle viimeisen\u00e4 ihonhoitovaiheena.<br \/>\nLevit\u00e4 pieni m\u00e4\u00e4r\u00e4 voidetta tasaisesti iholle ja hiero sit\u00e4 kasvoille ja kaulalle py\u00f6rivin liikkein, kunnes voide on imeytynyt kokonaan. V\u00e4lt\u00e4 silmien ja huulten aluetta.<\/p>\n<p><strong>Ainesosat:<\/strong> Hyaluronihappo, niasiiniamidi, glyseriini, betaiini, pantenoli, Centella asiatica -uute, vihre\u00e4 teeuute, aloe vera -uute, allantoiini, arginiini, butyleeniglykoli, 1,2-heksaanidioli, etyyliheksyyliglyseriini.<\/p>","protected":false},"excerpt":{"rendered":"<p><strong>NACIFIC Hyaluron Booster Cream<\/strong> on intensiivinen kosteusvoide, joka on suunniteltu antamaan pitk\u00e4kestoista kosteutusta ja kimmoisuutta. Hyaluronihapolla ja muilla tehokkailla ainesosilla rikastettu voide auttaa v\u00e4hent\u00e4m\u00e4\u00e4n kuivuuden merkkej\u00e4, tasoittamaan ihon rakennetta ja antamaan terveellisen hehkun. Ihanteellinen kaikille ihotyypeille, erityisesti kuivalle ja kuivuneelle iholle.<\/p>","protected":false},"featured_media":31760,"comment_status":"open","ping_status":"closed","template":"","meta":{"_acf_changed":false},"product_brand":[440],"product_cat":[92,55,59],"product_tag":[],"class_list":{"0":"post-31758","1":"product","2":"type-product","3":"status-publish","4":"has-post-thumbnail","6":"product_brand-nacific","7":"product_cat-groziui","8":"product_cat-veido-kremai","9":"product_cat-veidui","11":"first","12":"outofstock","13":"shipping-taxable","14":"purchasable","15":"product-type-simple"},"acf":[],"tiered_pricing_type":"fixed","tiered_pricing_fixed_rules":[],"tiered_pricing_product_settings":{"layout":"default","base_unit_name":{"singular":null,"plural":null},"default_variation":null},"tiered_pricing_minimum_quantity":null,"tiered_pricing_roles_data":[],"tiered_pricing_percentage_rules":[],"_links":{"self":[{"href":"https:\/\/purama.lt\/fi\/wp-json\/wp\/v2\/product\/31758","targetHints":{"allow":["GET"]}}],"collection":[{"href":"https:\/\/purama.lt\/fi\/wp-json\/wp\/v2\/product"}],"about":[{"href":"https:\/\/purama.lt\/fi\/wp-json\/wp\/v2\/types\/product"}],"replies":[{"embeddable":true,"href":"https:\/\/purama.lt\/fi\/wp-json\/wp\/v2\/comments?post=31758"}],"wp:featuredmedia":[{"embeddable":true,"href":"https:\/\/purama.lt\/fi\/wp-json\/wp\/v2\/media\/31760"}],"wp:attachment":[{"href":"https:\/\/purama.lt\/fi\/wp-json\/wp\/v2\/media?parent=31758"}],"wp:term":[{"taxonomy":"product_brand","embeddable":true,"href":"https:\/\/purama.lt\/fi\/wp-json\/wp\/v2\/product_brand?post=31758"},{"taxonomy":"product_cat","embeddable":true,"href":"https:\/\/purama.lt\/fi\/wp-json\/wp\/v2\/product_cat?post=31758"},{"taxonomy":"product_tag","embeddable":true,"href":"https:\/\/purama.lt\/fi\/wp-json\/wp\/v2\/product_tag?post=31758"}],"curies":[{"name":"wp","href":"https:\/\/api.w.org\/{rel}","templated":true}]}}