{"id":31673,"date":"2025-01-15T18:44:20","date_gmt":"2025-01-15T18:44:20","guid":{"rendered":"https:\/\/purama.lt\/?post_type=product&#038;p=31673"},"modified":"2025-11-11T14:33:07","modified_gmt":"2025-11-11T12:33:07","slug":"celluma-pro-led-valohoitolamppu","status":"publish","type":"product","link":"https:\/\/purama.lt\/fi\/produktas\/celluma-pro-led-sviesos-terapijos-lempa\/","title":{"rendered":"CELLUMA PRO LED-valohoitolamppu"},"content":{"rendered":"<h3 class=\"wp-block-heading\"><strong>Mik\u00e4 on Celluma PRO?<\/strong><\/h3>\n\n\n\n<p><strong>Celluma PRO<\/strong> - on FDA:n hyv\u00e4ksym\u00e4 LED-valohoitolaite, joka on suunniteltu aknen, ryppyjen ja kivun hoitoon. T\u00e4m\u00e4 kolmitoiminen hoitolaite tarjoaa turvallista ja tehokasta valohoitoa monenlaisiin iho- ja terveysongelmiin. Joustavan rakenteensa ansiosta sit\u00e4 voidaan k\u00e4ytt\u00e4\u00e4 kehon eri alueilla, mukaan lukien kasvot, selk\u00e4, hartiat ja muut alueet.<\/p>\n\n\n\n<hr class=\"wp-block-separator has-alpha-channel-opacity\"\/>\n\n\n\n<h3 class=\"wp-block-heading\"><strong>Miten Celluma PRO toimii?<\/strong><\/h3>\n\n\n\n<p><strong>Celluma PRO<\/strong> k\u00e4ytt\u00e4\u00e4 matalan intensiteetin valohoitoa (LLLT) edist\u00e4m\u00e4\u00e4n solujen uudistumista. Laite l\u00e4hett\u00e4\u00e4 valoa eri aallonpituuksilla tunkeutuakseen ihoon ja puuttuakseen ongelmiin, kuten akneen, juonteisiin ja lihaskipuihin.<\/p>\n\n\n\n<ul class=\"wp-block-list\">\n<li><strong>Sininen valo<\/strong>: V\u00e4hent\u00e4\u00e4 aknea aiheuttavia bakteereja.<\/li>\n\n\n\n<li><strong>Punainen valo<\/strong>: Parantaa kollageenin tuotantoa ja v\u00e4hent\u00e4\u00e4 ryppyj\u00e4.<\/li>\n\n\n\n<li><strong>Infrapunavalo<\/strong>: Syvemm\u00e4lle tunkeutuva, auttaa v\u00e4hent\u00e4m\u00e4\u00e4n lihas- ja nivelkipuja ja tulehduksia.<\/li>\n<\/ul>\n\n\n\n<p>T\u00e4m\u00e4 kehittynyt teknologia parantaa solujen toimintaa ja edist\u00e4\u00e4 luonnollisia paranemisprosesseja.<\/p>\n\n\n\n<hr class=\"wp-block-separator has-alpha-channel-opacity\"\/>\n\n\n\n<h3 class=\"wp-block-heading\"><strong>Mit\u00e4 ongelmia voidaan ratkaista Celluma PRO:lla?<\/strong><\/h3>\n\n\n\n<p><strong>Celluma PRO<\/strong> on eritt\u00e4in monipuolinen laite monenlaisten sairauksien hoitoon, mukaan lukien:<\/p>\n\n\n\n<ul class=\"wp-block-list\">\n<li><strong>Akn\u0119<\/strong>: V\u00e4hent\u00e4\u00e4 bakteereja ja ihotulehduksia.<\/li>\n\n\n\n<li><strong>Ryppyj\u00e4 ja juonteita<\/strong>: Stimuloi ihon uusiutumista ja silottaa ryppyj\u00e4.<\/li>\n\n\n\n<li><strong>Tulehdussairaudet<\/strong>: Kuten niveltulehdus ja muut tulehduksen aiheuttamat tilat.<\/li>\n\n\n\n<li><strong>Lihas- ja nivelkipu<\/strong>: V\u00e4hent\u00e4\u00e4 ep\u00e4mukavuutta ja edist\u00e4\u00e4 lihasten rentoutumista.<\/li>\n<\/ul>\n\n\n\n<hr class=\"wp-block-separator has-alpha-channel-opacity\"\/>\n\n\n\n<h3 class=\"wp-block-heading\"><strong>Onko Celluma PRO turvallista k\u00e4ytt\u00e4\u00e4?<\/strong><\/h3>\n\n\n\n<p>Kyll\u00e4, <strong>Celluma PRO<\/strong> on t\u00e4ysin turvallinen laite, FDA:n hyv\u00e4ksym\u00e4 ja sopii kaikille ihotyypeille.<\/p>\n\n\n\n<ul class=\"wp-block-list\">\n<li><strong>Ei-invasiivinen tekniikka<\/strong>: Ei kemikaaleja tai ihovaurioita.<\/li>\n\n\n\n<li><strong>Kivuton hoito<\/strong>: Valo ei aiheuta ep\u00e4mukavuutta.<\/li>\n\n\n\n<li><strong>Ilman paranemisaikaa<\/strong>: Voit jatkaa p\u00e4ivitt\u00e4isi\u00e4 toimintojasi heti hoidon j\u00e4lkeen.<br>T\u00e4m\u00e4 laite sopii erinomaisesti k\u00e4ytett\u00e4v\u00e4ksi sek\u00e4 koti- ett\u00e4 ammatillisissa ymp\u00e4rist\u00f6iss\u00e4.<\/li>\n<\/ul>\n\n\n\n<hr class=\"wp-block-separator has-alpha-channel-opacity\"\/>\n\n\n\n<h3 class=\"wp-block-heading\"><strong>Milloin voin odottaa tuloksia Celluma PRO:lla?<\/strong><\/h3>\n\n\n\n<p>Tulokset riippuvat hoidettavasta ongelmasta:<\/p>\n\n\n\n<ul class=\"wp-block-list\">\n<li><strong>Akne ja ihon nuorentaminen<\/strong>V: N\u00e4kyv\u00e4t muutokset ovat yleens\u00e4 havaittavissa muutaman viikon s\u00e4\u00e4nn\u00f6llisen k\u00e4yt\u00f6n j\u00e4lkeen.<\/li>\n\n\n\n<li><strong>Kivunlievitys<\/strong>: Helpotusta voi tulla jo muutaman hoitokerran j\u00e4lkeen.<\/li>\n<\/ul>\n\n\n\n<hr class=\"wp-block-separator has-alpha-channel-opacity\"\/>\n\n\n\n<h3 class=\"wp-block-heading\"><strong>Lis\u00e4tietoja Celluma PRO:sta<\/strong><\/h3>\n\n\n\n<ul class=\"wp-block-list\">\n<li><strong>Joustava muotoilu:<\/strong> Mahdollistaa hoidon mukauttamisen kehon eri osiin - kasvoista jalkoihin.<\/li>\n\n\n\n<li><strong>Kevyt ja liikkuva:<\/strong> Voit k\u00e4ytt\u00e4\u00e4 sit\u00e4 kotona tai liikkeell\u00e4 ilman vaivaa.<\/li>\n\n\n\n<li><strong>Kolmitoiminen hoito:<\/strong> Mukautuu yksil\u00f6llisiin tarpeisiisi.<\/li>\n<\/ul>\n\n\n\n<p>Osoitteessa <strong>Celluma PRO<\/strong> voit nauttia ammattimaisen valohoidon eduista, jotka auttavat sinua saavuttamaan paremman hyvinvoinnin tunteen ja terveemm\u00e4n, sile\u00e4mm\u00e4n ihon. Se on nykyaikainen ratkaisu harmoniseen ja kivuttomaan el\u00e4m\u00e4\u00e4n!<\/p>\n\n\n\n<p><strong>T\u00e4ll\u00e4 laitteella on 24 kuukauden valmistajan takuu laadun ja pitk\u00e4aikaisen luotettavuuden varmistamiseksi.<\/strong><\/p>","protected":false},"excerpt":{"rendered":"<p><strong>Celluma PRO<\/strong> - on innovatiivinen, kolmen moodin LED-hoitolaite, joka on kehitetty <strong>akneen, ryppyihin ja kipuun<\/strong>. Ainutlaatuisen joustavan rakenteen ansiosta se on helppo sovittaa kehon eri alueille, kasvoista selk\u00e4\u00e4n, lantioon, hartioihin, jalkoihin tai polviin. Liikkuvuutensa ja helppok\u00e4ytt\u00f6isyytens\u00e4 ansiosta Celluma PRO on v\u00e4ltt\u00e4m\u00e4t\u00f6n valinta niille, jotka haluavat kokea ammattimaisen terapian edut kotona. T\u00e4m\u00e4 <strong>l\u00e4\u00e4kinn\u00e4llinen laite<\/strong> on varustettu ammattilaatuisilla LED-valoilla, jotka toimivat kolmessa tilassa:<\/p>\n<ul>\n<li><strong>Aknen hoitoon<\/strong>: Sininen LED-valo.<\/li>\n<li><strong>Ryppyjen v\u00e4hent\u00e4miseen<\/strong>: Punainen LED-valo.<\/li>\n<li><strong>Kivunlievitys (lihakset, nivelet)<\/strong>: Infrapuna-LED.<\/li>\n<\/ul>\n<p><strong>FDA:n hyv\u00e4ksym\u00e4<\/strong> T\u00e4m\u00e4 laite on ainutlaatuinen ryppyjen hoidossa, ja sen ainutlaatuiset ominaisuudet ja tehokkuus tekev\u00e4t siit\u00e4 ihanteellisen sek\u00e4 ammatilliseen ett\u00e4 henkil\u00f6kohtaiseen k\u00e4ytt\u00f6\u00f6n.<\/p>","protected":false},"featured_media":31674,"comment_status":"open","ping_status":"closed","template":"","meta":{"_acf_changed":false},"product_brand":[417],"product_cat":[282,288,283],"product_tag":[],"class_list":{"0":"post-31673","1":"product","2":"type-product","3":"status-publish","4":"has-post-thumbnail","6":"product_brand-celluma","7":"product_cat-longevity-prietaisai","8":"product_cat-grozio-ir-odos-prieziura","9":"product_cat-sveikatingumo-prietaisai","11":"first","12":"instock","13":"shipping-taxable","14":"purchasable","15":"product-type-simple"},"acf":[],"tiered_pricing_type":"fixed","tiered_pricing_fixed_rules":[],"tiered_pricing_product_settings":{"layout":"default","base_unit_name":{"singular":null,"plural":null},"default_variation":null},"tiered_pricing_minimum_quantity":null,"tiered_pricing_roles_data":[],"tiered_pricing_percentage_rules":[],"_links":{"self":[{"href":"https:\/\/purama.lt\/fi\/wp-json\/wp\/v2\/product\/31673","targetHints":{"allow":["GET"]}}],"collection":[{"href":"https:\/\/purama.lt\/fi\/wp-json\/wp\/v2\/product"}],"about":[{"href":"https:\/\/purama.lt\/fi\/wp-json\/wp\/v2\/types\/product"}],"replies":[{"embeddable":true,"href":"https:\/\/purama.lt\/fi\/wp-json\/wp\/v2\/comments?post=31673"}],"wp:featuredmedia":[{"embeddable":true,"href":"https:\/\/purama.lt\/fi\/wp-json\/wp\/v2\/media\/31674"}],"wp:attachment":[{"href":"https:\/\/purama.lt\/fi\/wp-json\/wp\/v2\/media?parent=31673"}],"wp:term":[{"taxonomy":"product_brand","embeddable":true,"href":"https:\/\/purama.lt\/fi\/wp-json\/wp\/v2\/product_brand?post=31673"},{"taxonomy":"product_cat","embeddable":true,"href":"https:\/\/purama.lt\/fi\/wp-json\/wp\/v2\/product_cat?post=31673"},{"taxonomy":"product_tag","embeddable":true,"href":"https:\/\/purama.lt\/fi\/wp-json\/wp\/v2\/product_tag?post=31673"}],"curies":[{"name":"wp","href":"https:\/\/api.w.org\/{rel}","templated":true}]}}