{"id":31609,"date":"2025-01-15T11:40:26","date_gmt":"2025-01-15T11:40:26","guid":{"rendered":"https:\/\/purama.lt\/produktas\/kojines-noosa-orange-sporcks\/"},"modified":"2026-04-12T13:28:46","modified_gmt":"2026-04-12T11:28:46","slug":"kojines-noosa-oranssit-urheilukengat","status":"publish","type":"product","link":"https:\/\/purama.lt\/fi\/produktas\/kojines-noosa-orange-sporcks\/","title":{"rendered":"SPORCKS Noosa Orange urheilusukat"},"content":{"rendered":"<p>Etsitk\u00f6 lis\u00e4\u00e4? Katso kaikki <a href=\"\/fi\/tuoteselosteet\/sporcks\/\">Sporcks-valikoima<\/a>.<\/p>","protected":false},"excerpt":{"rendered":"<p><strong>SPORCKS Noosa Orange<\/strong> - on innovatiivinen ratkaisu aktiivisille juoksijoille, jotka arvostavat mukavuutta, suojaa ja luotettavuutta. N\u00e4m\u00e4 juoksusukat tarjoavat tehostettua tukea nilkan ja reisilihaksen alueelle, kun taas kohtalainen kompressiotaso parantaa verenkiertoa ja v\u00e4hent\u00e4\u00e4 tulehduksia, mik\u00e4 mahdollistaa paremmat tulokset jopa pisimmiss\u00e4 harjoituksissa.<\/p>\n<p>Kantap\u00e4\u00e4 ja varpaat \u00e4lykk\u00e4\u00e4st\u00e4 materiaalista <strong>COOLMAX\u00ae froteekangas<\/strong>, joka v\u00e4hent\u00e4\u00e4 tehokkaasti iskujen vaikutusta ja tarjoaa erinomaisen hengitt\u00e4vyyden ja mukavuuden. Lis\u00e4ksi n\u00e4m\u00e4 sukat ehk\u00e4isev\u00e4t rakkojen syntymist\u00e4, mik\u00e4 tekee juoksukokemuksesta paitsi miellytt\u00e4v\u00e4mm\u00e4n my\u00f6s turvallisemman.<\/p>\n<hr \/>\n<h3><strong>T\u00e4rkeimm\u00e4t ominaisuudet:<\/strong><\/h3>\n<ul>\n<li><strong>Parannettu tuki:<\/strong> Lis\u00e4\u00e4ntynyt vakaus nilkan ja jalkater\u00e4n kohdalla.<\/li>\n<li><strong>Keskikokoinen puristus:<\/strong> Stimuloi verenkiertoa ja v\u00e4hent\u00e4\u00e4 lihasv\u00e4symyst\u00e4.<\/li>\n<li><strong>COOLMAX\u00ae-kangas:<\/strong> V\u00e4hent\u00e4\u00e4 iskuja, tarjoaa hengitt\u00e4vyytt\u00e4 ja suojaa rakkuloita vastaan.<\/li>\n<li><strong>Hengitt\u00e4v\u00e4 verkko:<\/strong> Tukee ihon l\u00e4mm\u00f6ns\u00e4\u00e4tely\u00e4 intensiivisen juoksun aikana.<\/li>\n<li><strong>Kosteuden poisto:<\/strong> Se kuivuu nopeasti ja auttaa s\u00e4ilytt\u00e4m\u00e4\u00e4n kuivuuden.<\/li>\n<li><strong>Valmistettu Espanjassa:<\/strong> Laatu ja kest\u00e4vyys taattu.<\/li>\n<li><strong>Koostumus:<\/strong> Coolmax\u00ae ja nailon takaavat pehmeyden ja mukavuuden.<\/li>\n<\/ul>\n<hr \/>\n<p><strong>\u201eNoosa Orange\u201c SPORKIT<\/strong> - Se ei ole vain tyylik\u00e4s valinta, vaan my\u00f6s teknisesti edistyksellinen ratkaisu, joka on suunniteltu parantamaan k\u00e4ytt\u00f6mukavuutta ja tuloksia. Valitse mukavuus ja tehokkuus joka askeleella!<\/p>","protected":false},"featured_media":31620,"comment_status":"open","ping_status":"closed","template":"","meta":{"_acf_changed":false},"product_brand":[246],"product_cat":[98,57,102],"product_tag":[],"class_list":{"0":"post-31609","1":"product","2":"type-product","3":"status-publish","4":"has-post-thumbnail","6":"product_brand-sporcks","7":"product_cat-sportui","8":"product_cat-akcijos","9":"product_cat-kojines","11":"first","12":"instock","13":"sale","14":"shipping-taxable","15":"purchasable","16":"product-type-variable"},"acf":[],"tiered_pricing_type":"fixed","tiered_pricing_fixed_rules":[],"tiered_pricing_product_settings":{"layout":"default","base_unit_name":{"singular":null,"plural":null},"default_variation":null},"tiered_pricing_minimum_quantity":null,"tiered_pricing_roles_data":[],"tiered_pricing_percentage_rules":[],"_links":{"self":[{"href":"https:\/\/purama.lt\/fi\/wp-json\/wp\/v2\/product\/31609","targetHints":{"allow":["GET"]}}],"collection":[{"href":"https:\/\/purama.lt\/fi\/wp-json\/wp\/v2\/product"}],"about":[{"href":"https:\/\/purama.lt\/fi\/wp-json\/wp\/v2\/types\/product"}],"replies":[{"embeddable":true,"href":"https:\/\/purama.lt\/fi\/wp-json\/wp\/v2\/comments?post=31609"}],"wp:featuredmedia":[{"embeddable":true,"href":"https:\/\/purama.lt\/fi\/wp-json\/wp\/v2\/media\/31620"}],"wp:attachment":[{"href":"https:\/\/purama.lt\/fi\/wp-json\/wp\/v2\/media?parent=31609"}],"wp:term":[{"taxonomy":"product_brand","embeddable":true,"href":"https:\/\/purama.lt\/fi\/wp-json\/wp\/v2\/product_brand?post=31609"},{"taxonomy":"product_cat","embeddable":true,"href":"https:\/\/purama.lt\/fi\/wp-json\/wp\/v2\/product_cat?post=31609"},{"taxonomy":"product_tag","embeddable":true,"href":"https:\/\/purama.lt\/fi\/wp-json\/wp\/v2\/product_tag?post=31609"}],"curies":[{"name":"wp","href":"https:\/\/api.w.org\/{rel}","templated":true}]}}