{"id":31608,"date":"2025-01-15T11:40:26","date_gmt":"2025-01-15T11:40:26","guid":{"rendered":"https:\/\/purama.lt\/produktas\/kojines-eye-yellow-sporcks\/"},"modified":"2026-04-24T09:28:45","modified_gmt":"2026-04-24T07:28:45","slug":"kojines-eye-yellow-sporcks","status":"publish","type":"product","link":"https:\/\/purama.lt\/fi\/produktas\/kojines-eye-yellow-sporcks\/","title":{"rendered":"SPORCKS Eye Keltaiset urheilusukat"},"content":{"rendered":"<p>Etsitk\u00f6 lis\u00e4\u00e4? Katso kaikki <a href=\"\/fi\/tuoteselosteet\/sporcks\/\">Sporcks-valikoima<\/a>.<\/p>","protected":false},"excerpt":{"rendered":"<p><strong>SPORCKS Silm\u00e4 Keltainen<\/strong> - on korkealaatuinen juoksusukka, joka on suunniteltu maksimaaliseen mukavuuteen, suojaukseen ja suorituskykyyn. Niiss\u00e4 on vahvistettu nilkka- ja pohjatuki, joka takaa vakauden ja turvallisuuden jopa kaikkein intensiivisimm\u00e4n harjoittelun aikana. Keskitason kompressio parantaa verenkiertoa, v\u00e4hent\u00e4\u00e4 lihasv\u00e4symyst\u00e4 ja tulehduksia, jolloin voit juosta pidemp\u00e4\u00e4n ja mukavammin. Kantap\u00e4\u00e4- ja varvasalueet valmistettu korkealaatuisista <strong>COOLMAX\u00ae froteekangas<\/strong>, joka v\u00e4hent\u00e4\u00e4 tehokkaasti iskujen vaikutusta, takaa erinomaisen hengitt\u00e4vyyden ja auttaa ehk\u00e4isem\u00e4\u00e4n rakkuloita. Hengitt\u00e4v\u00e4 verkko yll\u00e4pit\u00e4\u00e4 ihon optimaalista l\u00e4mm\u00f6ns\u00e4\u00e4tely\u00e4 ja siirt\u00e4\u00e4 kosteuden nopeasti pois, mik\u00e4 takaa moitteettoman mukavuuden my\u00f6s pisimpien juoksulenkkien aikana.<\/p>\n<hr \/>\n<h3><strong>T\u00e4rkeimm\u00e4t ominaisuudet:<\/strong><\/h3>\n<ul>\n<li><strong>Parannettu tuki:<\/strong> Auttaa vakauttamaan nilkkaa ja jalkapohjaa.<\/li>\n<li><strong>Keskikokoinen puristus:<\/strong> Parantaa verenkiertoa ja v\u00e4hent\u00e4\u00e4 tulehdusta.<\/li>\n<li><strong>COOLMAX\u00ae-kangas:<\/strong> V\u00e4hent\u00e4\u00e4 iskuja, tarjoaa hengitt\u00e4vyytt\u00e4 ja suojaa rakkuloita vastaan.<\/li>\n<li><strong>Hengitt\u00e4v\u00e4 verkko:<\/strong> Optimoi ihon l\u00e4mm\u00f6ns\u00e4\u00e4tely\u00e4 intensiivisen harjoittelun aikana.<\/li>\n<li><strong>Nopea kosteuden poisto:<\/strong> Pit\u00e4\u00e4 sinut kuivana my\u00f6s aktiivisen toiminnan aikana.<\/li>\n<li><strong>100% valmistettu Espanjassa:<\/strong> Laatu ja kest\u00e4vyys taattu.<\/li>\n<li><strong>Koostumus:<\/strong> Coolmax\u00ae ja nailon antavat pehmeytt\u00e4 ja pehmeytt\u00e4.<\/li>\n<\/ul>\n<hr \/>\n<p><strong>\u201eEye Yellow\u201c SPORKKI<\/strong> - tyyli\u00e4, mukavuutta ja innovaatiota yhdess\u00e4 tuotteessa. N\u00e4m\u00e4 sukat on suunniteltu niille, jotka haluavat maksimaalista suorituskyky\u00e4 ja t\u00e4ydellist\u00e4 mukavuutta joka askeleella. Tunne ero!<\/p>","protected":false},"featured_media":31624,"comment_status":"open","ping_status":"closed","template":"","meta":{"_acf_changed":false},"product_brand":[246],"product_cat":[98,57,102],"product_tag":[],"class_list":{"0":"post-31608","1":"product","2":"type-product","3":"status-publish","4":"has-post-thumbnail","6":"product_brand-sporcks","7":"product_cat-sportui","8":"product_cat-akcijos","9":"product_cat-kojines","11":"first","12":"instock","13":"sale","14":"shipping-taxable","15":"purchasable","16":"product-type-variable"},"acf":[],"tiered_pricing_type":"fixed","tiered_pricing_fixed_rules":[],"tiered_pricing_product_settings":{"layout":"default","base_unit_name":{"singular":null,"plural":null},"default_variation":null},"tiered_pricing_minimum_quantity":null,"tiered_pricing_roles_data":[],"tiered_pricing_percentage_rules":[],"_links":{"self":[{"href":"https:\/\/purama.lt\/fi\/wp-json\/wp\/v2\/product\/31608","targetHints":{"allow":["GET"]}}],"collection":[{"href":"https:\/\/purama.lt\/fi\/wp-json\/wp\/v2\/product"}],"about":[{"href":"https:\/\/purama.lt\/fi\/wp-json\/wp\/v2\/types\/product"}],"replies":[{"embeddable":true,"href":"https:\/\/purama.lt\/fi\/wp-json\/wp\/v2\/comments?post=31608"}],"wp:featuredmedia":[{"embeddable":true,"href":"https:\/\/purama.lt\/fi\/wp-json\/wp\/v2\/media\/31624"}],"wp:attachment":[{"href":"https:\/\/purama.lt\/fi\/wp-json\/wp\/v2\/media?parent=31608"}],"wp:term":[{"taxonomy":"product_brand","embeddable":true,"href":"https:\/\/purama.lt\/fi\/wp-json\/wp\/v2\/product_brand?post=31608"},{"taxonomy":"product_cat","embeddable":true,"href":"https:\/\/purama.lt\/fi\/wp-json\/wp\/v2\/product_cat?post=31608"},{"taxonomy":"product_tag","embeddable":true,"href":"https:\/\/purama.lt\/fi\/wp-json\/wp\/v2\/product_tag?post=31608"}],"curies":[{"name":"wp","href":"https:\/\/api.w.org\/{rel}","templated":true}]}}