{"id":31607,"date":"2025-01-15T11:40:26","date_gmt":"2025-01-15T11:40:26","guid":{"rendered":"https:\/\/purama.lt\/produktas\/kojines-omg-sporcks\/"},"modified":"2026-04-21T11:44:11","modified_gmt":"2026-04-21T09:44:11","slug":"sukat-omg-sporcks","status":"publish","type":"product","link":"https:\/\/purama.lt\/fi\/produktas\/kojines-omg-sporcks\/","title":{"rendered":"SPORCKS OMG urheilusukat"},"content":{"rendered":"<p>Etsitk\u00f6 lis\u00e4\u00e4? Katso kaikki <a href=\"\/fi\/tuoteselosteet\/sporcks\/\">Sporcks-valikoima<\/a>.<\/p>","protected":false},"excerpt":{"rendered":"<p><strong>SPORCKS OMG<\/strong> \u2013 tai i\u0161skirtin\u0117s b\u0117gimo kojin\u0117s, kurios sujungia modern\u0173 dizain\u0105, pa\u017eangias technologijas ir maksimal\u0173 komfort\u0105. Sukurtos aktyviems b\u0117gikams, \u0161ios kojin\u0117s suteikia sustiprint\u0105 palaikym\u0105 kulk\u0161nies ir padikaulio srityse, u\u017etikrina stabilum\u0105 ir suma\u017eina raumen\u0173 \u012ftamp\u0105. Vidutinio lygio kompresija pagerina kraujotak\u0105, ma\u017eina u\u017edegim\u0105 ir padeda i\u0161laikyti koj\u0173 energij\u0105 net per ilgiausius b\u0117gimus. Kulno ir pir\u0161t\u0173 sritys pagamintos i\u0161 inovatyvaus <strong>COOLMAX\u00ae froteekangas<\/strong>, joka vaimentaa tehokkaasti iskuja, takaa hengitt\u00e4vyyden ja est\u00e4\u00e4 rakkuloiden muodostumisen. Hengitt\u00e4v\u00e4 verkko optimoi ihon l\u00e4mm\u00f6ns\u00e4\u00e4tely\u00e4, joten sukat pysyv\u00e4t kuivina ja miellytt\u00e4vin\u00e4 my\u00f6s intensiivisimmiss\u00e4 liikkeiss\u00e4.<\/p>\n<hr \/>\n<h3><strong>T\u00e4rkeimm\u00e4t ominaisuudet:<\/strong><\/h3>\n<ul>\n<li><strong>Parannettu tuki:<\/strong> Lis\u00e4\u00e4 vakautta nilkkaan ja jalkater\u00e4\u00e4n.<\/li>\n<li><strong>Keskikokoinen puristus:<\/strong> Stimuloi verenkiertoa ja v\u00e4hent\u00e4\u00e4 lihasv\u00e4symyst\u00e4.<\/li>\n<li><strong>COOLMAX\u00ae-kangas:<\/strong> Erinomainen iskunvaimennus, hengitt\u00e4vyys ja rakkuloiden suojaus.<\/li>\n<li><strong>Nopea kosteuden poisto:<\/strong> Sukat kuivuvat nopeasti ja auttavat s\u00e4ilytt\u00e4m\u00e4\u00e4n kuivuuden.<\/li>\n<li><strong>Valmistettu Espanjassa:<\/strong> Laatu ja kest\u00e4vyys taattu.<\/li>\n<li><strong>Koostumus:<\/strong> Coolmax\u00ae ja nailon takaavat pehmeyden ja sileyden.<\/li>\n<\/ul>\n<hr \/>\n<p><strong>\u201eOMG\u201c SPORKIT<\/strong> - Kyse ei ole vain edistyksellisest\u00e4 tekniikasta, vaan my\u00f6s tyylikk\u00e4\u00e4st\u00e4 valinnasta, jonka avulla voit nauttia mukavuudesta ja saada parhaat tulokset. Luota nykyaikaisiin sukkiin, jotka on suunniteltu menestyst\u00e4si varten!<\/p>","protected":false},"featured_media":31632,"comment_status":"open","ping_status":"closed","template":"","meta":{"_acf_changed":false},"product_brand":[246],"product_cat":[98,57,102],"product_tag":[],"class_list":{"0":"post-31607","1":"product","2":"type-product","3":"status-publish","4":"has-post-thumbnail","6":"product_brand-sporcks","7":"product_cat-sportui","8":"product_cat-akcijos","9":"product_cat-kojines","11":"first","12":"instock","13":"sale","14":"shipping-taxable","15":"purchasable","16":"product-type-variable"},"acf":[],"tiered_pricing_type":"fixed","tiered_pricing_fixed_rules":[],"tiered_pricing_product_settings":{"layout":"default","base_unit_name":{"singular":null,"plural":null},"default_variation":null},"tiered_pricing_minimum_quantity":null,"tiered_pricing_roles_data":[],"tiered_pricing_percentage_rules":[],"_links":{"self":[{"href":"https:\/\/purama.lt\/fi\/wp-json\/wp\/v2\/product\/31607","targetHints":{"allow":["GET"]}}],"collection":[{"href":"https:\/\/purama.lt\/fi\/wp-json\/wp\/v2\/product"}],"about":[{"href":"https:\/\/purama.lt\/fi\/wp-json\/wp\/v2\/types\/product"}],"replies":[{"embeddable":true,"href":"https:\/\/purama.lt\/fi\/wp-json\/wp\/v2\/comments?post=31607"}],"wp:featuredmedia":[{"embeddable":true,"href":"https:\/\/purama.lt\/fi\/wp-json\/wp\/v2\/media\/31632"}],"wp:attachment":[{"href":"https:\/\/purama.lt\/fi\/wp-json\/wp\/v2\/media?parent=31607"}],"wp:term":[{"taxonomy":"product_brand","embeddable":true,"href":"https:\/\/purama.lt\/fi\/wp-json\/wp\/v2\/product_brand?post=31607"},{"taxonomy":"product_cat","embeddable":true,"href":"https:\/\/purama.lt\/fi\/wp-json\/wp\/v2\/product_cat?post=31607"},{"taxonomy":"product_tag","embeddable":true,"href":"https:\/\/purama.lt\/fi\/wp-json\/wp\/v2\/product_tag?post=31607"}],"curies":[{"name":"wp","href":"https:\/\/api.w.org\/{rel}","templated":true}]}}