{"id":31606,"date":"2025-01-15T11:40:25","date_gmt":"2025-01-15T11:40:25","guid":{"rendered":"https:\/\/purama.lt\/produktas\/kojines-the-best-white-sporcks\/"},"modified":"2026-04-20T11:16:00","modified_gmt":"2026-04-20T09:16:00","slug":"kojines-paras-valkoinen-sporcks","status":"publish","type":"product","link":"https:\/\/purama.lt\/fi\/produktas\/kojines-the-best-white-sporcks\/","title":{"rendered":"SPORCKS Parhaat valkoiset urheilusukat"},"content":{"rendered":"<p>Etsitk\u00f6 lis\u00e4\u00e4? Katso kaikki <a href=\"\/fi\/tuoteselosteet\/sporcks\/\">Sporcks-valikoima<\/a>.<\/p>","protected":false},"excerpt":{"rendered":"<p><strong>SPORCKS The Best White<\/strong> - on juoksusukka, jossa on t\u00e4ydellinen muotoilu ja korkea laatu, joka on suunniteltu mukavuutta ja suorituskyky\u00e4 varten. Vahvistettu tuki nilkassa ja pohkeessa antaa vakautta, kun taas keskitason kompressio parantaa verenkiertoa, v\u00e4hent\u00e4\u00e4 tulehduksia ja helpottaa pitkien matkojen juoksemista.<\/p>\n<p>Kantap\u00e4\u00e4 ja varpaat \u00e4lykk\u00e4\u00e4st\u00e4 materiaalista <strong>COOLMAX\u00ae froteekangas<\/strong>, joka v\u00e4hent\u00e4\u00e4 tehokkaasti iskujen vaikutusta, varmistaa optimaalisen hengityksen ja auttaa ehk\u00e4isem\u00e4\u00e4n rakkuloita. Hengitt\u00e4v\u00e4 verkko optimoi ihon l\u00e4mp\u00f6tilan ja kosteutta siirt\u00e4v\u00e4 teknologia pit\u00e4\u00e4 jalat kuivina my\u00f6s intensiivisimm\u00e4n treenin aikana.<\/p>\n<hr \/>\n<h3><strong>T\u00e4rkeimm\u00e4t ominaisuudet:<\/strong><\/h3>\n<ul>\n<li><strong>Parannettu tuki:<\/strong> Lis\u00e4\u00e4 vakautta nilkkaan ja jalkater\u00e4\u00e4n.<\/li>\n<li><strong>Keskikokoinen puristus:<\/strong> Parantaa verenkiertoa ja v\u00e4hent\u00e4\u00e4 lihasv\u00e4symyst\u00e4.<\/li>\n<li><strong>COOLMAX\u00ae-kangas:<\/strong> V\u00e4hent\u00e4\u00e4 iskuja, ehk\u00e4isee rakkuloita ja takaa hengitt\u00e4vyyden.<\/li>\n<li><strong>Hengitt\u00e4v\u00e4 verkko:<\/strong> Auttaa yll\u00e4pit\u00e4m\u00e4\u00e4n ihon optimaalista l\u00e4mp\u00f6tilaa.<\/li>\n<li><strong>Kosteuden poisto:<\/strong> Kuivuu nopeasti ja pit\u00e4\u00e4 jalat kuivina.<\/li>\n<li><strong>Valmistettu Espanjassa:<\/strong> Huippulaatu ja kest\u00e4vyys.<\/li>\n<li><strong>Koostumus:<\/strong> Coolmax\u00ae ja nailon takaavat pehmeyden ja mukavuuden.<\/li>\n<\/ul>\n<hr \/>\n<p><strong>\u201eParas valkoinen\u201c SPORKKI<\/strong> - on tyylik\u00e4s ja k\u00e4yt\u00e4nn\u00f6llinen valinta juoksijoille, jotka arvostavat laatua, mukavuutta ja toimivuutta. Luota sukkiin ja saa parhaat tulokset jokaisella askeleella!<\/p>","protected":false},"featured_media":31664,"comment_status":"open","ping_status":"closed","template":"","meta":{"_acf_changed":false},"product_brand":[246],"product_cat":[98,57,102],"product_tag":[],"class_list":{"0":"post-31606","1":"product","2":"type-product","3":"status-publish","4":"has-post-thumbnail","6":"product_brand-sporcks","7":"product_cat-sportui","8":"product_cat-akcijos","9":"product_cat-kojines","11":"first","12":"instock","13":"sale","14":"shipping-taxable","15":"purchasable","16":"product-type-variable"},"acf":[],"tiered_pricing_type":"fixed","tiered_pricing_fixed_rules":[],"tiered_pricing_product_settings":{"layout":"default","base_unit_name":{"singular":null,"plural":null},"default_variation":null},"tiered_pricing_minimum_quantity":null,"tiered_pricing_roles_data":[],"tiered_pricing_percentage_rules":[],"_links":{"self":[{"href":"https:\/\/purama.lt\/fi\/wp-json\/wp\/v2\/product\/31606","targetHints":{"allow":["GET"]}}],"collection":[{"href":"https:\/\/purama.lt\/fi\/wp-json\/wp\/v2\/product"}],"about":[{"href":"https:\/\/purama.lt\/fi\/wp-json\/wp\/v2\/types\/product"}],"replies":[{"embeddable":true,"href":"https:\/\/purama.lt\/fi\/wp-json\/wp\/v2\/comments?post=31606"}],"wp:featuredmedia":[{"embeddable":true,"href":"https:\/\/purama.lt\/fi\/wp-json\/wp\/v2\/media\/31664"}],"wp:attachment":[{"href":"https:\/\/purama.lt\/fi\/wp-json\/wp\/v2\/media?parent=31606"}],"wp:term":[{"taxonomy":"product_brand","embeddable":true,"href":"https:\/\/purama.lt\/fi\/wp-json\/wp\/v2\/product_brand?post=31606"},{"taxonomy":"product_cat","embeddable":true,"href":"https:\/\/purama.lt\/fi\/wp-json\/wp\/v2\/product_cat?post=31606"},{"taxonomy":"product_tag","embeddable":true,"href":"https:\/\/purama.lt\/fi\/wp-json\/wp\/v2\/product_tag?post=31606"}],"curies":[{"name":"wp","href":"https:\/\/api.w.org\/{rel}","templated":true}]}}