{"id":31605,"date":"2025-01-15T11:40:25","date_gmt":"2025-01-15T11:40:25","guid":{"rendered":"https:\/\/purama.lt\/produktas\/kojines-race-eye-sporcks\/"},"modified":"2026-04-20T16:13:50","modified_gmt":"2026-04-20T14:13:50","slug":"kojines-race-eye-sporcks","status":"publish","type":"product","link":"https:\/\/purama.lt\/fi\/produktas\/kojines-race-eye-sporcks\/","title":{"rendered":"SPORCKS Race Eye urheilusukat"},"content":{"rendered":"<p>Etsitk\u00f6 lis\u00e4\u00e4? Katso kaikki <a href=\"\/fi\/tuoteselosteet\/sporcks\/\">Sporcks-valikoima<\/a>.<\/p>","protected":false},"excerpt":{"rendered":"<p><strong>SPORCKS Race Eye<\/strong> - on ensiluokkainen juoksusukka, joka on suunniteltu mukavuuteen, suojaan ja suorituskykyyn pidemmill\u00e4 juoksulenkill\u00e4. N\u00e4m\u00e4 sukat antavat parempaa tukea nilkan ja reisilihaksen alueelle, mik\u00e4 lis\u00e4\u00e4 vakautta ja v\u00e4hent\u00e4\u00e4 jalkojen v\u00e4symist\u00e4. Keskitason kompressio edist\u00e4\u00e4 verenkiertoa, v\u00e4hent\u00e4\u00e4 tulehduksia ja auttaa sinua palautumaan nopeammin intensiivisist\u00e4 harjoituksista.<\/p>\n<p>Korkealaatuiset kantap\u00e4\u00e4- ja varvasalueet. <strong>COOLMAX\u00ae froteekangas<\/strong>, joka vaimentaa tehokkaasti iskuja, hengitt\u00e4\u00e4 erinomaisesti ja est\u00e4\u00e4 rakkuloiden muodostumista. Hengitt\u00e4v\u00e4 verkko optimoi ihon l\u00e4mm\u00f6ns\u00e4\u00e4tely\u00e4, ja kosteutta siirt\u00e4v\u00e4n teknologian ansiosta sukat kuivuvat nopeasti pit\u00e4en sinut kuivana ja mukavana my\u00f6s intensiivisimmiss\u00e4 aktiviteeteissa.<\/p>\n<hr \/>\n<h3><strong>T\u00e4rkeimm\u00e4t ominaisuudet:<\/strong><\/h3>\n<ul>\n<li><strong>Parannettu tuki:<\/strong> Vakauttaa nilkan ja jalkapohjat ja takaa turvallisuuden.<\/li>\n<li><strong>Keskikokoinen puristus:<\/strong> Parantaa verenkiertoa ja v\u00e4hent\u00e4\u00e4 lihasv\u00e4symyst\u00e4.<\/li>\n<li><strong>COOLMAX\u00ae-kangas:<\/strong> V\u00e4hent\u00e4\u00e4 iskuja, tarjoaa hengitt\u00e4vyytt\u00e4 ja suojaa rakkuloita vastaan.<\/li>\n<li><strong>Hengitt\u00e4v\u00e4 verkko:<\/strong> Auttaa yll\u00e4pit\u00e4m\u00e4\u00e4n ihon optimaalista l\u00e4mp\u00f6tilaa.<\/li>\n<li><strong>Kosteuden poisto:<\/strong> Poistaa kosteuden nopeasti ja varmistaa kuivuuden.<\/li>\n<li><strong>Valmistettu Espanjassa:<\/strong> Todistettu ammattimainen laatu ja kest\u00e4vyys.<\/li>\n<li><strong>Koostumus:<\/strong> Coolmax\u00ae ja nailon takaavat pehmeyden ja mukavuuden.<\/li>\n<\/ul>\n<hr \/>\n<p><strong>\u201eRace Eye\u201c SPORKIT<\/strong> - ei ainoastaan teknisesti edistykselliset juoksusukat, vaan my\u00f6s luotettava kumppani harjoitteluun ja kilpailuihin. Valitse mukavuutta, suojaa ja moitteetonta tyyli\u00e4 joka askeleella!<\/p>","protected":false},"featured_media":31644,"comment_status":"open","ping_status":"closed","template":"","meta":{"_acf_changed":false},"product_brand":[246],"product_cat":[98,57,102],"product_tag":[],"class_list":{"0":"post-31605","1":"product","2":"type-product","3":"status-publish","4":"has-post-thumbnail","6":"product_brand-sporcks","7":"product_cat-sportui","8":"product_cat-akcijos","9":"product_cat-kojines","11":"first","12":"instock","13":"sale","14":"shipping-taxable","15":"purchasable","16":"product-type-variable","17":"has-default-attributes"},"acf":[],"tiered_pricing_type":"fixed","tiered_pricing_fixed_rules":[],"tiered_pricing_product_settings":{"layout":"default","base_unit_name":{"singular":null,"plural":null},"default_variation":null},"tiered_pricing_minimum_quantity":null,"tiered_pricing_roles_data":[],"tiered_pricing_percentage_rules":[],"_links":{"self":[{"href":"https:\/\/purama.lt\/fi\/wp-json\/wp\/v2\/product\/31605","targetHints":{"allow":["GET"]}}],"collection":[{"href":"https:\/\/purama.lt\/fi\/wp-json\/wp\/v2\/product"}],"about":[{"href":"https:\/\/purama.lt\/fi\/wp-json\/wp\/v2\/types\/product"}],"replies":[{"embeddable":true,"href":"https:\/\/purama.lt\/fi\/wp-json\/wp\/v2\/comments?post=31605"}],"wp:featuredmedia":[{"embeddable":true,"href":"https:\/\/purama.lt\/fi\/wp-json\/wp\/v2\/media\/31644"}],"wp:attachment":[{"href":"https:\/\/purama.lt\/fi\/wp-json\/wp\/v2\/media?parent=31605"}],"wp:term":[{"taxonomy":"product_brand","embeddable":true,"href":"https:\/\/purama.lt\/fi\/wp-json\/wp\/v2\/product_brand?post=31605"},{"taxonomy":"product_cat","embeddable":true,"href":"https:\/\/purama.lt\/fi\/wp-json\/wp\/v2\/product_cat?post=31605"},{"taxonomy":"product_tag","embeddable":true,"href":"https:\/\/purama.lt\/fi\/wp-json\/wp\/v2\/product_tag?post=31605"}],"curies":[{"name":"wp","href":"https:\/\/api.w.org\/{rel}","templated":true}]}}