{"id":31604,"date":"2025-01-15T11:40:25","date_gmt":"2025-01-15T11:40:25","guid":{"rendered":"https:\/\/purama.lt\/produktas\/kojines-born-to-run-orange-sporcks\/"},"modified":"2026-04-18T09:05:15","modified_gmt":"2026-04-18T07:05:15","slug":"kojines-born-to-run-oranssi-sporcks","status":"publish","type":"product","link":"https:\/\/purama.lt\/fi\/produktas\/kojines-born-to-run-orange-sporcks\/","title":{"rendered":"SPORCKS Born To Run Oranssit urheilusukat"},"content":{"rendered":"<p>Etsitk\u00f6 lis\u00e4\u00e4? Katso kaikki <a href=\"\/fi\/tuoteselosteet\/sporcks\/\">Sporcks-valikoima<\/a>.<\/p>","protected":false},"excerpt":{"rendered":"<p><strong>SPORCKS Born To Run Oranssi<\/strong> - on korkean suorituskyvyn juoksusukka, joka on suunniteltu niille, jotka haluavat mukavuutta, suojaa ja parempia tuloksia joka askeleella. Sukat tarjoavat parempaa nilkka- ja jalkapohjatukea, vakautta ja auttavat v\u00e4hent\u00e4m\u00e4\u00e4n lihasv\u00e4symyst\u00e4. Keskitason kompressio parantaa verenkiertoa ja v\u00e4hent\u00e4\u00e4 tulehduksia, joten ne ovat ihanteelliset pitkille matkoille.<\/p>\n<p>Innovatiivisesta materiaalista valmistettu kantap\u00e4\u00e4 ja varvasalueet <strong>COOLMAX\u00ae froteekangas<\/strong>, joka vaimentaa tehokkaasti iskuja, takaa t\u00e4ydellisen hengityksen ja auttaa ehk\u00e4isem\u00e4\u00e4n rakkuloita. Hengitt\u00e4v\u00e4 verkko optimoi ihon l\u00e4mm\u00f6ns\u00e4\u00e4tely\u00e4, ja kosteutta siirt\u00e4v\u00e4 teknologia pit\u00e4\u00e4 jalat kuivina my\u00f6s intensiivisimmill\u00e4 juoksulenkill\u00e4.<\/p>\n<hr \/>\n<h3><strong>T\u00e4rkeimm\u00e4t ominaisuudet:<\/strong><\/h3>\n<ul>\n<li><strong>Parannettu tuki:<\/strong> Vakauttaa nilkan ja jalkapohjat ja antaa lis\u00e4turvaa.<\/li>\n<li><strong>Keskikokoinen puristus:<\/strong> Parantaa verenkiertoa ja v\u00e4hent\u00e4\u00e4 tulehdusta.<\/li>\n<li><strong>COOLMAX\u00ae-kangas:<\/strong> V\u00e4hent\u00e4\u00e4 iskuja, tarjoaa hengitt\u00e4vyytt\u00e4 ja mukavuutta.<\/li>\n<li><strong>Rakkuloiden suojaus:<\/strong> Suunniteltu tarjoamaan miellytt\u00e4v\u00e4 juoksukokemus.<\/li>\n<li><strong>Hengitt\u00e4v\u00e4 verkko:<\/strong> S\u00e4ilytt\u00e4\u00e4 ihon optimaalisen l\u00e4mp\u00f6tilan intensiivisen harjoittelun aikana.<\/li>\n<li><strong>Nopea kosteuden poisto:<\/strong> Varmistaa kuivuuden pitkienkin matkojen j\u00e4lkeen.<\/li>\n<li><strong>Valmistettu Espanjassa:<\/strong> Ammattilaisurheilijoiden todistama laatu ja kest\u00e4vyys.<\/li>\n<li><strong>Koostumus:<\/strong> Coolmax\u00ae ja nailon takaavat pehmeyden ja mukavuuden.<\/li>\n<\/ul>\n<hr \/>\n<p><strong>\u201eBorn To Run Orange\u201c -sportsit<\/strong> - Sukat, jotka mukautuvat liikkumisrytmiisi, antavat sinulle itseluottamusta ja antavat sinulle mahdollisuuden saavuttaa parhaat tulokset t\u00e4ydellisell\u00e4 mukavuudella. Tunne ero joka askeleella!<\/p>","protected":false},"featured_media":31693,"comment_status":"open","ping_status":"closed","template":"","meta":{"_acf_changed":false},"product_brand":[246],"product_cat":[98,57,102],"product_tag":[],"class_list":{"0":"post-31604","1":"product","2":"type-product","3":"status-publish","4":"has-post-thumbnail","6":"product_brand-sporcks","7":"product_cat-sportui","8":"product_cat-akcijos","9":"product_cat-kojines","11":"first","12":"instock","13":"sale","14":"shipping-taxable","15":"purchasable","16":"product-type-variable"},"acf":[],"tiered_pricing_type":"fixed","tiered_pricing_fixed_rules":[],"tiered_pricing_product_settings":{"layout":"default","base_unit_name":{"singular":null,"plural":null},"default_variation":null},"tiered_pricing_minimum_quantity":null,"tiered_pricing_roles_data":[],"tiered_pricing_percentage_rules":[],"_links":{"self":[{"href":"https:\/\/purama.lt\/fi\/wp-json\/wp\/v2\/product\/31604","targetHints":{"allow":["GET"]}}],"collection":[{"href":"https:\/\/purama.lt\/fi\/wp-json\/wp\/v2\/product"}],"about":[{"href":"https:\/\/purama.lt\/fi\/wp-json\/wp\/v2\/types\/product"}],"replies":[{"embeddable":true,"href":"https:\/\/purama.lt\/fi\/wp-json\/wp\/v2\/comments?post=31604"}],"wp:featuredmedia":[{"embeddable":true,"href":"https:\/\/purama.lt\/fi\/wp-json\/wp\/v2\/media\/31693"}],"wp:attachment":[{"href":"https:\/\/purama.lt\/fi\/wp-json\/wp\/v2\/media?parent=31604"}],"wp:term":[{"taxonomy":"product_brand","embeddable":true,"href":"https:\/\/purama.lt\/fi\/wp-json\/wp\/v2\/product_brand?post=31604"},{"taxonomy":"product_cat","embeddable":true,"href":"https:\/\/purama.lt\/fi\/wp-json\/wp\/v2\/product_cat?post=31604"},{"taxonomy":"product_tag","embeddable":true,"href":"https:\/\/purama.lt\/fi\/wp-json\/wp\/v2\/product_tag?post=31604"}],"curies":[{"name":"wp","href":"https:\/\/api.w.org\/{rel}","templated":true}]}}