{"id":31602,"date":"2025-01-15T11:40:25","date_gmt":"2025-01-15T11:40:25","guid":{"rendered":"https:\/\/purama.lt\/produktas\/kojines-stay-magic-sporcks\/"},"modified":"2026-04-24T08:05:25","modified_gmt":"2026-04-24T06:05:25","slug":"kojines-pysyy-maaginen-sporcks","status":"publish","type":"product","link":"https:\/\/purama.lt\/fi\/produktas\/kojines-stay-magic-sporcks\/","title":{"rendered":"SPORCKS Stay Magic urheilusukat"},"content":{"rendered":"<p>Etsitk\u00f6 lis\u00e4\u00e4? Katso kaikki <a href=\"\/fi\/tuoteselosteet\/sporcks\/\">Sporcks-valikoima<\/a>.<\/p>","protected":false},"excerpt":{"rendered":"<p><strong>SPORCKS Stay Magic<\/strong> - on moderni juoksusukka, joka on suunniteltu maksimaaliseen mukavuuteen, suojaan ja suorituskykyyn pitkien juoksulenkkien aikana. Vahvistettu tuki nilkassa ja pohkeessa antaa vakautta ja auttaa v\u00e4hent\u00e4m\u00e4\u00e4n lihasten v\u00e4symist\u00e4. Keskivahva kompressio edist\u00e4\u00e4 verenkiertoa ja v\u00e4hent\u00e4\u00e4 tulehduksia, joten voit tuntea olosi mukavaksi my\u00f6s intensiivisimmiss\u00e4 treeneiss\u00e4.<\/p>\n<p>Kantap\u00e4\u00e4 ja varpaat \u00e4lykk\u00e4\u00e4st\u00e4 materiaalista <strong>COOLMAX\u00ae froteekangas<\/strong>, joka vaimentaa tehokkaasti iskuja, takaa optimaalisen hengitt\u00e4vyyden ja suojaa ihoa rakkuloilta. Hengitt\u00e4v\u00e4 verkko auttaa yll\u00e4pit\u00e4m\u00e4\u00e4n ihon optimaalista l\u00e4mp\u00f6tilaa, ja kosteutta siirt\u00e4v\u00e4n teknologian ansiosta sukat kuivuvat nopeasti ja pysyv\u00e4t kuivina ja raikkaina.<\/p>\n<hr \/>\n<h3><strong>T\u00e4rkeimm\u00e4t ominaisuudet:<\/strong><\/h3>\n<ul>\n<li><strong>Parannettu tuki:<\/strong> Lis\u00e4\u00e4 vakautta nilkkaan ja jalkater\u00e4\u00e4n.<\/li>\n<li><strong>Keskikokoinen puristus:<\/strong> Stimuloi verenkiertoa ja v\u00e4hent\u00e4\u00e4 lihasj\u00e4nnityst\u00e4.<\/li>\n<li><strong>COOLMAX\u00ae-kangas:<\/strong> V\u00e4hent\u00e4\u00e4 iskuja, tarjoaa hengitt\u00e4vyytt\u00e4 ja suojaa rakkuloita vastaan.<\/li>\n<li><strong>Hengitt\u00e4v\u00e4 verkko:<\/strong> S\u00e4ilytt\u00e4\u00e4 ihon optimaalisen l\u00e4mp\u00f6tilan intensiivisen juoksun aikana.<\/li>\n<li><strong>Kosteuden poisto:<\/strong> Poistaa tehokkaasti kosteuden ja kuivuu nopeasti.<\/li>\n<li><strong>Valmistettu Espanjassa:<\/strong> Takuu korkeimmasta laadusta, jonka ammattilaisurheilijat ovat hyv\u00e4ksyneet.<\/li>\n<li><strong>Koostumus:<\/strong> Coolmax\u00ae ja nailon takaavat pehmeyden ja kest\u00e4vyyden.<\/li>\n<\/ul>\n<hr \/>\n<p><strong>\u201ePysy taikana\u201c SPORKIT<\/strong> - on tyylik\u00e4s ja k\u00e4yt\u00e4nn\u00f6llinen valinta juoksijoille, jotka arvostavat laatua ja mukavuutta joka askeleella. Tutustu juoksun uuteen tasoon sukkien avulla, jotka on suunniteltu auttamaan sinua saavuttamaan parhaan suorituskykysi!<\/p>","protected":false},"featured_media":31648,"comment_status":"open","ping_status":"closed","template":"","meta":{"_acf_changed":false},"product_brand":[246],"product_cat":[98,57,102],"product_tag":[],"class_list":{"0":"post-31602","1":"product","2":"type-product","3":"status-publish","4":"has-post-thumbnail","6":"product_brand-sporcks","7":"product_cat-sportui","8":"product_cat-akcijos","9":"product_cat-kojines","11":"first","12":"instock","13":"sale","14":"shipping-taxable","15":"purchasable","16":"product-type-variable"},"acf":[],"tiered_pricing_type":"fixed","tiered_pricing_fixed_rules":[],"tiered_pricing_product_settings":{"layout":"default","base_unit_name":{"singular":null,"plural":null},"default_variation":null},"tiered_pricing_minimum_quantity":null,"tiered_pricing_roles_data":[],"tiered_pricing_percentage_rules":[],"_links":{"self":[{"href":"https:\/\/purama.lt\/fi\/wp-json\/wp\/v2\/product\/31602","targetHints":{"allow":["GET"]}}],"collection":[{"href":"https:\/\/purama.lt\/fi\/wp-json\/wp\/v2\/product"}],"about":[{"href":"https:\/\/purama.lt\/fi\/wp-json\/wp\/v2\/types\/product"}],"replies":[{"embeddable":true,"href":"https:\/\/purama.lt\/fi\/wp-json\/wp\/v2\/comments?post=31602"}],"wp:featuredmedia":[{"embeddable":true,"href":"https:\/\/purama.lt\/fi\/wp-json\/wp\/v2\/media\/31648"}],"wp:attachment":[{"href":"https:\/\/purama.lt\/fi\/wp-json\/wp\/v2\/media?parent=31602"}],"wp:term":[{"taxonomy":"product_brand","embeddable":true,"href":"https:\/\/purama.lt\/fi\/wp-json\/wp\/v2\/product_brand?post=31602"},{"taxonomy":"product_cat","embeddable":true,"href":"https:\/\/purama.lt\/fi\/wp-json\/wp\/v2\/product_cat?post=31602"},{"taxonomy":"product_tag","embeddable":true,"href":"https:\/\/purama.lt\/fi\/wp-json\/wp\/v2\/product_tag?post=31602"}],"curies":[{"name":"wp","href":"https:\/\/api.w.org\/{rel}","templated":true}]}}