{"id":31601,"date":"2025-01-15T11:40:25","date_gmt":"2025-01-15T11:40:25","guid":{"rendered":"https:\/\/purama.lt\/produktas\/kojines-flamingo-sporcks\/"},"modified":"2026-04-29T20:41:26","modified_gmt":"2026-04-29T18:41:26","slug":"kojines-flamingo-sporcks","status":"publish","type":"product","link":"https:\/\/purama.lt\/fi\/produktas\/kojines-flamingo-sporcks\/","title":{"rendered":"SPORCKS Flamingo urheilusukat"},"content":{"rendered":"<p>Etsitk\u00f6 lis\u00e4\u00e4? Katso kaikki <a href=\"\/fi\/tuoteselosteet\/sporcks\/\">Sporcks-valikoima<\/a>.<\/p>","protected":false},"excerpt":{"rendered":"<p><strong>SPORCKS Flamingo<\/strong> - N\u00e4m\u00e4 tyylikk\u00e4\u00e4t ja toiminnalliset juoksusukat on suunniteltu tarjoamaan vertaansa vailla olevaa mukavuutta ja suorituskyky\u00e4 koko matkan ajan. Vahvistettu nilkka- ja jalkap\u00f6yt\u00e4tuki antaa vakautta, kun taas keskivahva kompressio parantaa verenkiertoa ja v\u00e4hent\u00e4\u00e4 tulehduksia jopa kaikkein intensiivisimm\u00e4n harjoittelun aikana.<\/p>\n<p>Korkealaatuiset kantap\u00e4\u00e4- ja varvasalueet. <strong>COOLMAX\u00ae froteekangas<\/strong>joka vaimentaa tehokkaasti iskuja, tarjoaa erinomaisen hengitt\u00e4vyyden ja auttaa ehk\u00e4isem\u00e4\u00e4n rakkuloita. Hengitt\u00e4v\u00e4 verkko pit\u00e4\u00e4 ihon l\u00e4mp\u00f6tilan optimaalisena ja kosteutta siirt\u00e4v\u00e4 teknologia pit\u00e4\u00e4 jalat kuivina my\u00f6s pisimmill\u00e4 juoksulenkill\u00e4.<\/p>\n<hr \/>\n<h3><strong>T\u00e4rkeimm\u00e4t ominaisuudet:<\/strong><\/h3>\n<ul>\n<li><strong>Parannettu tuki:<\/strong> Tarjoaa vakautta nilkkaan ja pohjaan.<\/li>\n<li><strong>Keskikokoinen puristus:<\/strong> Parantaa verenkiertoa ja v\u00e4hent\u00e4\u00e4 lihasv\u00e4symyst\u00e4.<\/li>\n<li><strong>COOLMAX\u00ae-kangas:<\/strong> V\u00e4hent\u00e4\u00e4 iskuja, ehk\u00e4isee rakkuloita ja takaa hengitt\u00e4vyyden.<\/li>\n<li><strong>Hengitt\u00e4v\u00e4 verkko:<\/strong> Tukee ihon l\u00e4mm\u00f6ns\u00e4\u00e4tely\u00e4 jopa intensiivisimm\u00e4nkin harjoittelun aikana.<\/li>\n<li><strong>Nopea kosteuden poisto:<\/strong> Sukat pysyv\u00e4t kuivina ja raikkaina.<\/li>\n<li><strong>Valmistettu Espanjassa:<\/strong> Laatu ja kest\u00e4vyys taattu.<\/li>\n<li><strong>Koostumus:<\/strong> Coolmax\u00ae ja nailon takaavat pehmeyden ja sileyden.<\/li>\n<\/ul>\n<hr \/>\n<p><strong>\"Flamingo\" SPORKKI<\/strong> - on ihanteellinen valinta niille, jotka arvostavat laatua, mukavuutta ja tyylik\u00e4st\u00e4 muotoilua. N\u00e4ill\u00e4 sukilla voit nauttia hauskasta juoksusta ja saavuttaa uusia tavoitteita!<\/p>","protected":false},"featured_media":31660,"comment_status":"open","ping_status":"closed","template":"","meta":{"_acf_changed":false},"product_brand":[246],"product_cat":[98,57,102],"product_tag":[],"class_list":{"0":"post-31601","1":"product","2":"type-product","3":"status-publish","4":"has-post-thumbnail","6":"product_brand-sporcks","7":"product_cat-sportui","8":"product_cat-akcijos","9":"product_cat-kojines","11":"first","12":"instock","13":"sale","14":"shipping-taxable","15":"purchasable","16":"product-type-variable"},"acf":[],"tiered_pricing_type":"fixed","tiered_pricing_fixed_rules":[],"tiered_pricing_product_settings":{"layout":"default","base_unit_name":{"singular":null,"plural":null},"default_variation":null},"tiered_pricing_minimum_quantity":null,"tiered_pricing_roles_data":[],"tiered_pricing_percentage_rules":[],"_links":{"self":[{"href":"https:\/\/purama.lt\/fi\/wp-json\/wp\/v2\/product\/31601","targetHints":{"allow":["GET"]}}],"collection":[{"href":"https:\/\/purama.lt\/fi\/wp-json\/wp\/v2\/product"}],"about":[{"href":"https:\/\/purama.lt\/fi\/wp-json\/wp\/v2\/types\/product"}],"replies":[{"embeddable":true,"href":"https:\/\/purama.lt\/fi\/wp-json\/wp\/v2\/comments?post=31601"}],"wp:featuredmedia":[{"embeddable":true,"href":"https:\/\/purama.lt\/fi\/wp-json\/wp\/v2\/media\/31660"}],"wp:attachment":[{"href":"https:\/\/purama.lt\/fi\/wp-json\/wp\/v2\/media?parent=31601"}],"wp:term":[{"taxonomy":"product_brand","embeddable":true,"href":"https:\/\/purama.lt\/fi\/wp-json\/wp\/v2\/product_brand?post=31601"},{"taxonomy":"product_cat","embeddable":true,"href":"https:\/\/purama.lt\/fi\/wp-json\/wp\/v2\/product_cat?post=31601"},{"taxonomy":"product_tag","embeddable":true,"href":"https:\/\/purama.lt\/fi\/wp-json\/wp\/v2\/product_tag?post=31601"}],"curies":[{"name":"wp","href":"https:\/\/api.w.org\/{rel}","templated":true}]}}