{"id":31600,"date":"2025-01-15T11:40:25","date_gmt":"2025-01-15T11:40:25","guid":{"rendered":"https:\/\/purama.lt\/produktas\/kojines-up-up-up-pink-sporcks\/"},"modified":"2026-04-03T10:31:30","modified_gmt":"2026-04-03T08:31:30","slug":"kojines-up-up-up-up-up-pink-sporcks","status":"publish","type":"product","link":"https:\/\/purama.lt\/fi\/produktas\/kojines-up-up-up-pink-sporcks\/","title":{"rendered":"SPORCKS Up Up Up Up Vaaleanpunaiset urheilusukat"},"content":{"rendered":"<p>Etsitk\u00f6 lis\u00e4\u00e4? Katso kaikki <a href=\"\/fi\/tuoteselosteet\/sporcks\/\">Sporcks-valikoima<\/a>.<\/p>","protected":false},"excerpt":{"rendered":"<p><strong>SPORCKS Up Up Up Pink<\/strong> - on t\u00e4ydellinen valinta py\u00f6r\u00e4ilyn harrastajille, jotka etsiv\u00e4t maksimaalista laatua, mukavuutta ja toimivuutta. Korkealaatuisesta nailonista valmistetut ultrakevyet sukat takaavat tehokkaan kosteudensiirron, nopean kuivumisen ja hengitt\u00e4vien materiaalien tuoman mukavuuden. Jopa intensiivisimmist\u00e4 treeneist\u00e4 tulee nautinnollisempia ja helpompia.<\/p>\n<p>Vahvistetut kanta- ja varvasalueet takaavat kest\u00e4vyyden ja suojaavat kulumiselta, ja keskitasoinen puristus auttaa parantamaan verenkiertoa ja v\u00e4hent\u00e4m\u00e4\u00e4n jalkojen v\u00e4symist\u00e4. \u201eUp Up Pink -jalkineet eiv\u00e4t ole vain toiminnalliset vaan my\u00f6s tyylikk\u00e4\u00e4t, joten treenist\u00e4si tulee paitsi tehokas my\u00f6s poikkeuksellisen tyylik\u00e4s.<\/p>\n<hr \/>\n<h3><strong>T\u00e4rkeimm\u00e4t ominaisuudet:<\/strong><\/h3>\n<ul>\n<li><strong>Keskikokoinen puristus:<\/strong> Parantaa verenkiertoa, v\u00e4hent\u00e4\u00e4 jalkojen v\u00e4symist\u00e4 ja lis\u00e4\u00e4 mukavuutta.<\/li>\n<li><strong>Korkealaatuista nailonia:<\/strong> Hoitaa tehokkaasti kosteuden pois ja kuivuu nopeasti pit\u00e4en jalat kuivina.<\/li>\n<li><strong>Hengitt\u00e4v\u00e4t materiaalit:<\/strong> Varmistaa l\u00e4mm\u00f6ns\u00e4\u00e4telyn ja mukavuuden my\u00f6s aktiivisimpien harjoitusten aikana.<\/li>\n<li><strong>Kantap\u00e4\u00e4 ja varpaat vahvistettu:<\/strong> Lis\u00e4\u00e4 kest\u00e4vyytt\u00e4 ja est\u00e4\u00e4 nopeaa kulumista.<\/li>\n<li><strong>Kevyt rakenne:<\/strong> Suunniteltu siten, ett\u00e4 ne istuvat huomaamattomasti jalkaasi ja mahdollistavat vapaan liikkumisen.<\/li>\n<li><strong>Valmistettu Espanjassa:<\/strong> Korkeinta laatua, ammattilaisurheilijoiden hyv\u00e4ksym\u00e4t.<\/li>\n<li><strong>Suositellaan:<\/strong> Sopii lauhkeaan ilmastoon, mutta sopii monenlaisiin s\u00e4\u00e4olosuhteisiin.<\/li>\n<\/ul>\n<hr \/>\n<p><strong>\u201eUp Up Up Pink\u201c SPORKIT<\/strong> - ihanteellinen kumppanisi pitkien matkojen kulkemiseen ja parhaiden tulosten saavuttamiseen. Valitse luotettavuus, tyyli ja mukavuus joka askeleelle tai kilometrille!<\/p>","protected":false},"featured_media":31640,"comment_status":"open","ping_status":"closed","template":"","meta":{"_acf_changed":false},"product_brand":[246],"product_cat":[98,102],"product_tag":[],"class_list":{"0":"post-31600","1":"product","2":"type-product","3":"status-publish","4":"has-post-thumbnail","6":"product_brand-sporcks","7":"product_cat-sportui","8":"product_cat-kojines","10":"first","11":"outofstock","12":"shipping-taxable","13":"purchasable","14":"product-type-variable"},"acf":[],"tiered_pricing_type":"fixed","tiered_pricing_fixed_rules":[],"tiered_pricing_product_settings":{"layout":"default","base_unit_name":{"singular":null,"plural":null},"default_variation":null},"tiered_pricing_minimum_quantity":null,"tiered_pricing_roles_data":[],"tiered_pricing_percentage_rules":[],"_links":{"self":[{"href":"https:\/\/purama.lt\/fi\/wp-json\/wp\/v2\/product\/31600","targetHints":{"allow":["GET"]}}],"collection":[{"href":"https:\/\/purama.lt\/fi\/wp-json\/wp\/v2\/product"}],"about":[{"href":"https:\/\/purama.lt\/fi\/wp-json\/wp\/v2\/types\/product"}],"replies":[{"embeddable":true,"href":"https:\/\/purama.lt\/fi\/wp-json\/wp\/v2\/comments?post=31600"}],"wp:featuredmedia":[{"embeddable":true,"href":"https:\/\/purama.lt\/fi\/wp-json\/wp\/v2\/media\/31640"}],"wp:attachment":[{"href":"https:\/\/purama.lt\/fi\/wp-json\/wp\/v2\/media?parent=31600"}],"wp:term":[{"taxonomy":"product_brand","embeddable":true,"href":"https:\/\/purama.lt\/fi\/wp-json\/wp\/v2\/product_brand?post=31600"},{"taxonomy":"product_cat","embeddable":true,"href":"https:\/\/purama.lt\/fi\/wp-json\/wp\/v2\/product_cat?post=31600"},{"taxonomy":"product_tag","embeddable":true,"href":"https:\/\/purama.lt\/fi\/wp-json\/wp\/v2\/product_tag?post=31600"}],"curies":[{"name":"wp","href":"https:\/\/api.w.org\/{rel}","templated":true}]}}