{"id":31599,"date":"2025-01-15T11:40:25","date_gmt":"2025-01-15T11:40:25","guid":{"rendered":"https:\/\/purama.lt\/produktas\/kojines-up-up-up-yellow-sporcks\/"},"modified":"2026-04-06T19:14:10","modified_gmt":"2026-04-06T17:14:10","slug":"kojines-ylos-ylos-ylos-ylos-ylos-ylos-keltaiset-sporukat","status":"publish","type":"product","link":"https:\/\/purama.lt\/fi\/produktas\/kojines-up-up-up-yellow-sporcks\/","title":{"rendered":"SPORCKS Up Up Up Up Up Keltaiset urheilusukat"},"content":{"rendered":"<p>Etsitk\u00f6 lis\u00e4\u00e4? Katso kaikki <a href=\"\/fi\/tuoteselosteet\/sporcks\/\">Sporcks-valikoima<\/a>.<\/p>","protected":false},"excerpt":{"rendered":"<p><strong>SPORCKS Up Up Up Yellow<\/strong> - on eksklusiivinen py\u00f6r\u00e4ilysukka, joka on suunniteltu tarjoamaan maksimaalisen mukavuuden ja toimivuuden my\u00f6s kaikkein intensiivisimmiss\u00e4 harjoituksissa. Laadukkaasta nailonista valmistetut ultrakevyet sukat siirt\u00e4v\u00e4t kosteutta tehokkaasti, kuivuvat nopeasti ja pit\u00e4v\u00e4t jalat kuivina my\u00f6s kovassa rasituksessa.<\/p>\n<p>Hengitt\u00e4v\u00e4t materiaalit tukevat ihon l\u00e4mm\u00f6ns\u00e4\u00e4tely\u00e4, kun taas vahvistetut kanta- ja varvasalueet takaavat kest\u00e4vyyden ja suojaavat kulumiselta. Keskitason kompressio parantaa verenkiertoa, v\u00e4hent\u00e4\u00e4 v\u00e4symyst\u00e4 ja lis\u00e4\u00e4 mukavuutta pitkill\u00e4 matkoilla.<\/p>\n<hr \/>\n<h3><strong>T\u00e4rkeimm\u00e4t ominaisuudet:<\/strong><\/h3>\n<ul>\n<li><strong>Keskikokoinen puristus:<\/strong> Parantaa verenkiertoa ja v\u00e4hent\u00e4\u00e4 jalkojen v\u00e4symist\u00e4.<\/li>\n<li><strong>Korkealaatuista nailonia:<\/strong> Poistaa tehokkaasti kosteuden ja varmistaa nopean kuivumisen.<\/li>\n<li><strong>Hengitt\u00e4v\u00e4t materiaalit:<\/strong> S\u00e4ilytt\u00e4\u00e4 jalkojen optimaalisen l\u00e4mp\u00f6tilan my\u00f6s intensiivisen harjoittelun aikana.<\/li>\n<li><strong>Kantap\u00e4\u00e4 ja varpaat vahvistettu:<\/strong> Varmistaa kest\u00e4vyyden ja suojan.<\/li>\n<li><strong>Kevyt rakenne:<\/strong> Ihanteellinen pitkiin py\u00f6r\u00e4ilyharjoituksiin tai kilpailuihin.<\/li>\n<li><strong>Valmistettu Espanjassa:<\/strong> Korkeinta laatua, ammattilaisurheilijoiden hyv\u00e4ksym\u00e4t.<\/li>\n<li><strong>Suositellaan:<\/strong> Sopii lauhkeaan ilmastoon, mutta sopii monenlaisiin s\u00e4\u00e4olosuhteisiin.<\/li>\n<\/ul>\n<hr \/>\n<p><strong>\u201eYl\u00f6s yl\u00f6s yl\u00f6s yl\u00f6s keltainen\u201c SPORKKI<\/strong> - se ei ole pelkk\u00e4 sukka, vaan luotettava kumppani treeneiss\u00e4si. Valitse laatu ja tyyli, jonka avulla saavutat parhaat tulokset jokaisella kilometrill\u00e4!<\/p>","protected":false},"featured_media":31636,"comment_status":"open","ping_status":"closed","template":"","meta":{"_acf_changed":false},"product_brand":[246],"product_cat":[98,57,102],"product_tag":[],"class_list":{"0":"post-31599","1":"product","2":"type-product","3":"status-publish","4":"has-post-thumbnail","6":"product_brand-sporcks","7":"product_cat-sportui","8":"product_cat-akcijos","9":"product_cat-kojines","11":"first","12":"instock","13":"sale","14":"shipping-taxable","15":"purchasable","16":"product-type-variable"},"acf":[],"tiered_pricing_type":"fixed","tiered_pricing_fixed_rules":[],"tiered_pricing_product_settings":{"layout":"default","base_unit_name":{"singular":null,"plural":null},"default_variation":null},"tiered_pricing_minimum_quantity":null,"tiered_pricing_roles_data":[],"tiered_pricing_percentage_rules":[],"_links":{"self":[{"href":"https:\/\/purama.lt\/fi\/wp-json\/wp\/v2\/product\/31599","targetHints":{"allow":["GET"]}}],"collection":[{"href":"https:\/\/purama.lt\/fi\/wp-json\/wp\/v2\/product"}],"about":[{"href":"https:\/\/purama.lt\/fi\/wp-json\/wp\/v2\/types\/product"}],"replies":[{"embeddable":true,"href":"https:\/\/purama.lt\/fi\/wp-json\/wp\/v2\/comments?post=31599"}],"wp:featuredmedia":[{"embeddable":true,"href":"https:\/\/purama.lt\/fi\/wp-json\/wp\/v2\/media\/31636"}],"wp:attachment":[{"href":"https:\/\/purama.lt\/fi\/wp-json\/wp\/v2\/media?parent=31599"}],"wp:term":[{"taxonomy":"product_brand","embeddable":true,"href":"https:\/\/purama.lt\/fi\/wp-json\/wp\/v2\/product_brand?post=31599"},{"taxonomy":"product_cat","embeddable":true,"href":"https:\/\/purama.lt\/fi\/wp-json\/wp\/v2\/product_cat?post=31599"},{"taxonomy":"product_tag","embeddable":true,"href":"https:\/\/purama.lt\/fi\/wp-json\/wp\/v2\/product_tag?post=31599"}],"curies":[{"name":"wp","href":"https:\/\/api.w.org\/{rel}","templated":true}]}}