{"id":31595,"date":"2025-01-15T11:26:12","date_gmt":"2025-01-15T11:26:12","guid":{"rendered":"https:\/\/purama.lt\/?post_type=product&#038;p=31595"},"modified":"2026-04-10T13:03:23","modified_gmt":"2026-04-10T11:03:23","slug":"toner-hayejin-siunaus-itu","status":"publish","type":"product","link":"https:\/\/purama.lt\/fi\/produktas\/skaistinamasis-toneris-hayejin-blessing-of-sprout\/","title":{"rendered":"Kirkastava v\u00e4riaine HAYEJIN \"Blessing of Sprout\" (itujen siunaus)"},"content":{"rendered":"<p><strong>HAYEJIN \"Verson siunaaminen\"<\/strong>&nbsp;Purifying Toner erottuu muista kasvovedist\u00e4 luonnollisen koostumuksensa ja vaikutustensa ansiosta:<\/p>\n\n\n\n<p><strong>1. Ainutlaatuinen koostumus<\/strong><br>Vesi on rikastettu luonnollisilla kasviuutteilla ja aktiivisilla ainesosilla, jotka yhdess\u00e4 antavat iholle s\u00e4teilev\u00e4n ja terveen hehkun. Joitakin keskeisi\u00e4 ainesosia ovat mm:<\/p>\n\n\n\n<p>Niasiiniamidi: Auttaa kirkastamaan ihoa, v\u00e4hent\u00e4m\u00e4\u00e4n pigmenttil\u00e4iski\u00e4 ja tasoittamaan ihon s\u00e4vy\u00e4.<br>Centella Asiatica Leaf Extract: Tunnetaan sen rauhoittavista ja uudistavista ominaisuuksista.<br>Hyaluronihappo: Kosteuttaa ihoa syv\u00e4sti ja auttaa s\u00e4ilytt\u00e4m\u00e4\u00e4n kosteutta.<\/p>\n\n\n\n<p><strong>2. Kirkastaa ja tasoittaa ihon v\u00e4ri\u00e4<\/strong><br>Vesi auttaa v\u00e4hent\u00e4m\u00e4\u00e4n tummia l\u00e4iski\u00e4 ja pigmenttil\u00e4iski\u00e4, tasoittaa ihon s\u00e4vy\u00e4 ja antaa luonnollisen hehkun. T\u00e4m\u00e4 on erityisen hy\u00f6dyllist\u00e4, jos ihosi on altis pigmentaatiolle tai ep\u00e4tasaiselle ihon s\u00e4vylle.<\/p>\n\n\n\n<p><strong>3. Rauhoittava vaikutus<\/strong><br>Sis\u00e4lt\u00e4miens\u00e4 kasviuutteiden ansiosta kasvovedell\u00e4 on rauhoittava vaikutus, joka v\u00e4hent\u00e4\u00e4 iho\u00e4rsytyst\u00e4 ja tulehdusta. Se on t\u00e4ydellinen valinta herk\u00e4lle ja \u00e4rtyneelle iholle.<\/p>\n\n\n\n<p><strong>4. Kastelu ja virvoitus<\/strong><br>Vesi ei ainoastaan kirkasta, vaan my\u00f6s kosteuttaa ihoa syv\u00e4sti ja j\u00e4tt\u00e4\u00e4 sille virkistyneen tunteen. Hyaluronihappo auttaa s\u00e4ilytt\u00e4m\u00e4\u00e4n kosteutta, jolloin iho tuntuu pehme\u00e4lt\u00e4 ja joustavalta.<\/p>\n\n\n\n<p><strong>5. Antioksidanttiset ominaisuudet<\/strong><br>Veden sis\u00e4lt\u00e4m\u00e4t antioksidantit auttavat torjumaan vapaita radikaaleja ja suojaavat ihoa ymp\u00e4rist\u00f6n haitallisilta vaikutuksilta.<\/p>\n\n\n\n<p><strong>Ainesosat:<\/strong>&nbsp;Aqua, glyseriini, niasiiniamidi, Hamamelis Virginiana -lehtiuute, Aloe Barbadensis -lehtiuute, Chlorella Vulgaris -uute, Panax Ginseng -juuriuute, Camellia Sinensis -lehtiuute, luonnolliset s\u00e4il\u00f6nt\u00e4aineet, hajuste.<\/p>","protected":false},"excerpt":{"rendered":"<p><strong>HAYEJIN \"Verson siunaaminen\"<\/strong>\u00a0Purifying Toner on huomion arvoinen sen runsaan koostumuksen, monien ihohy\u00f6tyjen ja miellytt\u00e4v\u00e4n k\u00e4ytt\u00f6tuntuman vuoksi. Se on tuote, joka paitsi kirkastaa ja tasoittaa ihon v\u00e4ri\u00e4, my\u00f6s kosteuttaa ja virkist\u00e4\u00e4 ihoa antaen sille terveen hehkun.<\/p>","protected":false},"featured_media":31596,"comment_status":"open","ping_status":"closed","template":"","meta":{"_acf_changed":false},"product_brand":[427],"product_cat":[92,56,59],"product_tag":[],"class_list":{"0":"post-31595","1":"product","2":"type-product","3":"status-publish","4":"has-post-thumbnail","6":"product_brand-hayejin","7":"product_cat-groziui","8":"product_cat-veido-serumai","9":"product_cat-veidui","11":"first","12":"instock","13":"shipping-taxable","14":"purchasable","15":"product-type-simple"},"acf":[],"tiered_pricing_type":"fixed","tiered_pricing_fixed_rules":[],"tiered_pricing_product_settings":{"layout":"default","base_unit_name":{"singular":null,"plural":null},"default_variation":null},"tiered_pricing_minimum_quantity":null,"tiered_pricing_roles_data":[],"tiered_pricing_percentage_rules":[],"_links":{"self":[{"href":"https:\/\/purama.lt\/fi\/wp-json\/wp\/v2\/product\/31595","targetHints":{"allow":["GET"]}}],"collection":[{"href":"https:\/\/purama.lt\/fi\/wp-json\/wp\/v2\/product"}],"about":[{"href":"https:\/\/purama.lt\/fi\/wp-json\/wp\/v2\/types\/product"}],"replies":[{"embeddable":true,"href":"https:\/\/purama.lt\/fi\/wp-json\/wp\/v2\/comments?post=31595"}],"wp:featuredmedia":[{"embeddable":true,"href":"https:\/\/purama.lt\/fi\/wp-json\/wp\/v2\/media\/31596"}],"wp:attachment":[{"href":"https:\/\/purama.lt\/fi\/wp-json\/wp\/v2\/media?parent=31595"}],"wp:term":[{"taxonomy":"product_brand","embeddable":true,"href":"https:\/\/purama.lt\/fi\/wp-json\/wp\/v2\/product_brand?post=31595"},{"taxonomy":"product_cat","embeddable":true,"href":"https:\/\/purama.lt\/fi\/wp-json\/wp\/v2\/product_cat?post=31595"},{"taxonomy":"product_tag","embeddable":true,"href":"https:\/\/purama.lt\/fi\/wp-json\/wp\/v2\/product_tag?post=31595"}],"curies":[{"name":"wp","href":"https:\/\/api.w.org\/{rel}","templated":true}]}}