{"id":31541,"date":"2025-01-13T13:22:34","date_gmt":"2025-01-13T13:22:34","guid":{"rendered":"https:\/\/purama.lt\/produktas\/guminukai-groziui-nordic-nutris-beauty\/"},"modified":"2026-04-28T09:15:23","modified_gmt":"2026-04-28T07:15:23","slug":"kauneuspurukumi-nordic-nutris-beauty","status":"publish","type":"product","link":"https:\/\/purama.lt\/fi\/produktas\/guminukai-groziui-nordic-nutris-beauty\/","title":{"rendered":"NORDIC NUTRIS Kauneus Gummies"},"content":{"rendered":"<p><strong>Kulutus<\/strong><br>K\u00e4yt\u00e4 tarpeen mukaan, ei yli 5 purukumia p\u00e4iv\u00e4ss\u00e4.<br>\u00c4l\u00e4 ylit\u00e4 suositeltua annosta; ravintolis\u00e4\u00e4 ei saa ottaa aterian korvikkeena.<br>S\u00e4ilyt\u00e4 kuivassa paikassa lasten ulottumattomissa.<\/p>\n\n\n\n<p><strong>Ainesosat<\/strong><br>maltitoliliuos, vesi, maltitoli, ksylitoli, isomaltoosi, pektiini, maitohappo, natriumlaktaatti, sitruunahappo, kollageenipeptidi, biotiini, l-askorbiinihappo, vadelmauute, natriumsitraatti, natriumheksametafosfaatti.<\/p>","protected":false},"excerpt":{"rendered":"<p data-start=\"0\" data-end=\"568\"><strong data-start=\"16\" data-end=\"50\">Nordic Nutris - Beauty Gummies<\/strong> purukumia kauneusrutiiniin, jotta voit t\u00e4ydent\u00e4\u00e4 p\u00e4ivitt\u00e4ist\u00e4 ruokavaliotasi ainesosilla, jotka ovat v\u00e4ltt\u00e4m\u00e4tt\u00f6mi\u00e4 sinun <strong data-start=\"145\" data-end=\"173\">iho, hiukset ja kynnet<\/strong>. Sis\u00e4lt\u00e4\u00e4 <strong data-start=\"192\" data-end=\"213\">kollageenipeptidit<\/strong>, <strong data-start=\"215\" data-end=\"227\">biotiini<\/strong> ja <strong data-start=\"231\" data-end=\"246\">C-vitamiini<\/strong> valittu tukemaan ulkon\u00e4\u00f6n yll\u00e4pitoa k\u00e4tev\u00e4ss\u00e4, maukkaassa muodossa - ilman kapseleita tai tabletteja. Gummies ovat <strong data-start=\"364\" data-end=\"382\">vadelman maku<\/strong>, joka on helppo sis\u00e4llytt\u00e4\u00e4 p\u00e4ivitt\u00e4iseen rutiiniin, ja C-vitamiini edist\u00e4\u00e4 <strong data-start=\"449\" data-end=\"479\">normaali kollageenin tuotanto<\/strong>, t\u00e4rke\u00e4\u00e4 ihon toiminnalle, ja biotiini auttaa yll\u00e4pit\u00e4m\u00e4\u00e4n <strong data-start=\"534\" data-end=\"567\">normaalit iho- ja hiusolosuhteet<\/strong>.<\/p>\n<p data-start=\"570\" data-end=\"757\"><strong data-start=\"570\" data-end=\"593\">Miksi valita<\/strong><br data-start=\"593\" data-end=\"596\" \/><strong data-start=\"596\" data-end=\"602\">\u2714\ufe0f<\/strong> Mukava joustava nauhan muoto jokap\u00e4iv\u00e4iseen k\u00e4ytt\u00f6\u00f6n<br data-start=\"634\" data-end=\"637\" \/><strong data-start=\"637\" data-end=\"643\">\u2714\ufe0f<\/strong> kollageenipeptidej\u00e4, biotiinia ja C-vitamiinia sis\u00e4lt\u00e4v\u00e4<br data-start=\"688\" data-end=\"691\" \/><strong data-start=\"691\" data-end=\"697\">\u2714\ufe0f<\/strong> ihon, hiusten ja kynsien hoitoon<br data-start=\"733\" data-end=\"736\" \/><strong data-start=\"736\" data-end=\"742\">\u2714\ufe0f<\/strong> vadelman maku<\/p>\n<p data-start=\"570\" data-end=\"757\">Galiojimo terminas 2026 05 08<\/p>","protected":false},"featured_media":31556,"comment_status":"open","ping_status":"closed","template":"","meta":{"_acf_changed":false},"product_brand":[444],"product_cat":[60,112,500],"product_tag":[],"class_list":{"0":"post-31541","1":"product","2":"type-product","3":"status-publish","4":"has-post-thumbnail","6":"product_brand-nordic-nutris","7":"product_cat-mitybai","8":"product_cat-guminukai","9":"product_cat-outlet","11":"first","12":"instock","13":"sale","14":"shipping-taxable","15":"purchasable","16":"product-type-simple"},"acf":[],"tiered_pricing_type":"fixed","tiered_pricing_fixed_rules":[],"tiered_pricing_product_settings":{"layout":"default","base_unit_name":{"singular":null,"plural":null},"default_variation":null},"tiered_pricing_minimum_quantity":null,"tiered_pricing_roles_data":[],"tiered_pricing_percentage_rules":[],"_links":{"self":[{"href":"https:\/\/purama.lt\/fi\/wp-json\/wp\/v2\/product\/31541","targetHints":{"allow":["GET"]}}],"collection":[{"href":"https:\/\/purama.lt\/fi\/wp-json\/wp\/v2\/product"}],"about":[{"href":"https:\/\/purama.lt\/fi\/wp-json\/wp\/v2\/types\/product"}],"replies":[{"embeddable":true,"href":"https:\/\/purama.lt\/fi\/wp-json\/wp\/v2\/comments?post=31541"}],"wp:featuredmedia":[{"embeddable":true,"href":"https:\/\/purama.lt\/fi\/wp-json\/wp\/v2\/media\/31556"}],"wp:attachment":[{"href":"https:\/\/purama.lt\/fi\/wp-json\/wp\/v2\/media?parent=31541"}],"wp:term":[{"taxonomy":"product_brand","embeddable":true,"href":"https:\/\/purama.lt\/fi\/wp-json\/wp\/v2\/product_brand?post=31541"},{"taxonomy":"product_cat","embeddable":true,"href":"https:\/\/purama.lt\/fi\/wp-json\/wp\/v2\/product_cat?post=31541"},{"taxonomy":"product_tag","embeddable":true,"href":"https:\/\/purama.lt\/fi\/wp-json\/wp\/v2\/product_tag?post=31541"}],"curies":[{"name":"wp","href":"https:\/\/api.w.org\/{rel}","templated":true}]}}