{"id":31540,"date":"2025-01-13T13:22:34","date_gmt":"2025-01-13T13:22:34","guid":{"rendered":"https:\/\/purama.lt\/produktas\/guminukai-svorio-metimui-nordic-nutris-weight-loss\/"},"modified":"2026-04-28T09:13:31","modified_gmt":"2026-04-28T07:13:31","slug":"laihtuminen-purukumia-nordic-nutris-laihtuminen","status":"publish","type":"product","link":"https:\/\/purama.lt\/fi\/produktas\/guminukai-svorio-metimui-nordic-nutris-weight-loss\/","title":{"rendered":"NORDIC NUTRIS Painonpudotus kumit"},"content":{"rendered":"<p><strong>Kulutus<\/strong><br>K\u00e4yt\u00e4 tarpeen mukaan, ei yli 5 purukumia p\u00e4iv\u00e4ss\u00e4.<br>\u00c4l\u00e4 ylit\u00e4 suositeltua annosta; ravintolis\u00e4\u00e4 ei saa ottaa aterian korvikkeena.<br>Monipuolinen ja tasapainoinen ruokavalio ja terveelliset el\u00e4m\u00e4ntavat ovat t\u00e4rkeit\u00e4.<\/p>\n\n\n\n<p><strong>Ainesosat<\/strong><br>maltitolineste, vesi, maltitoli, ksylitoli, isomaltoosi, pektiini, omenaviinietikkajauhe (200 mg), happamuudens\u00e4\u00e4t\u00f6aineyhdiste (maitohappo, natriumlaktaatti), sitruunahappo, sy\u00f6t\u00e4v\u00e4 uuteaine, natriumsitraatti, karamelliv\u00e4ri, natriumheksametafosfaatti.<\/p>\n\n\n\n<p><\/p>","protected":false},"excerpt":{"rendered":"<p data-start=\"0\" data-end=\"461\"><strong data-start=\"16\" data-end=\"55\">Nordic Nutris - Painonpudotus Gummies<\/strong> purukumin muodossa oleva ravintolis\u00e4 <strong data-start=\"96\" data-end=\"116\">painonhallintaan<\/strong> ja <strong data-start=\"120\" data-end=\"147\">n\u00e4l\u00e4n hallintaan<\/strong> p\u00e4ivitt\u00e4iset rutiinit. K\u00e4tev\u00e4n muodon ansiosta sit\u00e4 on helppo k\u00e4ytt\u00e4\u00e4 miss\u00e4 tahansa ja milloin tahansa, ja ainesosien <strong data-start=\"260\" data-end=\"286\">Omenaviinietikkajauhe<\/strong> t\u00e4ydent\u00e4\u00e4 tasapainoista ruokavaliota ja aktiivista el\u00e4m\u00e4ntapaa. <strong data-start=\"350\" data-end=\"368\">Sopii vegaaneille<\/strong>. Se on k\u00e4yt\u00e4nn\u00f6llinen valinta niille, jotka haluavat pysy\u00e4 tavoitteissaan ilman kapseleita tai tabletteja.<\/p>\n<p data-start=\"463\" data-end=\"717\"><strong data-start=\"463\" data-end=\"486\">Miksi valita<\/strong><br data-start=\"486\" data-end=\"489\" \/><strong data-start=\"489\" data-end=\"495\">\u2714\ufe0f<\/strong> K\u00e4tev\u00e4 purukumi kapseleiden tai tablettien sijasta.<br data-start=\"546\" data-end=\"549\" \/><strong data-start=\"549\" data-end=\"555\">\u2714\ufe0f<\/strong> auttaa hallitsemaan n\u00e4lk\u00e4\u00e4 ja ruokailutottumuksia<br data-start=\"608\" data-end=\"611\" \/><strong data-start=\"611\" data-end=\"617\">\u2714\ufe0f<\/strong> omenaviinietikkajauheen kanssa<br data-start=\"644\" data-end=\"647\" \/><strong data-start=\"647\" data-end=\"653\">\u2714\ufe0f<\/strong> sopii vegaaneille<br data-start=\"668\" data-end=\"671\" \/><strong data-start=\"671\" data-end=\"677\">\u2714\ufe0f<\/strong> helppo k\u00e4ytt\u00e4\u00e4 jokap\u00e4iv\u00e4isiss\u00e4 tilanteissa<\/p>\n<p data-start=\"463\" data-end=\"717\">Galiojimo terminas 2026 05 08<\/p>\n<p data-start=\"463\" data-end=\"717\">\u00a0<\/p>","protected":false},"featured_media":31553,"comment_status":"open","ping_status":"closed","template":"","meta":{"_acf_changed":false},"product_brand":[444],"product_cat":[112,60,500],"product_tag":[],"class_list":{"0":"post-31540","1":"product","2":"type-product","3":"status-publish","4":"has-post-thumbnail","6":"product_brand-nordic-nutris","7":"product_cat-guminukai","8":"product_cat-mitybai","9":"product_cat-outlet","11":"first","12":"instock","13":"sale","14":"shipping-taxable","15":"purchasable","16":"product-type-simple"},"acf":[],"tiered_pricing_type":"fixed","tiered_pricing_fixed_rules":[],"tiered_pricing_product_settings":{"layout":"default","base_unit_name":{"singular":null,"plural":null},"default_variation":null},"tiered_pricing_minimum_quantity":null,"tiered_pricing_roles_data":[],"tiered_pricing_percentage_rules":[],"_links":{"self":[{"href":"https:\/\/purama.lt\/fi\/wp-json\/wp\/v2\/product\/31540","targetHints":{"allow":["GET"]}}],"collection":[{"href":"https:\/\/purama.lt\/fi\/wp-json\/wp\/v2\/product"}],"about":[{"href":"https:\/\/purama.lt\/fi\/wp-json\/wp\/v2\/types\/product"}],"replies":[{"embeddable":true,"href":"https:\/\/purama.lt\/fi\/wp-json\/wp\/v2\/comments?post=31540"}],"wp:featuredmedia":[{"embeddable":true,"href":"https:\/\/purama.lt\/fi\/wp-json\/wp\/v2\/media\/31553"}],"wp:attachment":[{"href":"https:\/\/purama.lt\/fi\/wp-json\/wp\/v2\/media?parent=31540"}],"wp:term":[{"taxonomy":"product_brand","embeddable":true,"href":"https:\/\/purama.lt\/fi\/wp-json\/wp\/v2\/product_brand?post=31540"},{"taxonomy":"product_cat","embeddable":true,"href":"https:\/\/purama.lt\/fi\/wp-json\/wp\/v2\/product_cat?post=31540"},{"taxonomy":"product_tag","embeddable":true,"href":"https:\/\/purama.lt\/fi\/wp-json\/wp\/v2\/product_tag?post=31540"}],"curies":[{"name":"wp","href":"https:\/\/api.w.org\/{rel}","templated":true}]}}