{"id":31539,"date":"2025-01-13T13:22:34","date_gmt":"2025-01-13T13:22:34","guid":{"rendered":"https:\/\/purama.lt\/produktas\/libido-guminukai-vyrams-nordic-nutris\/"},"modified":"2026-04-30T14:46:59","modified_gmt":"2026-04-30T12:46:59","slug":"libidopurukumi-miehille-nordic-nutris","status":"publish","type":"product","link":"https:\/\/purama.lt\/fi\/produktas\/libido-guminukai-vyrams-nordic-nutris\/","title":{"rendered":"Libidopurukumit miehille NORDIC NUTRIS"},"content":{"rendered":"<p><strong>Kulutus<\/strong><br>Aikuiset miehet: 2 purukumia aterian j\u00e4lkeen, 1 kerran p\u00e4iv\u00e4ss\u00e4.<br>\u00c4l\u00e4 ylit\u00e4 p\u00e4ivitt\u00e4ist\u00e4 saantia; tuote on tarkoitettu vain aikuisille.<br>Ota yhteys l\u00e4\u00e4k\u00e4riin, jos k\u00e4yt\u00e4t l\u00e4\u00e4kkeit\u00e4, sinulla on krooninen sairaus tai herkkyys ainesosille.<\/p>\n\n\n\n<p><strong>Ainesosat<\/strong><br>maca-juuriuute, tribulus terrestris -uute, ginseng-uute, l-arginiini, sinkki, b6-vitamiini.<\/p>","protected":false},"excerpt":{"rendered":"<p data-start=\"0\" data-end=\"479\"><strong data-start=\"16\" data-end=\"62\">Nordic Nutris - Libido Sex Gummies miehille<\/strong> pureskeltavat purukumit kehitetty <strong data-start=\"91\" data-end=\"133\">miehen libido ja intiimi elinvoima<\/strong> tukemaan p\u00e4ivitt\u00e4isi\u00e4 rutiinejasi. Sis\u00e4lt\u00e4\u00e4 <strong data-start=\"183\" data-end=\"235\">maca-, tribulus terrestris- ja ginseng-uutteet.<\/strong> yhdess\u00e4 <strong data-start=\"245\" data-end=\"281\">L-arginiini, sinkki ja B6-vitamiini.<\/strong> auttaa yll\u00e4pit\u00e4m\u00e4\u00e4n energiaa, itseluottamusta ja miellytt\u00e4v\u00e4mp\u00e4\u00e4 aistiyliherkkyytt\u00e4, ja k\u00e4tev\u00e4n purukumimuotonsa ansiosta on helppo pit\u00e4\u00e4 kiinni s\u00e4\u00e4nn\u00f6llisest\u00e4 rutiinista.<\/p>\n<p data-start=\"481\" data-end=\"794\"><strong data-start=\"481\" data-end=\"504\">Miksi valita<\/strong><br data-start=\"504\" data-end=\"507\" \/><strong data-start=\"507\" data-end=\"513\">\u2714\ufe0f<\/strong> kasviuutteiden yhdistelm\u00e4 miesten elinvoimaisuutta varten<br data-start=\"563\" data-end=\"566\" \/><strong data-start=\"566\" data-end=\"572\">\u2714\ufe0f<\/strong> l-arginiinia, sinkki\u00e4 ja b6-vitamiinia sis\u00e4lt\u00e4v\u00e4<br data-start=\"608\" data-end=\"611\" \/><strong data-start=\"611\" data-end=\"617\">\u2714\ufe0f<\/strong> Mukava purukumin muoto jokap\u00e4iv\u00e4iseen k\u00e4ytt\u00f6\u00f6n<br data-start=\"661\" data-end=\"664\" \/><strong data-start=\"664\" data-end=\"670\">\u2714\ufe0f<\/strong> libidon ja intiimin luottamuksen yll\u00e4pit\u00e4miseen<br data-start=\"720\" data-end=\"723\" \/><strong data-start=\"723\" data-end=\"729\">\u2714\ufe0f<\/strong> s\u00e4\u00e4nn\u00f6llinen liikunta on suositeltavaa hyvinvoinnin parantamiseksi<\/p>","protected":false},"featured_media":31562,"comment_status":"open","ping_status":"closed","template":"","meta":{"_acf_changed":false},"product_brand":[444],"product_cat":[60,112,276,277],"product_tag":[],"class_list":{"0":"post-31539","1":"product","2":"type-product","3":"status-publish","4":"has-post-thumbnail","6":"product_brand-nordic-nutris","7":"product_cat-mitybai","8":"product_cat-guminukai","9":"product_cat-seksualinei-sveikatai","10":"product_cat-vyrams","12":"first","13":"instock","14":"shipping-taxable","15":"purchasable","16":"product-type-simple"},"acf":[],"tiered_pricing_type":"fixed","tiered_pricing_fixed_rules":[],"tiered_pricing_product_settings":{"layout":"default","base_unit_name":{"singular":null,"plural":null},"default_variation":null},"tiered_pricing_minimum_quantity":null,"tiered_pricing_roles_data":[],"tiered_pricing_percentage_rules":[],"_links":{"self":[{"href":"https:\/\/purama.lt\/fi\/wp-json\/wp\/v2\/product\/31539","targetHints":{"allow":["GET"]}}],"collection":[{"href":"https:\/\/purama.lt\/fi\/wp-json\/wp\/v2\/product"}],"about":[{"href":"https:\/\/purama.lt\/fi\/wp-json\/wp\/v2\/types\/product"}],"replies":[{"embeddable":true,"href":"https:\/\/purama.lt\/fi\/wp-json\/wp\/v2\/comments?post=31539"}],"wp:featuredmedia":[{"embeddable":true,"href":"https:\/\/purama.lt\/fi\/wp-json\/wp\/v2\/media\/31562"}],"wp:attachment":[{"href":"https:\/\/purama.lt\/fi\/wp-json\/wp\/v2\/media?parent=31539"}],"wp:term":[{"taxonomy":"product_brand","embeddable":true,"href":"https:\/\/purama.lt\/fi\/wp-json\/wp\/v2\/product_brand?post=31539"},{"taxonomy":"product_cat","embeddable":true,"href":"https:\/\/purama.lt\/fi\/wp-json\/wp\/v2\/product_cat?post=31539"},{"taxonomy":"product_tag","embeddable":true,"href":"https:\/\/purama.lt\/fi\/wp-json\/wp\/v2\/product_tag?post=31539"}],"curies":[{"name":"wp","href":"https:\/\/api.w.org\/{rel}","templated":true}]}}