{"id":31538,"date":"2025-01-13T13:22:33","date_gmt":"2025-01-13T13:22:33","guid":{"rendered":"https:\/\/purama.lt\/produktas\/libido-guminukai-moterims-nordic-nutris\/"},"modified":"2026-04-16T21:31:02","modified_gmt":"2026-04-16T19:31:02","slug":"libidopurukumit-naisille-nordic-nutris","status":"publish","type":"product","link":"https:\/\/purama.lt\/fi\/produktas\/libido-guminukai-moterims-nordic-nutris\/","title":{"rendered":"Libidopurukumit naisille NORDIC NUTRIS"},"content":{"rendered":"<p><strong>Kulutus<\/strong><br>Ota 2 purukumia aterioiden j\u00e4lkeen, 1 kerran p\u00e4iv\u00e4ss\u00e4.<br>Positiiviset vaikutukset liittyv\u00e4t p\u00e4ivitt\u00e4iseen k\u00e4ytt\u00f6\u00f6n ja s\u00e4\u00e4nn\u00f6llisen liikunnan yll\u00e4pit\u00e4miseen.<\/p>\n\n\n\n<p><strong>Ainesosat<\/strong><br>maca-juuriuute, tribulus terrestris -uute, ginseng-uute, l-arginiini, sinkki, B6-vitamiini, luonnolliset hedelm\u00e4aromit, pektiini.<\/p>\n\n\n\n<p><\/p>","protected":false},"excerpt":{"rendered":"<p data-start=\"0\" data-end=\"511\"><strong data-start=\"16\" data-end=\"60\">Nordic Nutris - Libido Gummies naisille<\/strong> pureskeltavat purukumit kehitetty <strong data-start=\"89\" data-end=\"136\">naisen libidon ja seksuaalisen hyvinvoinnin osalta<\/strong> yll\u00e4pit\u00e4\u00e4 p\u00e4ivitt\u00e4ist\u00e4 rutiinia. Siin\u00e4 yhdistyv\u00e4t kasviuutteet (maca, tribulus terrestris, ginseng), L-arginiini, sinkki ja B6-vitamiini - k\u00e4tev\u00e4 valinta, kun haluat enemm\u00e4n <strong data-start=\"330\" data-end=\"360\">halu, tunne ja energia<\/strong> l\u00e4heisyys. B6-vitamiini edist\u00e4\u00e4 <strong data-start=\"400\" data-end=\"441\">normaalin hormonaalisen toiminnan s\u00e4\u00e4teleminen<\/strong>, ja sinkki\u00e4 <strong data-start=\"459\" data-end=\"510\">normaali hedelm\u00e4llisyys ja lis\u00e4\u00e4ntymistoiminnot<\/strong>.<\/p>\n<p data-start=\"513\" data-end=\"761\"><strong data-start=\"513\" data-end=\"536\">Miksi valita<\/strong><br data-start=\"536\" data-end=\"539\" \/><strong data-start=\"539\" data-end=\"545\">\u2714\ufe0f<\/strong> libidon ja seksuaalisen hyvinvoinnin kaava naisille<br data-start=\"599\" data-end=\"602\" \/><strong data-start=\"602\" data-end=\"608\">\u2714\ufe0f<\/strong> maca-, tribulus terrestris- ja ginseng-uutteiden kanssa<br data-start=\"661\" data-end=\"664\" \/><strong data-start=\"664\" data-end=\"670\">\u2714\ufe0f<\/strong> l-arginiinia, sinkki\u00e4 ja b6-vitamiinia sis\u00e4lt\u00e4v\u00e4<br data-start=\"706\" data-end=\"709\" \/><strong data-start=\"709\" data-end=\"715\">\u2714\ufe0f<\/strong> Mukava purukumin muoto jokap\u00e4iv\u00e4iseen k\u00e4ytt\u00f6\u00f6n<\/p>","protected":false},"featured_media":31563,"comment_status":"open","ping_status":"closed","template":"","meta":{"_acf_changed":false},"product_brand":[444],"product_cat":[60,112,278,276],"product_tag":[],"class_list":{"0":"post-31538","1":"product","2":"type-product","3":"status-publish","4":"has-post-thumbnail","6":"product_brand-nordic-nutris","7":"product_cat-mitybai","8":"product_cat-guminukai","9":"product_cat-moterims","10":"product_cat-seksualinei-sveikatai","12":"first","13":"instock","14":"shipping-taxable","15":"purchasable","16":"product-type-simple"},"acf":[],"tiered_pricing_type":"fixed","tiered_pricing_fixed_rules":[],"tiered_pricing_product_settings":{"layout":"default","base_unit_name":{"singular":null,"plural":null},"default_variation":null},"tiered_pricing_minimum_quantity":null,"tiered_pricing_roles_data":[],"tiered_pricing_percentage_rules":[],"_links":{"self":[{"href":"https:\/\/purama.lt\/fi\/wp-json\/wp\/v2\/product\/31538","targetHints":{"allow":["GET"]}}],"collection":[{"href":"https:\/\/purama.lt\/fi\/wp-json\/wp\/v2\/product"}],"about":[{"href":"https:\/\/purama.lt\/fi\/wp-json\/wp\/v2\/types\/product"}],"replies":[{"embeddable":true,"href":"https:\/\/purama.lt\/fi\/wp-json\/wp\/v2\/comments?post=31538"}],"wp:featuredmedia":[{"embeddable":true,"href":"https:\/\/purama.lt\/fi\/wp-json\/wp\/v2\/media\/31563"}],"wp:attachment":[{"href":"https:\/\/purama.lt\/fi\/wp-json\/wp\/v2\/media?parent=31538"}],"wp:term":[{"taxonomy":"product_brand","embeddable":true,"href":"https:\/\/purama.lt\/fi\/wp-json\/wp\/v2\/product_brand?post=31538"},{"taxonomy":"product_cat","embeddable":true,"href":"https:\/\/purama.lt\/fi\/wp-json\/wp\/v2\/product_cat?post=31538"},{"taxonomy":"product_tag","embeddable":true,"href":"https:\/\/purama.lt\/fi\/wp-json\/wp\/v2\/product_tag?post=31538"}],"curies":[{"name":"wp","href":"https:\/\/api.w.org\/{rel}","templated":true}]}}