{"id":31537,"date":"2025-01-13T13:22:33","date_gmt":"2025-01-13T13:22:33","guid":{"rendered":"https:\/\/purama.lt\/produktas\/guminukai-nordic-nutris-sleep-gummies-melyiniu-sk\/"},"modified":"2026-01-23T14:26:20","modified_gmt":"2026-01-23T12:26:20","slug":"nordic-nutris-unipurukumit-sininen","status":"publish","type":"product","link":"https:\/\/purama.lt\/fi\/produktas\/guminukai-nordic-nutris-sleep-gummies-melyniu-sk\/","title":{"rendered":"NORDIC NUTRIS Sleep Gummies (mustikka)"},"content":{"rendered":"<p><strong>Kulutus<\/strong><br>2 purukumia p\u00e4iv\u00e4ss\u00e4, mieluiten ennen nukkumaanmenoa.<br>Enint\u00e4\u00e4n 5 purukumia p\u00e4iv\u00e4ss\u00e4<br>\u00c4l\u00e4 ylit\u00e4 suositeltua annosta; ravintolis\u00e4\u00e4 ei saa ottaa aterian korvikkeena.<\/p>\n\n\n\n<p><strong>Ainesosat<\/strong><br>d3-vitamiini (1,5 \u03bcg, 30 %), k2-vitamiini (37,5 \u03bcg, 50 %), melatoniini (0,5 mg), magnesiumglysinaatti (10 mg, 2,5 %), passiohedelm\u00e4 (Passiflora caerulea) (17 mg), kamomillauute (17 mg).<\/p>\n\n\n\n<p><\/p>\n\n\n\n<p><\/p>","protected":false},"excerpt":{"rendered":"<p data-start=\"0\" data-end=\"566\"><strong data-start=\"16\" data-end=\"49\">Nordic Nutris - Unirakeet<\/strong> Mustikanmakuisia purukumia kehitetty <strong data-start=\"84\" data-end=\"109\">nopeampi nukahtaminen<\/strong> ja <strong data-start=\"113\" data-end=\"149\">parempilaatuiseen, levollisempaan uneen<\/strong> tukea. Yhdistettyn\u00e4 kaavaan <strong data-start=\"181\" data-end=\"196\">melatoniini<\/strong>, <strong data-start=\"198\" data-end=\"219\">magnesiumglysinaatti<\/strong> ja <strong data-start=\"224\" data-end=\"262\">Passiokukka- ja kamomillauutteet<\/strong>, mik\u00e4 voi auttaa sinua rentoutumaan illalla ja tuntemaan olosi lev\u00e4nneeksi aamulla. <strong data-start=\"338\" data-end=\"365\">Purukumit ovat vegaanisia<\/strong>, ja sopii siksi my\u00f6s niille, jotka v\u00e4ltt\u00e4v\u00e4t el\u00e4inper\u00e4isi\u00e4 ainesosia. Melatoniini on hyvin tutkittu ainesosa, joka liittyy uni-valverytmin s\u00e4\u00e4telyyn, ja siksi se valitaan usein iltarutiineihin.<\/p>\n<p data-start=\"568\" data-end=\"863\"><strong data-start=\"568\" data-end=\"591\">Miksi valita<\/strong><br data-start=\"591\" data-end=\"594\" \/><strong data-start=\"594\" data-end=\"600\">\u2714\ufe0f<\/strong> Mustikanmakuiset purukumit - k\u00e4tev\u00e4 k\u00e4ytt\u00e4\u00e4<br data-start=\"642\" data-end=\"645\" \/><strong data-start=\"645\" data-end=\"651\">\u2714\ufe0f<\/strong> <strong data-start=\"652\" data-end=\"665\">vegaani<\/strong> kaava<br data-start=\"673\" data-end=\"676\" \/><strong data-start=\"676\" data-end=\"682\">\u2714\ufe0f<\/strong> melatoniinin kanssa nopeuttaa nukahtamista<br data-start=\"718\" data-end=\"721\" \/><strong data-start=\"721\" data-end=\"727\">\u2714\ufe0f<\/strong> magnesiumglysinaattia ja kasviuutteita sis\u00e4lt\u00e4v\u00e4 rentouttava tuote.<br data-start=\"791\" data-end=\"794\" \/><strong data-start=\"794\" data-end=\"800\">\u2714\ufe0f<\/strong> auttaa yll\u00e4pit\u00e4m\u00e4\u00e4n keskeytym\u00e4t\u00f6nt\u00e4 unta ja levollisen olon tunnetta aamulla<\/p>\n<p>&nbsp;<\/p>","protected":false},"featured_media":31558,"comment_status":"open","ping_status":"closed","template":"","meta":{"_acf_changed":false},"product_brand":[444],"product_cat":[61,112,271,60,269],"product_tag":[],"class_list":{"0":"post-31537","1":"product","2":"type-product","3":"status-publish","4":"has-post-thumbnail","6":"product_brand-nordic-nutris","7":"product_cat-ramybei","8":"product_cat-guminukai","9":"product_cat-miego-kokybe","10":"product_cat-mitybai","11":"product_cat-stresui-ir-miegui","13":"first","14":"outofstock","15":"shipping-taxable","16":"purchasable","17":"product-type-simple"},"acf":[],"tiered_pricing_type":"fixed","tiered_pricing_fixed_rules":[],"tiered_pricing_product_settings":{"layout":"default","base_unit_name":{"singular":null,"plural":null},"default_variation":null},"tiered_pricing_minimum_quantity":null,"tiered_pricing_roles_data":[],"tiered_pricing_percentage_rules":[],"_links":{"self":[{"href":"https:\/\/purama.lt\/fi\/wp-json\/wp\/v2\/product\/31537","targetHints":{"allow":["GET"]}}],"collection":[{"href":"https:\/\/purama.lt\/fi\/wp-json\/wp\/v2\/product"}],"about":[{"href":"https:\/\/purama.lt\/fi\/wp-json\/wp\/v2\/types\/product"}],"replies":[{"embeddable":true,"href":"https:\/\/purama.lt\/fi\/wp-json\/wp\/v2\/comments?post=31537"}],"wp:featuredmedia":[{"embeddable":true,"href":"https:\/\/purama.lt\/fi\/wp-json\/wp\/v2\/media\/31558"}],"wp:attachment":[{"href":"https:\/\/purama.lt\/fi\/wp-json\/wp\/v2\/media?parent=31537"}],"wp:term":[{"taxonomy":"product_brand","embeddable":true,"href":"https:\/\/purama.lt\/fi\/wp-json\/wp\/v2\/product_brand?post=31537"},{"taxonomy":"product_cat","embeddable":true,"href":"https:\/\/purama.lt\/fi\/wp-json\/wp\/v2\/product_cat?post=31537"},{"taxonomy":"product_tag","embeddable":true,"href":"https:\/\/purama.lt\/fi\/wp-json\/wp\/v2\/product_tag?post=31537"}],"curies":[{"name":"wp","href":"https:\/\/api.w.org\/{rel}","templated":true}]}}