{"id":31535,"date":"2025-01-13T13:22:33","date_gmt":"2025-01-13T13:22:33","guid":{"rendered":"https:\/\/purama.lt\/produktas\/h-drop-kanapiu-aliejus-counting-sheep-5-cbd-5-cbn-melatoninas\/"},"modified":"2026-03-19T16:14:03","modified_gmt":"2026-03-19T14:14:03","slug":"h-pudota-hamppuoljy-laskenta-lampaat-5-cbd-5-cbn-melatoniini","status":"publish","type":"product","link":"https:\/\/purama.lt\/fi\/produktas\/h-drop-kanapiu-aliejus-counting-sheep-5-cbd-5-cbn-melatoninas\/","title":{"rendered":"H DROP Hamppu\u00f6ljy - Counting Sheep 5% CBD + 5% CBN + Melatoniini"},"content":{"rendered":"<p><strong>Ainesosat:<\/strong> Hampunsiemen\u00f6ljy, t\u00e4ysspektrinen kannabidioli (CBD) - 5%, kannabinooli (CBN) - 5%, melatoniini, luonnolliset terpeenit, THC-vapaa.<\/p>","protected":false},"excerpt":{"rendered":"<p><strong>H DROP Hamppu\u00f6ljy - Counting Sheep 5% CBD + 5% CBN + Melatoniini<\/strong> - ainutlaatuinen hamppu\u00f6ljy-yhdistelm\u00e4, joka on suunniteltu varmistamaan rauhallinen ja laadukas lepo. T\u00e4m\u00e4 tuote, joka on rikastettu <strong>CBD, CBN<\/strong> ja <strong>melatoniini<\/strong>auttaa yll\u00e4pit\u00e4m\u00e4\u00e4n unijakson luonnollista tasapainoa ja auttaa sinua rentoutumaan stressaavan p\u00e4iv\u00e4n j\u00e4lkeen. Laadukkain koostumus takaa tehokkuuden ja luonnolliset vaikutukset.\u00a0<strong>Lasken lampaita<\/strong> - ratkaisusi rauhallisempaan ja rentouttavampaan lomaan.<\/p>","protected":false},"featured_media":31548,"comment_status":"open","ping_status":"closed","template":"","meta":{"_acf_changed":false},"product_brand":[425],"product_cat":[77,500,61],"product_tag":[],"class_list":{"0":"post-31535","1":"product","2":"type-product","3":"status-publish","4":"has-post-thumbnail","6":"product_brand-h-drop","7":"product_cat-cbd-aliejai","8":"product_cat-outlet","9":"product_cat-ramybei","11":"first","12":"instock","13":"sale","14":"shipping-taxable","15":"purchasable","16":"product-type-simple"},"acf":[],"tiered_pricing_type":"fixed","tiered_pricing_fixed_rules":[],"tiered_pricing_product_settings":{"layout":"default","base_unit_name":{"singular":null,"plural":null},"default_variation":null},"tiered_pricing_minimum_quantity":null,"tiered_pricing_roles_data":[],"tiered_pricing_percentage_rules":[],"_links":{"self":[{"href":"https:\/\/purama.lt\/fi\/wp-json\/wp\/v2\/product\/31535","targetHints":{"allow":["GET"]}}],"collection":[{"href":"https:\/\/purama.lt\/fi\/wp-json\/wp\/v2\/product"}],"about":[{"href":"https:\/\/purama.lt\/fi\/wp-json\/wp\/v2\/types\/product"}],"replies":[{"embeddable":true,"href":"https:\/\/purama.lt\/fi\/wp-json\/wp\/v2\/comments?post=31535"}],"wp:featuredmedia":[{"embeddable":true,"href":"https:\/\/purama.lt\/fi\/wp-json\/wp\/v2\/media\/31548"}],"wp:attachment":[{"href":"https:\/\/purama.lt\/fi\/wp-json\/wp\/v2\/media?parent=31535"}],"wp:term":[{"taxonomy":"product_brand","embeddable":true,"href":"https:\/\/purama.lt\/fi\/wp-json\/wp\/v2\/product_brand?post=31535"},{"taxonomy":"product_cat","embeddable":true,"href":"https:\/\/purama.lt\/fi\/wp-json\/wp\/v2\/product_cat?post=31535"},{"taxonomy":"product_tag","embeddable":true,"href":"https:\/\/purama.lt\/fi\/wp-json\/wp\/v2\/product_tag?post=31535"}],"curies":[{"name":"wp","href":"https:\/\/api.w.org\/{rel}","templated":true}]}}