{"id":31480,"date":"2025-01-13T08:10:58","date_gmt":"2025-01-13T08:10:58","guid":{"rendered":"https:\/\/purama.lt\/produktas\/h-drop-cannabites-liofilizuoti-funkciniai-bananu-kubeliai-su-kanapiu-ziedais\/"},"modified":"2026-02-17T12:16:28","modified_gmt":"2026-02-17T10:16:28","slug":"h-drop-cannabites-pakastekuivattuja-funktionaalisia-banaanikuutioita-kannabiksen-kukalla","status":"publish","type":"product","link":"https:\/\/purama.lt\/fi\/produktas\/h-drop-cannabites-liofilizuoti-funkciniai-bananu-kubeliai-su-kanapiu-ziedais\/","title":{"rendered":"H DROP CANNABITES - Pakastekuivattuja toiminnallisia banaanikuutioita hampun kukilla"},"content":{"rendered":"<p><strong>Ainesosat:<\/strong> Pakastekuivattuja banaaneja, hamppukukkia, luontaisia aromeja, sitruunahappoa, kasvi\u00f6ljy\u00e4.<\/p>","protected":false},"excerpt":{"rendered":"<p><strong>H DROP CANNABITES<\/strong> - Pakastekuivattuja funktionaalisia banaanikuutioita hamppukukilla on terveellinen ja luonnollinen v\u00e4lipala, joka on rikastettu hamppukukilla. Huolellisesti pakastekuivatut banaanikuutiot s\u00e4ilytt\u00e4v\u00e4t kaikki ravintoaineensa ja hyv\u00e4n makunsa. T\u00e4m\u00e4 v\u00e4lipala sopii erinomaisesti niille, jotka etsiv\u00e4t tasapainoa terveyden, luonnollisuuden ja innovatiivisen ratkaisun v\u00e4lill\u00e4 p\u00e4ivitt\u00e4iseen energiaan.<\/p>\n<p>Tutustu ainutlaatuiseen makuun ja etuihin <strong>H DROP CANNABITES<\/strong>!<\/p>","protected":false},"featured_media":32427,"comment_status":"open","ping_status":"closed","template":"","meta":{"_acf_changed":false},"product_brand":[425],"product_cat":[109,60,61,298],"product_tag":[],"class_list":{"0":"post-31480","1":"product","2":"type-product","3":"status-publish","4":"has-post-thumbnail","6":"product_brand-h-drop","7":"product_cat-cbd-uzkandziai","8":"product_cat-mitybai","9":"product_cat-ramybei","10":"product_cat-sveikas-maistas","12":"first","13":"outofstock","14":"shipping-taxable","15":"purchasable","16":"product-type-simple"},"acf":[],"tiered_pricing_type":"fixed","tiered_pricing_fixed_rules":[],"tiered_pricing_product_settings":{"layout":"default","base_unit_name":{"singular":null,"plural":null},"default_variation":null},"tiered_pricing_minimum_quantity":null,"tiered_pricing_roles_data":[],"tiered_pricing_percentage_rules":[],"_links":{"self":[{"href":"https:\/\/purama.lt\/fi\/wp-json\/wp\/v2\/product\/31480","targetHints":{"allow":["GET"]}}],"collection":[{"href":"https:\/\/purama.lt\/fi\/wp-json\/wp\/v2\/product"}],"about":[{"href":"https:\/\/purama.lt\/fi\/wp-json\/wp\/v2\/types\/product"}],"replies":[{"embeddable":true,"href":"https:\/\/purama.lt\/fi\/wp-json\/wp\/v2\/comments?post=31480"}],"wp:featuredmedia":[{"embeddable":true,"href":"https:\/\/purama.lt\/fi\/wp-json\/wp\/v2\/media\/32427"}],"wp:attachment":[{"href":"https:\/\/purama.lt\/fi\/wp-json\/wp\/v2\/media?parent=31480"}],"wp:term":[{"taxonomy":"product_brand","embeddable":true,"href":"https:\/\/purama.lt\/fi\/wp-json\/wp\/v2\/product_brand?post=31480"},{"taxonomy":"product_cat","embeddable":true,"href":"https:\/\/purama.lt\/fi\/wp-json\/wp\/v2\/product_cat?post=31480"},{"taxonomy":"product_tag","embeddable":true,"href":"https:\/\/purama.lt\/fi\/wp-json\/wp\/v2\/product_tag?post=31480"}],"curies":[{"name":"wp","href":"https:\/\/api.w.org\/{rel}","templated":true}]}}