{"id":31478,"date":"2025-01-13T08:10:58","date_gmt":"2025-01-13T08:10:58","guid":{"rendered":"https:\/\/purama.lt\/produktas\/h-drop-pilno-spektro-kanapiu-aliejaus-cbd-kapsules-sixty-breaths-600mg\/"},"modified":"2026-03-19T16:40:23","modified_gmt":"2026-03-19T14:40:23","slug":"h-drop-tayden-spektrin-hamppuoljy-cbd-kapselit-kuusikymmenta-hengittaa-600mg","status":"publish","type":"product","link":"https:\/\/purama.lt\/fi\/produktas\/h-drop-pilno-spektro-kanapiu-aliejaus-cbd-kapsules-sixty-breaths-600mg\/","title":{"rendered":"H DROP t\u00e4yden spektrin hamppu\u00f6ljy CBD-kapselit Kuusikymment\u00e4 hengitt\u00e4\u00e4 600mg"},"content":{"rendered":"<p><strong>Ainesosat:<\/strong> Hampunsiemen\u00f6ljy, t\u00e4ysspektrinen kannabidioli (CBD) - 600mg, luonnolliset terpeenit, gelatiini (kapseli), THC-vapaa.<\/p>","protected":false},"excerpt":{"rendered":"<p><strong>H DROP t\u00e4yden spektrin hamppu\u00f6ljy CBD-kapselit Kuusikymment\u00e4 hengitt\u00e4\u00e4 600mg<\/strong> - se on k\u00e4tev\u00e4 ja tehokas tapa sis\u00e4llytt\u00e4\u00e4 CBD:t\u00e4 p\u00e4ivitt\u00e4iseen rutiiniin. T\u00e4yden spektrin kannabidiolilla rikastetut kapselit auttavat pit\u00e4m\u00e4\u00e4n kehosi tasapainossa ja hyvinvoivana. Huolellisesti tasapainotetun koostumuksensa ansiosta kapselit takaavat tarkan annostelun ja pitk\u00e4kestoiset vaikutukset.<\/p>\n<p><strong>\u201eKuusikymment\u00e4 hengityst\u00e4\u201c<\/strong> - luonnollinen askel kohti parempaa hyvinvointia.<\/p>","protected":false},"featured_media":31497,"comment_status":"open","ping_status":"closed","template":"","meta":{"_acf_changed":false},"product_brand":[425],"product_cat":[110,500,61],"product_tag":[],"class_list":{"0":"post-31478","1":"product","2":"type-product","3":"status-publish","4":"has-post-thumbnail","6":"product_brand-h-drop","7":"product_cat-cbd-kapsules","8":"product_cat-outlet","9":"product_cat-ramybei","11":"first","12":"instock","13":"sale","14":"shipping-taxable","15":"purchasable","16":"product-type-simple"},"acf":[],"tiered_pricing_type":"fixed","tiered_pricing_fixed_rules":[],"tiered_pricing_product_settings":{"layout":"default","base_unit_name":{"singular":null,"plural":null},"default_variation":null},"tiered_pricing_minimum_quantity":null,"tiered_pricing_roles_data":[],"tiered_pricing_percentage_rules":[],"_links":{"self":[{"href":"https:\/\/purama.lt\/fi\/wp-json\/wp\/v2\/product\/31478","targetHints":{"allow":["GET"]}}],"collection":[{"href":"https:\/\/purama.lt\/fi\/wp-json\/wp\/v2\/product"}],"about":[{"href":"https:\/\/purama.lt\/fi\/wp-json\/wp\/v2\/types\/product"}],"replies":[{"embeddable":true,"href":"https:\/\/purama.lt\/fi\/wp-json\/wp\/v2\/comments?post=31478"}],"wp:featuredmedia":[{"embeddable":true,"href":"https:\/\/purama.lt\/fi\/wp-json\/wp\/v2\/media\/31497"}],"wp:attachment":[{"href":"https:\/\/purama.lt\/fi\/wp-json\/wp\/v2\/media?parent=31478"}],"wp:term":[{"taxonomy":"product_brand","embeddable":true,"href":"https:\/\/purama.lt\/fi\/wp-json\/wp\/v2\/product_brand?post=31478"},{"taxonomy":"product_cat","embeddable":true,"href":"https:\/\/purama.lt\/fi\/wp-json\/wp\/v2\/product_cat?post=31478"},{"taxonomy":"product_tag","embeddable":true,"href":"https:\/\/purama.lt\/fi\/wp-json\/wp\/v2\/product_tag?post=31478"}],"curies":[{"name":"wp","href":"https:\/\/api.w.org\/{rel}","templated":true}]}}