{"id":31439,"date":"2025-01-11T10:40:17","date_gmt":"2025-01-11T10:40:17","guid":{"rendered":"https:\/\/purama.lt\/produktas\/h-drop-pilno-spektro-cbd-kanapiu-aliejus-augintiniams-back-on-paws-25\/"},"modified":"2026-01-17T23:43:36","modified_gmt":"2026-01-17T21:43:36","slug":"h-pudota-tayden-spektrin-cbd-hamppuoljya-lemmikkielainten-takaisin-tassut-25","status":"publish","type":"product","link":"https:\/\/purama.lt\/fi\/produktas\/h-drop-pilno-spektro-cbd-kanapiu-aliejus-augintiniams-back-on-paws-25\/","title":{"rendered":"H DROP t\u00e4yden spektrin CBD Hamppu\u00f6ljy lemmikkiel\u00e4imille - Takaisin tassut 2,5%"},"content":{"rendered":"<p><strong>Ainesosat:<\/strong> Hampunsiemen\u00f6ljy, t\u00e4ysspektrinen kannabidioli (CBD) - 2,5%, luonnolliset terpeenit, THC-vapaa.<\/p>","protected":false},"excerpt":{"rendered":"<p><strong>H DROP t\u00e4yden spektrin CBD Hamppu\u00f6ljy lemmikkiel\u00e4imille - Takaisin tassut 2,5%<\/strong> - luonnollinen ja hell\u00e4varainen ratkaisu lemmikkisi hyvinvointiin. T\u00e4yden spektrin kannabinoideilla rikastettu \u00f6ljy auttaa yll\u00e4pit\u00e4m\u00e4\u00e4n tasapainoa, rauhallisuutta ja yleist\u00e4 terveytt\u00e4. Erityisesti lemmikeille suunniteltu tuote on turvallinen, tehokas ja helppok\u00e4ytt\u00f6inen.<\/p>\n<p><strong>\u201eTakaisin tassuihin\u201c<\/strong> - huolehtiva valinta rakkaalle lemmikillesi.<\/p>","protected":false},"featured_media":31456,"comment_status":"open","ping_status":"closed","template":"","meta":{"_acf_changed":false},"product_brand":[425],"product_cat":[77,76,61],"product_tag":[],"class_list":{"0":"post-31439","1":"product","2":"type-product","3":"status-publish","4":"has-post-thumbnail","6":"product_brand-h-drop","7":"product_cat-cbd-aliejai","8":"product_cat-augintiniams","9":"product_cat-ramybei","11":"first","12":"instock","13":"shipping-taxable","14":"purchasable","15":"product-type-simple"},"acf":[],"tiered_pricing_type":"fixed","tiered_pricing_fixed_rules":[],"tiered_pricing_product_settings":{"layout":"default","base_unit_name":{"singular":null,"plural":null},"default_variation":null},"tiered_pricing_minimum_quantity":null,"tiered_pricing_roles_data":[],"tiered_pricing_percentage_rules":[],"_links":{"self":[{"href":"https:\/\/purama.lt\/fi\/wp-json\/wp\/v2\/product\/31439","targetHints":{"allow":["GET"]}}],"collection":[{"href":"https:\/\/purama.lt\/fi\/wp-json\/wp\/v2\/product"}],"about":[{"href":"https:\/\/purama.lt\/fi\/wp-json\/wp\/v2\/types\/product"}],"replies":[{"embeddable":true,"href":"https:\/\/purama.lt\/fi\/wp-json\/wp\/v2\/comments?post=31439"}],"wp:featuredmedia":[{"embeddable":true,"href":"https:\/\/purama.lt\/fi\/wp-json\/wp\/v2\/media\/31456"}],"wp:attachment":[{"href":"https:\/\/purama.lt\/fi\/wp-json\/wp\/v2\/media?parent=31439"}],"wp:term":[{"taxonomy":"product_brand","embeddable":true,"href":"https:\/\/purama.lt\/fi\/wp-json\/wp\/v2\/product_brand?post=31439"},{"taxonomy":"product_cat","embeddable":true,"href":"https:\/\/purama.lt\/fi\/wp-json\/wp\/v2\/product_cat?post=31439"},{"taxonomy":"product_tag","embeddable":true,"href":"https:\/\/purama.lt\/fi\/wp-json\/wp\/v2\/product_tag?post=31439"}],"curies":[{"name":"wp","href":"https:\/\/api.w.org\/{rel}","templated":true}]}}