{"id":31436,"date":"2025-01-11T10:40:17","date_gmt":"2025-01-11T10:40:17","guid":{"rendered":"https:\/\/purama.lt\/produktas\/h-drop-pilno-spektro-cbd-aliejus-15-calm-after-storm-apelsinu-sk\/"},"modified":"2026-03-19T16:36:28","modified_gmt":"2026-03-19T14:36:28","slug":"h-drop-tayden-spektrin-cbd-oljy-15-rauhallinen-myrskyn-jalkeen-oranssi","status":"publish","type":"product","link":"https:\/\/purama.lt\/fi\/produktas\/h-drop-pilno-spektro-cbd-aliejus-15-calm-after-storm-apelsinu-sk\/","title":{"rendered":"H DROP t\u00e4yden spektrin CBD-\u00f6ljy 15% Calm After Storm (oranssi)"},"content":{"rendered":"<p><strong>Ainesosat:<\/strong> Hampunsiemen\u00f6ljy, t\u00e4ysspektrinen kannabidioli (CBD) - 15%, luonnolliset terpeenit, luonnollinen appelsiiniaromi, THC-vapaa.<\/p>\n\n\n<p><\/p>","protected":false},"excerpt":{"rendered":"<p><strong>H DROP t\u00e4yden spektrin CBD-\u00f6ljy 15% Calm After Storm (oranssi)<\/strong> - luonnollinen valinta niille, jotka etsiv\u00e4t rauhaa ja tasapainoa. T\u00e4yden spektrin kannabinoideilla ja virkist\u00e4v\u00e4ll\u00e4 appelsiinin aromilla rikastettu \u00f6ljy auttaa palauttamaan kehon harmonian stressaavan p\u00e4iv\u00e4n j\u00e4lkeen. Jokainen pisara on yhdistelm\u00e4 laatua, luontoa ja tehokkuutta, joka on suunniteltu hyvinvointisi hyv\u00e4ksi. <strong>\"Myrskyn j\u00e4lkeinen rauhallisuus\"<\/strong> - t\u00e4ydellinen ratkaisu rauhallisempaan ja harmonisempaan el\u00e4m\u00e4\u00e4n.<\/p>","protected":false},"featured_media":31457,"comment_status":"open","ping_status":"closed","template":"","meta":{"_acf_changed":false},"product_brand":[425],"product_cat":[77,500,61],"product_tag":[],"class_list":{"0":"post-31436","1":"product","2":"type-product","3":"status-publish","4":"has-post-thumbnail","6":"product_brand-h-drop","7":"product_cat-cbd-aliejai","8":"product_cat-outlet","9":"product_cat-ramybei","11":"first","12":"instock","13":"sale","14":"shipping-taxable","15":"purchasable","16":"product-type-simple"},"acf":[],"tiered_pricing_type":"fixed","tiered_pricing_fixed_rules":[],"tiered_pricing_product_settings":{"layout":"default","base_unit_name":{"singular":null,"plural":null},"default_variation":null},"tiered_pricing_minimum_quantity":null,"tiered_pricing_roles_data":[],"tiered_pricing_percentage_rules":[],"_links":{"self":[{"href":"https:\/\/purama.lt\/fi\/wp-json\/wp\/v2\/product\/31436","targetHints":{"allow":["GET"]}}],"collection":[{"href":"https:\/\/purama.lt\/fi\/wp-json\/wp\/v2\/product"}],"about":[{"href":"https:\/\/purama.lt\/fi\/wp-json\/wp\/v2\/types\/product"}],"replies":[{"embeddable":true,"href":"https:\/\/purama.lt\/fi\/wp-json\/wp\/v2\/comments?post=31436"}],"wp:featuredmedia":[{"embeddable":true,"href":"https:\/\/purama.lt\/fi\/wp-json\/wp\/v2\/media\/31457"}],"wp:attachment":[{"href":"https:\/\/purama.lt\/fi\/wp-json\/wp\/v2\/media?parent=31436"}],"wp:term":[{"taxonomy":"product_brand","embeddable":true,"href":"https:\/\/purama.lt\/fi\/wp-json\/wp\/v2\/product_brand?post=31436"},{"taxonomy":"product_cat","embeddable":true,"href":"https:\/\/purama.lt\/fi\/wp-json\/wp\/v2\/product_cat?post=31436"},{"taxonomy":"product_tag","embeddable":true,"href":"https:\/\/purama.lt\/fi\/wp-json\/wp\/v2\/product_tag?post=31436"}],"curies":[{"name":"wp","href":"https:\/\/api.w.org\/{rel}","templated":true}]}}