{"id":31413,"date":"2025-01-10T19:11:57","date_gmt":"2025-01-10T19:11:57","guid":{"rendered":"https:\/\/purama.lt\/produktas\/canabaid-plataus-spektro-cbd-kanapiu-aliejus-3000mg\/"},"modified":"2026-03-19T16:43:01","modified_gmt":"2026-03-19T14:43:01","slug":"canabaid-laajakirjoinen-cbd-hamppuoljy-3000mg","status":"publish","type":"product","link":"https:\/\/purama.lt\/fi\/produktas\/canabaid-plataus-spektro-cbd-kanapiu-aliejus-3000mg\/","title":{"rendered":"CANABAID laajakirjoinen CBD Hamppu\u00f6ljy 3000mg"},"content":{"rendered":"<p><strong>Ainesosat:<\/strong> Hampunsiemen\u00f6ljy, laajakirjoinen kannabidioli (CBD) - 3000mg, luonnolliset terpeenit, ei THC.<\/p>","protected":false},"excerpt":{"rendered":"<p><strong>CANABAID<\/strong> Broad Spectrum CBD Hemp Oil 3000mg on eritt\u00e4in vahva, korkealaatuinen hamppu\u00f6ljy, joka on suunniteltu tukemaan p\u00e4ivitt\u00e4ist\u00e4 hyvinvointiasi. Laaja spektri kannabinoideja takaa kokonaisvaltaisen vaikutuksen ja CO2-uuttomenetelm\u00e4 takaa luonnollisuuden ja tehokkuuden.<\/p>\n<p>Ihanteellinen valinta niille, jotka etsiv\u00e4t ensiluokkaista ratkaisua hyvinvointiin ja luonnolliseen tasapainoon.<\/p>","protected":false},"featured_media":31425,"comment_status":"open","ping_status":"closed","template":"","meta":{"_acf_changed":false},"product_brand":[415],"product_cat":[61,77,500],"product_tag":[],"class_list":{"0":"post-31413","1":"product","2":"type-product","3":"status-publish","4":"has-post-thumbnail","6":"product_brand-canabaid","7":"product_cat-ramybei","8":"product_cat-cbd-aliejai","9":"product_cat-outlet","11":"first","12":"instock","13":"sale","14":"shipping-taxable","15":"purchasable","16":"product-type-simple"},"acf":[],"tiered_pricing_type":"fixed","tiered_pricing_fixed_rules":[],"tiered_pricing_product_settings":{"layout":"default","base_unit_name":{"singular":null,"plural":null},"default_variation":null},"tiered_pricing_minimum_quantity":null,"tiered_pricing_roles_data":[],"tiered_pricing_percentage_rules":[],"_links":{"self":[{"href":"https:\/\/purama.lt\/fi\/wp-json\/wp\/v2\/product\/31413","targetHints":{"allow":["GET"]}}],"collection":[{"href":"https:\/\/purama.lt\/fi\/wp-json\/wp\/v2\/product"}],"about":[{"href":"https:\/\/purama.lt\/fi\/wp-json\/wp\/v2\/types\/product"}],"replies":[{"embeddable":true,"href":"https:\/\/purama.lt\/fi\/wp-json\/wp\/v2\/comments?post=31413"}],"wp:featuredmedia":[{"embeddable":true,"href":"https:\/\/purama.lt\/fi\/wp-json\/wp\/v2\/media\/31425"}],"wp:attachment":[{"href":"https:\/\/purama.lt\/fi\/wp-json\/wp\/v2\/media?parent=31413"}],"wp:term":[{"taxonomy":"product_brand","embeddable":true,"href":"https:\/\/purama.lt\/fi\/wp-json\/wp\/v2\/product_brand?post=31413"},{"taxonomy":"product_cat","embeddable":true,"href":"https:\/\/purama.lt\/fi\/wp-json\/wp\/v2\/product_cat?post=31413"},{"taxonomy":"product_tag","embeddable":true,"href":"https:\/\/purama.lt\/fi\/wp-json\/wp\/v2\/product_tag?post=31413"}],"curies":[{"name":"wp","href":"https:\/\/api.w.org\/{rel}","templated":true}]}}