{"id":31370,"date":"2025-01-10T12:09:36","date_gmt":"2025-01-10T12:09:36","guid":{"rendered":"https:\/\/purama.lt\/produktas\/kojines-splash-pink-sporcks\/"},"modified":"2026-04-03T10:31:05","modified_gmt":"2026-04-03T08:31:05","slug":"kojines-splash-pink-sporcks","status":"publish","type":"product","link":"https:\/\/purama.lt\/fi\/produktas\/kojines-splash-pink-sporcks\/","title":{"rendered":"SPORCKS Splash vaaleanpunaiset urheilusukat"},"content":{"rendered":"<p>Etsitk\u00f6 lis\u00e4\u00e4? Katso kaikki <a href=\"\/fi\/tuoteselosteet\/sporcks\/\">Sporcks-valikoima<\/a>.<\/p>","protected":false},"excerpt":{"rendered":"<p><span lang=\"en-US\"><strong>SPORCKS Splash vaaleanpunainen<\/strong> - Malliston kevyimm\u00e4t, hengitt\u00e4vimm\u00e4t ja mukavimmat juoksusukat. Kantap\u00e4\u00e4 ja k\u00e4rkiosa on valmistettu COOLMAX\u00ae-froteekankaasta, joka v\u00e4hent\u00e4\u00e4 iskujen vaikutusta ja tarjoaa enemm\u00e4n mukavuutta ja hengitt\u00e4vyytt\u00e4. Suojaa ja auttaa ehk\u00e4isem\u00e4\u00e4n rakkuloita.<\/span><\/p>\n<p><span lang=\"en-US\"><b>OMINAISUUDET:<\/b><\/span><\/p>\n<ul>\n<li><span lang=\"en-US\">100% valmistettu Espanjassa.<\/span><\/li>\n<li><span lang=\"en-US\">Valmistettu Coolmax\u00ae:sta ja nailonista.<\/span><\/li>\n<li><span lang=\"en-US\">Joustava ja joustava, sopii lyhyisiin siirtymiin.<\/span><\/li>\n<li><span lang=\"en-US\">Haihduttaa tehokkaasti kosteutta ja kuivuu nopeasti.<\/span><\/li>\n<\/ul>\n<p>&nbsp;<\/p>","protected":false},"featured_media":31374,"comment_status":"open","ping_status":"closed","template":"","meta":{"_acf_changed":false},"product_brand":[246],"product_cat":[98,57,102],"product_tag":[],"class_list":{"0":"post-31370","1":"product","2":"type-product","3":"status-publish","4":"has-post-thumbnail","6":"product_brand-sporcks","7":"product_cat-sportui","8":"product_cat-akcijos","9":"product_cat-kojines","11":"first","12":"instock","13":"sale","14":"shipping-taxable","15":"purchasable","16":"product-type-variable","17":"has-default-attributes"},"acf":[],"tiered_pricing_type":"fixed","tiered_pricing_fixed_rules":[],"tiered_pricing_product_settings":{"layout":"default","base_unit_name":{"singular":null,"plural":null},"default_variation":null},"tiered_pricing_minimum_quantity":null,"tiered_pricing_roles_data":[],"tiered_pricing_percentage_rules":[],"_links":{"self":[{"href":"https:\/\/purama.lt\/fi\/wp-json\/wp\/v2\/product\/31370","targetHints":{"allow":["GET"]}}],"collection":[{"href":"https:\/\/purama.lt\/fi\/wp-json\/wp\/v2\/product"}],"about":[{"href":"https:\/\/purama.lt\/fi\/wp-json\/wp\/v2\/types\/product"}],"replies":[{"embeddable":true,"href":"https:\/\/purama.lt\/fi\/wp-json\/wp\/v2\/comments?post=31370"}],"wp:featuredmedia":[{"embeddable":true,"href":"https:\/\/purama.lt\/fi\/wp-json\/wp\/v2\/media\/31374"}],"wp:attachment":[{"href":"https:\/\/purama.lt\/fi\/wp-json\/wp\/v2\/media?parent=31370"}],"wp:term":[{"taxonomy":"product_brand","embeddable":true,"href":"https:\/\/purama.lt\/fi\/wp-json\/wp\/v2\/product_brand?post=31370"},{"taxonomy":"product_cat","embeddable":true,"href":"https:\/\/purama.lt\/fi\/wp-json\/wp\/v2\/product_cat?post=31370"},{"taxonomy":"product_tag","embeddable":true,"href":"https:\/\/purama.lt\/fi\/wp-json\/wp\/v2\/product_tag?post=31370"}],"curies":[{"name":"wp","href":"https:\/\/api.w.org\/{rel}","templated":true}]}}