{"id":46628,"date":"2026-03-10T14:20:01","date_gmt":"2026-03-10T12:20:01","guid":{"rendered":"https:\/\/purama.lt\/?page_id=46628"},"modified":"2026-04-08T15:48:29","modified_gmt":"2026-04-08T13:48:29","slug":"tavaroiden-toimittaminen","status":"publish","type":"page","link":"https:\/\/purama.lt\/fi\/prekiu-pristatymas\/","title":{"rendered":"Tavaroiden toimitus"},"content":{"rendered":"<p>Toimitamme Liettuaan, Latviaan, Viroon, Suomeen ja muihin Euroopan maihin. Normaalit toimitusajat on esitetty alla, mutta jos tuotesivulla on annettu muita tietoja, sovelletaan tuotesivulla ilmoitettua m\u00e4\u00e4r\u00e4aikaa.<\/p>\n\n\n\n<p>Tarkka toimitushinta ja k\u00e4ytett\u00e4viss\u00e4 olevat toimitustavat ilmoitetaan aina kassalla valitsemasi maan ja osoitteen mukaan.<\/p>\n\n\n\n<h2 class=\"wp-block-heading\">Liettua<\/h2>\n\n\n\n<p><strong>Toimitusaika:<\/strong> 1-2 ty\u00f6p\u00e4iv\u00e4\u00e4, ellei tuotesivulla toisin mainita.<\/p>\n\n\n\n<ul class=\"wp-block-list\">\n<li><strong>LP Expressin postitoimisto<\/strong> - 1,99 \u20ac | ilmaiseksi alkaen 30 \u20ac<\/li>\n\n\n\n<li><strong>LP Express kuriiri<\/strong> - 3,49 \u20ac | ilmaiseksi alkaen 30 \u20ac<\/li>\n\n\n\n<li><strong>Venipakin postitoimisto<\/strong> - 2,49 \u20ac | ilmaiseksi alkaen 35 \u20ac<\/li>\n\n\n\n<li><strong>Venipak-kuriiri<\/strong> - 3,49 \u20ac | ilmaiseksi alkaen 35 \u20ac<\/li>\n\n\n\n<li><strong>Omnivan postitoimisto<\/strong> \u2013 3,49 \u20ac | nemokamai nuo 70 \u20ac<\/li>\n\n\n\n<li><strong>Omniva-kuriiri<\/strong> - 4,99 \u20ac | ilmaiseksi alkaen 50 \u20ac<\/li>\n\n\n\n<li><strong>SmartPosti postitoimisto<\/strong> - 2,99 \u20ac | ilmaiseksi alkaen 50 \u20ac<\/li>\n<\/ul>\n\n\n\n<h2 class=\"wp-block-heading\">Latvia<\/h2>\n\n\n\n<p><strong>Toimitusaika:<\/strong> 2-3 ty\u00f6p\u00e4iv\u00e4\u00e4, ellei tuotesivulla toisin mainita.<\/p>\n\n\n\n<ul class=\"wp-block-list\">\n<li><strong>Venipak-paketit<\/strong> - 2,99 \u20ac | ilmaiseksi alkaen 30 \u20ac<\/li>\n\n\n\n<li><strong>Unisend pacomates<\/strong> - 2,99 \u20ac | ilmaiseksi alkaen 30 \u20ac<\/li>\n\n\n\n<li><strong>Omniva pacomats<\/strong> \u2013 3,99 \u20ac | nemokamai nuo 70 \u20ac<\/li>\n\n\n\n<li><strong>Venipak-kuriiri<\/strong> - 5,99 \u20ac | ilmaiseksi alkaen 39 \u20ac<\/li>\n\n\n\n<li><strong>SmartPosti pacomats<\/strong> - 4,99 \u20ac | ilmaiseksi alkaen 50 \u20ac<\/li>\n<\/ul>\n\n\n\n<h2 class=\"wp-block-heading\">Viro<\/h2>\n\n\n\n<p><strong>Toimitusaika:<\/strong> 2-3 ty\u00f6p\u00e4iv\u00e4\u00e4, ellei tuotesivulla toisin mainita.<\/p>\n\n\n\n<ul class=\"wp-block-list\">\n<li><strong>Venipak-paketti<\/strong> - 3,99 \u20ac | ilmaiseksi alkaen 30 \u20ac<\/li>\n\n\n\n<li><strong>Unisend pakiautomaat<\/strong> - 2,99 \u20ac | ilmaiseksi alkaen 30 \u20ac<\/li>\n\n\n\n<li><strong>Omniva-paketti<\/strong> \u2013 3,99 \u20ac | nemokamai nuo 70 \u20ac<\/li>\n\n\n\n<li><strong>Venipak kuller<\/strong> - 7,99 \u20ac | ilmaiseksi alkaen 39 \u20ac<\/li>\n\n\n\n<li><strong>SmartPosti-paketti<\/strong> - 4,99 \u20ac | ilmaiseksi alkaen 50 \u20ac<\/li>\n<\/ul>\n\n\n\n<h2 class=\"wp-block-heading\">Suomi<\/h2>\n\n\n\n<p><strong>Toimitusaika:<\/strong> 3-4 ty\u00f6p\u00e4iv\u00e4\u00e4, ellei tuotesivulla toisin mainita.<\/p>\n\n\n\n<ul class=\"wp-block-list\">\n<li><strong>Posti pakettiautomaatti<\/strong> - 9,99 \u20ac | ilmaiseksi alkaen 50 \u20ac<\/li>\n<\/ul>\n\n\n\n<h2 class=\"wp-block-heading\">Muut Euroopan maat<\/h2>\n\n\n\n<p>L\u00e4het\u00e4mme kuriiripalvelun kautta valittuihin Euroopan maihin.<\/p>\n\n\n\n<p><strong>Toimitusaika:<\/strong> enint\u00e4\u00e4n 7 ty\u00f6p\u00e4iv\u00e4\u00e4.<\/p>\n\n\n\n<p><strong>Toimituskulut:<\/strong> 19,99 \u20ac<\/p>\n\n\n\n<p>T\u00e4m\u00e4 toimitustapa koskee valittuja Euroopan maita toimitusalueen mukaan. Tarkka toimitusvaihtoehto n\u00e4ytet\u00e4\u00e4n aina kassalla sy\u00f6tetyn maan ja osoitteen perusteella.<\/p>\n\n\n\n<h2 class=\"wp-block-heading\">T\u00e4rke\u00e4\u00e4 tietoa<\/h2>\n\n\n\n<ul class=\"wp-block-list\">\n<li>Jos tuotesivulla on ilmoitettu eri toimitusp\u00e4iv\u00e4, sovelletaan kyseist\u00e4 p\u00e4iv\u00e4m\u00e4\u00e4r\u00e4\u00e4.<\/li>\n\n\n\n<li>Tilauksen valmistelu- ja toimitusaika voi vaihdella alennusmyyntien, loma-aikojen tai kuljetusliikkeiden ruuhkautumisen vuoksi.<\/li>\n\n\n\n<li>Tarkka lopullinen toimitushinta on aina n\u00e4ht\u00e4viss\u00e4 kassalla ennen maksua.<\/li>\n\n\n\n<li>Jos sinulla on kysytt\u00e4v\u00e4\u00e4 toimituksesta, ota meihin yhteytt\u00e4 yhteydenottosivumme kautta.<\/li>\n<\/ul>","protected":false},"excerpt":{"rendered":"<p>Pristatome \u012f Lietuv\u0105, Latvij\u0105, Estij\u0105, Suomij\u0105 ir kitas Europos \u0161alis. \u012eprasti pristatymo terminai nurodyti \u017eemiau, ta\u010diau jei produkto puslapyje pateikta kita informacija, taikomas b\u016btent produkto puslapyje nurodytas terminas. Tiksli pristatymo kaina ir galimi pristatymo b\u016bdai visada pateikiami atsiskaitymo metu pagal pasirinkt\u0105 \u0161al\u012f ir adres\u0105. Lietuva Pristatymo terminas: 1\u20132 darbo dienos, jei produkto puslapyje nenurodyta kitaip. [&hellip;]<\/p>\n","protected":false},"author":38,"featured_media":0,"parent":0,"menu_order":0,"comment_status":"closed","ping_status":"closed","template":"template-fullwidth.php","meta":{"_acf_changed":false,"footnotes":""},"class_list":["post-46628","page","type-page","status-publish","hentry"],"acf":[],"_links":{"self":[{"href":"https:\/\/purama.lt\/fi\/wp-json\/wp\/v2\/pages\/46628","targetHints":{"allow":["GET"]}}],"collection":[{"href":"https:\/\/purama.lt\/fi\/wp-json\/wp\/v2\/pages"}],"about":[{"href":"https:\/\/purama.lt\/fi\/wp-json\/wp\/v2\/types\/page"}],"author":[{"embeddable":true,"href":"https:\/\/purama.lt\/fi\/wp-json\/wp\/v2\/users\/38"}],"replies":[{"embeddable":true,"href":"https:\/\/purama.lt\/fi\/wp-json\/wp\/v2\/comments?post=46628"}],"version-history":[{"count":0,"href":"https:\/\/purama.lt\/fi\/wp-json\/wp\/v2\/pages\/46628\/revisions"}],"wp:attachment":[{"href":"https:\/\/purama.lt\/fi\/wp-json\/wp\/v2\/media?parent=46628"}],"curies":[{"name":"wp","href":"https:\/\/api.w.org\/{rel}","templated":true}]}}