{"id":11,"date":"2024-11-23T16:59:24","date_gmt":"2024-11-23T16:59:24","guid":{"rendered":"https:\/\/purama.lt\/?page_id=11"},"modified":"2026-03-16T14:35:31","modified_gmt":"2026-03-16T12:35:31","slug":"saannot","status":"publish","type":"page","link":"https:\/\/purama.lt\/fi\/taisykles\/","title":{"rendered":"Ostos\u00e4\u00e4nn\u00f6t"},"content":{"rendered":"<div data-elementor-type=\"wp-page\" data-elementor-id=\"11\" class=\"elementor elementor-11\" data-elementor-post-type=\"page\">\n\t\t\t\t<div class=\"elementor-element elementor-element-9b164ed e-flex e-con-boxed e-con e-parent\" data-id=\"9b164ed\" data-element_type=\"container\" data-e-type=\"container\">\n\t\t\t\t\t<div class=\"e-con-inner\">\n\t\t\t\t<div class=\"elementor-element elementor-element-2a4ce87 elementor-widget elementor-widget-heading\" data-id=\"2a4ce87\" data-element_type=\"widget\" data-e-type=\"widget\" data-widget_type=\"heading.default\">\n\t\t\t\t\t<h1 class=\"elementor-heading-title elementor-size-default\">Ostos\u00e4\u00e4nn\u00f6t<\/h1>\t\t\t\t<\/div>\n\t\t\t\t\t<\/div>\n\t\t\t\t<\/div>\n\t\t<div class=\"elementor-element elementor-element-3cbe9fc5 e-flex e-con-boxed e-con e-parent\" data-id=\"3cbe9fc5\" data-element_type=\"container\" data-e-type=\"container\">\n\t\t\t\t\t<div class=\"e-con-inner\">\n\t\t\t\t<div class=\"elementor-element elementor-element-76f6ceb7 elementor-widget elementor-widget-text-editor\" data-id=\"76f6ceb7\" data-element_type=\"widget\" data-e-type=\"widget\" data-widget_type=\"text-editor.default\">\n\t\t\t\t\t\t\t\t\t<p><strong>Viimeksi p\u00e4ivitetty:<\/strong> 2025-03-13<\/p>\n<p><!-- \/wp:paragraph --><!-- wp:heading --><\/p>\n<h2 class=\"wp-block-heading\">1. Yleiset m\u00e4\u00e4r\u00e4ykset ja myyj\u00e4<\/h2>\n<p><!-- \/wp:heading --><!-- wp:paragraph --><\/p>\n<p><strong>Ostos\u00e4\u00e4nn\u00f6t<\/strong> vahvistetaan Purama-verkkokaupan osto-, maksu- ja palautusmenettelyt.<\/p>\n<p><strong>Myyj\u00e4 ja tavarantoimittaja:<\/strong><\/p>\n<p><!-- \/wp:paragraph --><!-- wp:list --><\/p>\n<ul class=\"wp-block-list\">\n<li style=\"list-style-type: none;\">\n<ul class=\"wp-block-list\"><!-- wp:list-item --><\/ul>\n<\/li>\n<\/ul>\n<p><strong>UAB \"\u017dalias  la\u0161as\"<\/strong><\/p>\n<p><!-- \/wp:list-item --><!-- wp:list-item --><\/p>\n<p>Yrityksen koodi: 305855084<br \/>alv-koodi: LT100014337119<br \/>Rekister\u00f6intiosoite: \u0160altini\u0173 g. 5-12, Vilna.<br \/><strong>Yrityksen osoite (varasto):<\/strong> Juozapavi\u010diaus g. 6A, Vilna<\/p>\n<p><!-- \/wp:list-item --><!-- wp:list-item --><\/p>\n<p><!-- \/wp:list-item --><!-- wp:list-item --><\/p>\n<p><!-- \/wp:list-item --><!-- wp:list-item --><\/p>\n<p><!-- \/wp:list-item --><\/p>\n<p><!-- \/wp:list --><!-- wp:heading --><\/p>\n<h2 class=\"wp-block-heading\">2. Tilaaminen ja toimitus<\/h2>\n<p><!-- \/wp:heading --><!-- wp:paragraph --><\/p>\n<p data-path-to-node=\"1\"><b data-path-to-node=\"1\" data-index-in-node=\"0\">Toimitustiedot<\/b><\/p>\n<p data-path-to-node=\"2,0,0\"><b data-path-to-node=\"2,0,0\" data-index-in-node=\"0\">Toimitusajat:<\/b><\/p>\n<p><b data-path-to-node=\"2,0,1,0,0\" data-index-in-node=\"0\">Liettua:<\/b> 1-2 ty\u00f6p\u00e4iv\u00e4\u00e4.<br \/><b data-path-to-node=\"2,0,1,1,0\" data-index-in-node=\"0\">Latvia ja Viro:<\/b> 2-3 ty\u00f6p\u00e4iv\u00e4\u00e4.<br \/><b data-path-to-node=\"2,0,1,2,0\" data-index-in-node=\"0\">Suomi:<\/b> 3-4 ty\u00f6p\u00e4iv\u00e4\u00e4.<\/p>\n<p><span data-path-to-node=\"2,1,0\" data-index-in-node=\"0\"><b>Ilmainen toimitus:<\/b><\/span><\/p>\n<p><b data-path-to-node=\"2,1,1,0,0\" data-index-in-node=\"0\">Liettua:<\/b> alkaen 30 \u20ac (LP Express), muuten 35 \u20ac tai 50 \u20ac.<br \/><b data-path-to-node=\"2,1,1,1,0\" data-index-in-node=\"0\">Latvia ja Viro:<\/b> alkaen 30 \u20ac (Venipak\/Unisend), muuten 39 \u20ac tai 50 \u20ac.<br \/><b data-path-to-node=\"2,1,1,2,0\" data-index-in-node=\"0\">Suomi:<\/b> alkaen 50 \u20ac (postitoimistot).<br \/><b data-path-to-node=\"2,2,0\" data-index-in-node=\"0\"><\/b><\/p>\n<p><b data-path-to-node=\"2,2,0\" data-index-in-node=\"0\">Toimitustavat:<\/b> LP Express, Venipak, Omniva, SmartPost, Unisend ja Posti (kuriiripalveluna tai postitoimistoihin).<br \/><b data-path-to-node=\"2,3,0\" data-index-in-node=\"0\">Hinta:<\/b> Tarkka hinta lasketaan ostoskorissa, kun olet valinnut maan ja toimitustavan.<\/p>\n<p data-path-to-node=\"3\">Lis\u00e4tietoja hinnoista ja menetelmist\u00e4 saat klikkaamalla t\u00e4st\u00e4: <a class=\"ng-star-inserted\" href=\"https:\/\/purama.lt\/fi\/tavaroiden-toimittaminen\/\" target=\"_blank\" rel=\"noopener\" data-hveid=\"0\" data-ved=\"0CAAQ_4QMahcKEwjZxPmjt5yTAxUAAAAAHQAAAAAQTg\">Tavaroiden toimitus<\/a><\/p>\n<ul class=\"wp-block-list\"><!-- \/wp:list-item --><\/ul>\n<h2 data-path-to-node=\"17\">3. Tilaaminen ja maksaminen<\/h2>\n<p data-path-to-node=\"18\">Haluamme tehd\u00e4 ostosten tekemisest\u00e4 mahdollisimman helppoa. Kun olet tehnyt tilauksen, saat vahvistuss\u00e4hk\u00f6postin.<\/p>\n<h3 data-path-to-node=\"19\">3.1. Maksutavat<\/h3>\n<p data-path-to-node=\"20\">Voit maksaa tavarasi seuraavilla turvallisilla tavoilla:<\/p>\n<p data-path-to-node=\"21,0,0\"><b data-path-to-node=\"21,0,0\" data-index-in-node=\"0\">S\u00e4hk\u00f6inen pankkitoiminta<\/b> (Kaikki pankit maassa, Revolut, maksut hallinnoi Montonio).<br \/><b data-path-to-node=\"21,1,0\" data-index-in-node=\"0\">Pankkisiirto<\/b> (aikaisemman laskun perusteella).<br \/><strong>Pankkikortti<\/strong> (VISA, MASTERCARD)<br \/><strong>Google pay \/ Apple pay<\/strong><\/p>\n<p><!-- \/wp:list --><!-- wp:heading --><\/p>\n<h2 class=\"wp-block-heading\">4. Palautusoikeus (14 p\u00e4iv\u00e4n takuu)<\/h2>\n<p><!-- \/wp:heading --><!-- wp:paragraph --><\/p>\n<p>Ostajalla on oikeus peruuttaa ostosopimus seuraavien m\u00e4\u00e4r\u00e4aikojen kuluessa. <strong>14 p\u00e4iv\u00e4\u00e4<\/strong> tavaran vastaanottamisen j\u00e4lkeen seuraavin ehdoin:<\/p>\n<p><!-- \/wp:paragraph --><!-- wp:heading {\"level\":3} --><\/p>\n<h3 class=\"wp-block-heading\">4.1. Ravintolis\u00e4t ja kosmetiikka<\/h3>\n<p><!-- \/wp:heading --><!-- wp:paragraph --><\/p>\n<p>Terveys- ja hygieniasyist\u00e4, <strong>ravintolis\u00e4t<\/strong> ja <strong>kosmeettiset tuotteet<\/strong> voidaan palauttaa <strong>TIC<\/strong> jos:<\/p>\n<p><!-- \/wp:paragraph --><!-- wp:list {\"ordered\":true,\"start\":1} --><\/p>\n<ol class=\"wp-block-list\" start=\"1\">\n<li style=\"list-style-type: none;\">\n<ol class=\"wp-block-list\" start=\"1\"><!-- wp:list-item --><\/ol>\n<\/li>\n<\/ol>\n<ol class=\"wp-block-list\" start=\"1\">\n<li style=\"list-style-type: none;\">\n<ol class=\"wp-block-list\" start=\"1\">\n<li>Pakkaus on valmis <strong>ehj\u00e4 ja avaamaton<\/strong> (suojakalvoa ei ole poistettu).<\/li>\n<\/ol>\n<\/li>\n<\/ol>\n<p><!-- \/wp:list-item --><!-- wp:list-item --><\/p>\n<ol class=\"wp-block-list\" start=\"1\">\n<li style=\"list-style-type: none;\">\n<ol class=\"wp-block-list\" start=\"1\">\n<li>Tuotetta ei ole k\u00e4ytetty tai testattu.<\/li>\n<\/ol>\n<\/li>\n<\/ol>\n<p><!-- \/wp:list-item --><\/p>\n<p><!-- \/wp:list --><!-- wp:heading {\"level\":3} --><\/p>\n<h3 class=\"wp-block-heading\">4.2 Elektroniset laitteet<\/h3>\n<p><!-- \/wp:heading --><!-- wp:paragraph --><\/p>\n<p>Kest\u00e4v\u00e4t laitteet (esim. hierontalaitteet, mittarit ja muut elektroniset laitteet) voidaan palauttaa, jos niit\u00e4 ei ole k\u00e4ytetty, ne ovat alkuper\u00e4ispakkauksissaan eiv\u00e4tk\u00e4 ole menett\u00e4neet alkuper\u00e4ist\u00e4 ulkon\u00e4k\u00f6\u00e4\u00e4n.<\/p>\n<p><!-- \/wp:paragraph --><!-- wp:heading {\"level\":3} --><\/p>\n<h3 class=\"wp-block-heading\">4.3 Palautusmenettely<\/h3>\n<p><!-- \/wp:heading --><!-- wp:paragraph --><\/p>\n<p>Tuotteen palauttaminen:<\/p>\n<p><!-- \/wp:paragraph --><!-- wp:list {\"ordered\":true,\"start\":1} --><\/p>\n<ol class=\"wp-block-list\" start=\"1\">\n<li style=\"list-style-type: none;\">\n<ol class=\"wp-block-list\" start=\"1\"><!-- wp:list-item --><\/ol>\n<\/li>\n<\/ol>\n<ol class=\"wp-block-list\" start=\"1\">\n<li style=\"list-style-type: none;\">\n<ol class=\"wp-block-list\" start=\"1\">\n<li>L\u00e4het\u00e4 meille s\u00e4hk\u00f6postia <strong>info@purama.lt<\/strong>, ja ilmoittakaa tilausnumeronne.<\/li>\n<\/ol>\n<\/li>\n<\/ol>\n<p><!-- \/wp:list-item --><!-- wp:list-item --><\/p>\n<ol class=\"wp-block-list\" start=\"1\">\n<li style=\"list-style-type: none;\">\n<ol class=\"wp-block-list\" start=\"1\">\n<li>Pakkaa tavarasi turvallisesti.<\/li>\n<\/ol>\n<\/li>\n<\/ol>\n<p><!-- \/wp:list-item --><!-- wp:list-item --><\/p>\n<ol class=\"wp-block-list\" start=\"1\">\n<li style=\"list-style-type: none;\">\n<ol class=\"wp-block-list\" start=\"1\">\n<li>L\u00e4het\u00e4 ne osoitteeseen: <strong>UAB \u201e\u017dalias la\u0161as\u201c, Juozapavi\u010diaus g. 6A, LT-09310 Vilna.<\/strong>.<\/li>\n<\/ol>\n<\/li>\n<\/ol>\n<p><!-- \/wp:list-item --><\/p>\n<p><!-- \/wp:list --><!-- wp:paragraph --><\/p>\n<p><em>Huomautus: Laadukkaiden tavaroiden palauttamisesta aiheutuvista kustannuksista vastaa ostaja. <\/em><\/p>\n<p><!-- \/wp:paragraph --><!-- wp:heading --><\/p>\n<h2 class=\"wp-block-heading\">5. Vastuu ja laatu<\/h2>\n<p><!-- \/wp:heading --><!-- wp:paragraph --><\/p>\n<p>Kaikki Puraman myym\u00e4t tuotteet ovat alkuper\u00e4isi\u00e4, suoraan valmistajilta hankittuja ja EU:n ja Liettuan lains\u00e4\u00e4d\u00e4nn\u00f6n mukaisia. Jos olet saanut viallisen tai vahingoittuneen tuotteen, ota v\u00e4litt\u00f6m\u00e4sti yhteytt\u00e4 meihin saadaksesi maksuttoman korvauksen tai hyvityksen.<\/p>\n<p><!-- \/wp:paragraph --><!-- wp:paragraph --><\/p>\n<p><strong>Elektroniikkatuotteilla on lakis\u00e4\u00e4teinen 2 vuoden takuu (Liettuan tasavallan siviililain ja EU:n lains\u00e4\u00e4d\u00e4nn\u00f6n mukaisesti).<\/strong> <br \/><strong>Takuu raukeaa:<\/strong> Jos vika johtuu mekaanisesta vauriosta (esim. laitteen pudottamisesta), altistumisesta kosteudelle tai k\u00e4yt\u00f6st\u00e4 ilman ohjeiden noudattamista. <br \/><b data-path-to-node=\"3,1,0\" data-index-in-node=\"0\">Luonnollinen poisto:<\/b> Akun tai laitteen muiden kuluvien osien kapasiteetin v\u00e4henemist\u00e4 raskaan k\u00e4yt\u00f6n seurauksena ei pidet\u00e4 valmistusvirheen\u00e4.<\/p>\n<p><!-- \/wp:paragraph --><!-- wp:heading --><\/p>\n<h2 class=\"wp-block-heading\">6. Riitojen ratkaiseminen<\/h2>\n<p><!-- \/wp:heading --><!-- wp:paragraph --><\/p>\n<p>Kaikki erimielisyydet ratkaistaan neuvottelemalla. Jos sopimukseen ei p\u00e4\u00e4st\u00e4, ostajalla on oikeus k\u00e4\u00e4nty\u00e4 valtion kuluttajansuojaviranomaisen puoleen. <a href=\"https:\/\/vvtat.lrv.lt\/lt\/\" target=\"_blank\" rel=\"noreferrer noopener\" data-type=\"link\" data-id=\"https:\/\/vvtat.lrv.lt\/lt\/\">VVTAT<\/a>\u00a0tai k\u00e4ytt\u00e4\u00e4 Euroopan unionin s\u00e4hk\u00f6ist\u00e4 riidanratkaisumenettely\u00e4. <a href=\"https:\/\/consumer-redress.ec.europa.eu\/index_en\" target=\"_blank\" rel=\"noreferrer noopener\" data-type=\"link\" data-id=\"https:\/\/consumer-redress.ec.europa.eu\/index_en\">ETY-alusta<\/a>.<\/p>\n<p><!-- \/wp:paragraph --><\/p>\t\t\t\t\t\t\t\t<\/div>\n\t\t\t\t<div class=\"elementor-element elementor-element-470349c elementor-widget elementor-widget-heading\" data-id=\"470349c\" data-element_type=\"widget\" data-e-type=\"widget\" data-widget_type=\"heading.default\">\n\t\t\t\t\t<h3 class=\"elementor-heading-title elementor-size-default\">Usein kysytyt kysymykset ostamisesta ja palauttamisesta<\/h3>\t\t\t\t<\/div>\n\t\t\t\t\t<\/div>\n\t\t\t\t<\/div>\n\t\t<div class=\"elementor-element elementor-element-3da639d e-flex e-con-boxed e-con e-parent\" data-id=\"3da639d\" data-element_type=\"container\" data-e-type=\"container\">\n\t\t\t\t\t<div class=\"e-con-inner\">\n\t\t\t\t<div class=\"elementor-element elementor-element-ea87118 elementor-widget elementor-widget-n-accordion\" data-id=\"ea87118\" data-element_type=\"widget\" data-e-type=\"widget\" data-settings=\"{&quot;default_state&quot;:&quot;expanded&quot;,&quot;max_items_expended&quot;:&quot;one&quot;,&quot;n_accordion_animation_duration&quot;:{&quot;unit&quot;:&quot;ms&quot;,&quot;size&quot;:400,&quot;sizes&quot;:[]}}\" data-widget_type=\"nested-accordion.default\">\n\t\t\t\t\t\t\t<div class=\"e-n-accordion\" aria-label=\"Harmonikka. Avaa linkit Enterill\u00e4 tai v\u00e4lily\u00f6nnill\u00e4, sulje linkit Escape-n\u00e4pp\u00e4imell\u00e4 ja navigoi nuolin\u00e4pp\u00e4imill\u00e4.\">\n\t\t\t\t\t\t<details id=\"e-n-accordion-item-2450\" class=\"e-n-accordion-item\" open>\n\t\t\t\t<summary class=\"e-n-accordion-item-title\" data-accordion-index=\"1\" tabindex=\"0\" aria-expanded=\"true\" aria-controls=\"e-n-accordion-item-2450\" >\n\t\t\t\t\t<span class='e-n-accordion-item-title-header'><div class=\"e-n-accordion-item-title-text\"> Kuinka kauan toimitus kest\u00e4\u00e4? <\/div><\/span>\n\t\t\t\t\t\t\t<span class='e-n-accordion-item-title-icon'>\n\t\t\t<span class='e-opened' ><svg aria-hidden=\"true\" class=\"e-font-icon-svg e-fas-minus\" viewbox=\"0 0 448 512\" xmlns=\"http:\/\/www.w3.org\/2000\/svg\"><path d=\"M416 208H32c-17.67 0-32 14.33-32 32v32c0 17.67 14.33 32 32 32h384c17.67 0 32-14.33 32-32v-32c0-17.67-14.33-32-32-32z\"><\/path><\/svg><\/span>\n\t\t\t<span class='e-closed'><svg aria-hidden=\"true\" class=\"e-font-icon-svg e-fas-plus\" viewbox=\"0 0 448 512\" xmlns=\"http:\/\/www.w3.org\/2000\/svg\"><path d=\"M416 208H272V64c0-17.67-14.33-32-32-32h-32c-17.67 0-32 14.33-32 32v144H32c-17.67 0-32 14.33-32 32v32c0 17.67 14.33 32 32 32h144v144c0 17.67 14.33 32 32 32h32c17.67 0 32-14.33 32-32V304h144c17.67 0 32-14.33 32-32v-32c0-17.67-14.33-32-32-32z\"><\/path><\/svg><\/span>\n\t\t<\/span>\n\n\t\t\t\t\t\t<\/summary>\n\t\t\t\t<div role=\"region\" aria-labelledby=\"e-n-accordion-item-2450\" class=\"elementor-element elementor-element-beee88d e-con-full e-flex e-con e-child\" data-id=\"beee88d\" data-element_type=\"container\" data-e-type=\"container\">\n\t\t\t\t<div class=\"elementor-element elementor-element-7079c06 elementor-widget elementor-widget-text-editor\" data-id=\"7079c06\" data-element_type=\"widget\" data-e-type=\"widget\" data-widget_type=\"text-editor.default\">\n\t\t\t\t\t\t\t\t\t<p>Liettuassa toimitamme tavarasi seuraavasti <b data-path-to-node=\"2\" data-index-in-node=\"33\">1-2 ty\u00f6p\u00e4iv\u00e4\u00e4<\/b>, Latvia ja Viro - yli <b data-path-to-node=\"2\" data-index-in-node=\"79\">2-3 ty\u00f6p\u00e4iv\u00e4\u00e4<\/b>, kun taas Suomessa toimitus kest\u00e4\u00e4 jonkin aikaa <b data-path-to-node=\"2\" data-index-in-node=\"130\">3-4 ty\u00f6p\u00e4iv\u00e4\u00e4<\/b>.<\/p>\t\t\t\t\t\t\t\t<\/div>\n\t\t\t\t<\/div>\n\t\t\t\t\t<\/details>\n\t\t\t\t\t\t<details id=\"e-n-accordion-item-2451\" class=\"e-n-accordion-item\" >\n\t\t\t\t<summary class=\"e-n-accordion-item-title\" data-accordion-index=\"2\" tabindex=\"-1\" aria-expanded=\"false\" aria-controls=\"e-n-accordion-item-2451\" >\n\t\t\t\t\t<span class='e-n-accordion-item-title-header'><div class=\"e-n-accordion-item-title-text\"> Kuinka paljon toimitus maksaa? <\/div><\/span>\n\t\t\t\t\t\t\t<span class='e-n-accordion-item-title-icon'>\n\t\t\t<span class='e-opened' ><svg aria-hidden=\"true\" class=\"e-font-icon-svg e-fas-minus\" viewbox=\"0 0 448 512\" xmlns=\"http:\/\/www.w3.org\/2000\/svg\"><path d=\"M416 208H32c-17.67 0-32 14.33-32 32v32c0 17.67 14.33 32 32 32h384c17.67 0 32-14.33 32-32v-32c0-17.67-14.33-32-32-32z\"><\/path><\/svg><\/span>\n\t\t\t<span class='e-closed'><svg aria-hidden=\"true\" class=\"e-font-icon-svg e-fas-plus\" viewbox=\"0 0 448 512\" xmlns=\"http:\/\/www.w3.org\/2000\/svg\"><path d=\"M416 208H272V64c0-17.67-14.33-32-32-32h-32c-17.67 0-32 14.33-32 32v144H32c-17.67 0-32 14.33-32 32v32c0 17.67 14.33 32 32 32h144v144c0 17.67 14.33 32 32 32h32c17.67 0 32-14.33 32-32V304h144c17.67 0 32-14.33 32-32v-32c0-17.67-14.33-32-32-32z\"><\/path><\/svg><\/span>\n\t\t<\/span>\n\n\t\t\t\t\t\t<\/summary>\n\t\t\t\t<div role=\"region\" aria-labelledby=\"e-n-accordion-item-2451\" class=\"elementor-element elementor-element-89f58bb e-con-full e-flex e-con e-child\" data-id=\"89f58bb\" data-element_type=\"container\" data-e-type=\"container\">\n\t\t\t\t<div class=\"elementor-element elementor-element-c916144 elementor-widget elementor-widget-text-editor\" data-id=\"c916144\" data-element_type=\"widget\" data-e-type=\"widget\" data-widget_type=\"text-editor.default\">\n\t\t\t\t\t\t\t\t\t<p>Liettuassa toimitamme tavarasi seuraavasti <b data-path-to-node=\"0\" data-index-in-node=\"32\">1-2 d. d.<\/b>, Latvia ja Viro - yli <b data-path-to-node=\"0\" data-index-in-node=\"71\">2-3 d. d.<\/b> (ilmaiseksi 30 eurosta alkaen), ja Suomessa kautta <b data-path-to-node=\"0\" data-index-in-node=\"121\">3-4 d. d.<\/b> (maksutta alkaen 50 \u20ac). Pienempiin tilauksiin sovelletaan vakiomaksua, joka n\u00e4kyy kassalla.<\/p>\t\t\t\t\t\t\t\t<\/div>\n\t\t\t\t<\/div>\n\t\t\t\t\t<\/details>\n\t\t\t\t\t\t<details id=\"e-n-accordion-item-2452\" class=\"e-n-accordion-item\" >\n\t\t\t\t<summary class=\"e-n-accordion-item-title\" data-accordion-index=\"3\" tabindex=\"-1\" aria-expanded=\"false\" aria-controls=\"e-n-accordion-item-2452\" >\n\t\t\t\t\t<span class='e-n-accordion-item-title-header'><div class=\"e-n-accordion-item-title-text\"> Voinko palauttaa ravintolisi\u00e4? <\/div><\/span>\n\t\t\t\t\t\t\t<span class='e-n-accordion-item-title-icon'>\n\t\t\t<span class='e-opened' ><svg aria-hidden=\"true\" class=\"e-font-icon-svg e-fas-minus\" viewbox=\"0 0 448 512\" xmlns=\"http:\/\/www.w3.org\/2000\/svg\"><path d=\"M416 208H32c-17.67 0-32 14.33-32 32v32c0 17.67 14.33 32 32 32h384c17.67 0 32-14.33 32-32v-32c0-17.67-14.33-32-32-32z\"><\/path><\/svg><\/span>\n\t\t\t<span class='e-closed'><svg aria-hidden=\"true\" class=\"e-font-icon-svg e-fas-plus\" viewbox=\"0 0 448 512\" xmlns=\"http:\/\/www.w3.org\/2000\/svg\"><path d=\"M416 208H272V64c0-17.67-14.33-32-32-32h-32c-17.67 0-32 14.33-32 32v144H32c-17.67 0-32 14.33-32 32v32c0 17.67 14.33 32 32 32h144v144c0 17.67 14.33 32 32 32h32c17.67 0 32-14.33 32-32V304h144c17.67 0 32-14.33 32-32v-32c0-17.67-14.33-32-32-32z\"><\/path><\/svg><\/span>\n\t\t<\/span>\n\n\t\t\t\t\t\t<\/summary>\n\t\t\t\t<div role=\"region\" aria-labelledby=\"e-n-accordion-item-2452\" class=\"elementor-element elementor-element-eb59abb e-con-full e-flex e-con e-child\" data-id=\"eb59abb\" data-element_type=\"container\" data-e-type=\"container\">\n\t\t\t\t<div class=\"elementor-element elementor-element-7ee0de4 elementor-widget elementor-widget-text-editor\" data-id=\"7ee0de4\" data-element_type=\"widget\" data-e-type=\"widget\" data-widget_type=\"text-editor.default\">\n\t\t\t\t\t\t\t\t\t<p>Ravintolis\u00e4t ja kosmetiikkatuotteet voidaan palauttaa vain, jos pakkaus on t\u00e4ysin ehj\u00e4, avaamaton ja jos suojakalvoa ei ole revitty pois.<\/p>\t\t\t\t\t\t\t\t<\/div>\n\t\t\t\t<\/div>\n\t\t\t\t\t<\/details>\n\t\t\t\t\t\t<details id=\"e-n-accordion-item-2453\" class=\"e-n-accordion-item\" >\n\t\t\t\t<summary class=\"e-n-accordion-item-title\" data-accordion-index=\"4\" tabindex=\"-1\" aria-expanded=\"false\" aria-controls=\"e-n-accordion-item-2453\" >\n\t\t\t\t\t<span class='e-n-accordion-item-title-header'><div class=\"e-n-accordion-item-title-text\"> Kuka maksaa tavaroiden palauttamisen? <\/div><\/span>\n\t\t\t\t\t\t\t<span class='e-n-accordion-item-title-icon'>\n\t\t\t<span class='e-opened' ><svg aria-hidden=\"true\" class=\"e-font-icon-svg e-fas-minus\" viewbox=\"0 0 448 512\" xmlns=\"http:\/\/www.w3.org\/2000\/svg\"><path d=\"M416 208H32c-17.67 0-32 14.33-32 32v32c0 17.67 14.33 32 32 32h384c17.67 0 32-14.33 32-32v-32c0-17.67-14.33-32-32-32z\"><\/path><\/svg><\/span>\n\t\t\t<span class='e-closed'><svg aria-hidden=\"true\" class=\"e-font-icon-svg e-fas-plus\" viewbox=\"0 0 448 512\" xmlns=\"http:\/\/www.w3.org\/2000\/svg\"><path d=\"M416 208H272V64c0-17.67-14.33-32-32-32h-32c-17.67 0-32 14.33-32 32v144H32c-17.67 0-32 14.33-32 32v32c0 17.67 14.33 32 32 32h144v144c0 17.67 14.33 32 32 32h32c17.67 0 32-14.33 32-32V304h144c17.67 0 32-14.33 32-32v-32c0-17.67-14.33-32-32-32z\"><\/path><\/svg><\/span>\n\t\t<\/span>\n\n\t\t\t\t\t\t<\/summary>\n\t\t\t\t<div role=\"region\" aria-labelledby=\"e-n-accordion-item-2453\" class=\"elementor-element elementor-element-a025544 e-flex e-con-boxed e-con e-child\" data-id=\"a025544\" data-element_type=\"container\" data-e-type=\"container\">\n\t\t\t\t\t<div class=\"e-con-inner\">\n\t\t\t\t<div class=\"elementor-element elementor-element-968d6a7 elementor-widget elementor-widget-text-editor\" data-id=\"968d6a7\" data-element_type=\"widget\" data-e-type=\"widget\" data-widget_type=\"text-editor.default\">\n\t\t\t\t\t\t\t\t\t<p>Laadukkaiden tavaroiden palauttamisesta aiheutuvista kustannuksista vastaa ostaja. Jos tavara on viallinen tai huonolaatuinen, Purama vastaa palautuskustannuksista.<\/p>\t\t\t\t\t\t\t\t<\/div>\n\t\t\t\t\t<\/div>\n\t\t\t\t<\/div>\n\t\t\t\t\t<\/details>\n\t\t\t\t\t\t<details id=\"e-n-accordion-item-2454\" class=\"e-n-accordion-item\" >\n\t\t\t\t<summary class=\"e-n-accordion-item-title\" data-accordion-index=\"5\" tabindex=\"-1\" aria-expanded=\"false\" aria-controls=\"e-n-accordion-item-2454\" >\n\t\t\t\t\t<span class='e-n-accordion-item-title-header'><div class=\"e-n-accordion-item-title-text\"> Minne minun pit\u00e4isi l\u00e4hett\u00e4\u00e4 palautetut tavarat? <\/div><\/span>\n\t\t\t\t\t\t\t<span class='e-n-accordion-item-title-icon'>\n\t\t\t<span class='e-opened' ><svg aria-hidden=\"true\" class=\"e-font-icon-svg e-fas-minus\" viewbox=\"0 0 448 512\" xmlns=\"http:\/\/www.w3.org\/2000\/svg\"><path d=\"M416 208H32c-17.67 0-32 14.33-32 32v32c0 17.67 14.33 32 32 32h384c17.67 0 32-14.33 32-32v-32c0-17.67-14.33-32-32-32z\"><\/path><\/svg><\/span>\n\t\t\t<span class='e-closed'><svg aria-hidden=\"true\" class=\"e-font-icon-svg e-fas-plus\" viewbox=\"0 0 448 512\" xmlns=\"http:\/\/www.w3.org\/2000\/svg\"><path d=\"M416 208H272V64c0-17.67-14.33-32-32-32h-32c-17.67 0-32 14.33-32 32v144H32c-17.67 0-32 14.33-32 32v32c0 17.67 14.33 32 32 32h144v144c0 17.67 14.33 32 32 32h32c17.67 0 32-14.33 32-32V304h144c17.67 0 32-14.33 32-32v-32c0-17.67-14.33-32-32-32z\"><\/path><\/svg><\/span>\n\t\t<\/span>\n\n\t\t\t\t\t\t<\/summary>\n\t\t\t\t<div role=\"region\" aria-labelledby=\"e-n-accordion-item-2454\" class=\"elementor-element elementor-element-ee537e6 e-flex e-con-boxed e-con e-child\" data-id=\"ee537e6\" data-element_type=\"container\" data-e-type=\"container\">\n\t\t\t\t\t<div class=\"e-con-inner\">\n\t\t\t\t<div class=\"elementor-element elementor-element-6702ac1 elementor-widget elementor-widget-text-editor\" data-id=\"6702ac1\" data-element_type=\"widget\" data-e-type=\"widget\" data-widget_type=\"text-editor.default\">\n\t\t\t\t\t\t\t\t\t<p data-path-to-node=\"3,0\"><b data-path-to-node=\"3,0\" data-index-in-node=\"0\">Ilmoita meille ensin s\u00e4hk\u00f6postitse <a class=\"ng-star-inserted\" href=\"mailto:info@purama.lt\" target=\"_blank\" rel=\"noopener\" data-hveid=\"0\" data-ved=\"0CAAQ_4QMahgKEwiwocnuw-yRAxUAAAAAHQAAAAAQgg0\">info@purama.lt<\/a><\/b> tilausnumerosi kanssa.<\/p>\n<p data-path-to-node=\"3,1\">Kun olet suorittanut t\u00e4m\u00e4n vaiheen, pakkaa tavarat turvallisesti ja l\u00e4het\u00e4 ne seuraavaan osoitteeseen: <b data-path-to-node=\"3,1\" data-index-in-node=\"71\">UAB \u201e\u017dalias la\u0161as\u201c, Juozapavi\u010diaus g. 6A, LT-09310 Vilna.<\/b><\/p>\t\t\t\t\t\t\t\t<\/div>\n\t\t\t\t\t<\/div>\n\t\t\t\t<\/div>\n\t\t\t\t\t<\/details>\n\t\t\t\t\t<\/div>\n\t\t\t\t\t\t<\/div>\n\t\t\t\t\t<\/div>\n\t\t\t\t<\/div>\n\t\t\t\t<\/div>","protected":false},"excerpt":{"rendered":"<p>Pirkimo taisykl\u0117s Paskutin\u012f kart\u0105 atnaujinta: 2025-03-13 1. Bendrosios nuostatos ir Pardav\u0117jas Pirkimo taisykl\u0117s nustato pirkimo, apmok\u0117jimo ir gr\u0105\u017einimo tvark\u0105 el. parduotuv\u0117je Purama. Pardav\u0117jas ir preki\u0173 tiek\u0117jas: UAB \u201e\u017dalias la\u0161as\u201c \u012emon\u0117s kodas: 305855084PVM kodas: LT100014337119Registracijos adresas: \u0160altini\u0173 g. 5-12, VilniusVeiklos adresas (Sand\u0117lis): Juozapavi\u010diaus g. 6A, Vilnius 2. Preki\u0173 u\u017esakymas ir pristatymas Pristatymo informacija Pristatymo terminai: Lietuvoje: [&hellip;]<\/p>\n","protected":false},"author":38,"featured_media":0,"parent":0,"menu_order":0,"comment_status":"closed","ping_status":"closed","template":"template-fullwidth.php","meta":{"_acf_changed":false,"footnotes":""},"class_list":["post-11","page","type-page","status-publish","hentry"],"acf":[],"_links":{"self":[{"href":"https:\/\/purama.lt\/fi\/wp-json\/wp\/v2\/pages\/11","targetHints":{"allow":["GET"]}}],"collection":[{"href":"https:\/\/purama.lt\/fi\/wp-json\/wp\/v2\/pages"}],"about":[{"href":"https:\/\/purama.lt\/fi\/wp-json\/wp\/v2\/types\/page"}],"author":[{"embeddable":true,"href":"https:\/\/purama.lt\/fi\/wp-json\/wp\/v2\/users\/38"}],"replies":[{"embeddable":true,"href":"https:\/\/purama.lt\/fi\/wp-json\/wp\/v2\/comments?post=11"}],"version-history":[{"count":0,"href":"https:\/\/purama.lt\/fi\/wp-json\/wp\/v2\/pages\/11\/revisions"}],"wp:attachment":[{"href":"https:\/\/purama.lt\/fi\/wp-json\/wp\/v2\/media?parent=11"}],"curies":[{"name":"wp","href":"https:\/\/api.w.org\/{rel}","templated":true}]}}