{"id":9195,"date":"2025-01-07T15:20:01","date_gmt":"2025-01-07T15:20:01","guid":{"rendered":"https:\/\/purama.lt\/produktas\/sulforaboost-sulforafano-gliukozinolatas-donotage\/"},"modified":"2026-04-14T14:38:34","modified_gmt":"2026-04-14T12:38:34","slug":"sulforaboost-sulforafaan-glukosinolaat-donotage","status":"publish","type":"product","link":"https:\/\/purama.lt\/ee\/produktas\/sulforaboost-sulforafano-gliukozinolatas-donotage\/","title":{"rendered":"DoNotAge SulforaBoost kapslid"},"content":{"rendered":"<h3 class=\"wp-block-heading\">Mis on sulforafaan ja miks see on oluline<\/h3>\n\n\n\n<p><strong>Sulforafaan<\/strong> \u2013 see on looduslik \u00fchend, mida leidub rist\u00f5ieliste sugukonda kuuluvates k\u00f6\u00f6giviljades, eriti <strong>brokoliutes ja brokoliu idygliukuose<\/strong>. Teaduskirjanduses k\u00e4sitletakse sulforafaani peamiselt selle v\u00f5ime t\u00f5ttu aktiveerida <strong>Nrf2 tee<\/strong> \u2013 \u00fcks organismi peamistest sisemistest kaitsemehhanismidest, mis vastutab antioks\u00fcdantsete ja detoksifitseerivate ens\u00fc\u00fcmide tootmise eest.<\/p>\n\n\n\n<p>Probleem on selles, et brokkoliiv\u00f5rsetest sulforafaani saamiseks tuleks iga p\u00e4ev s\u00fc\u00fca suurt kogust brokkoliiv\u00f5rseid. <strong>DoNotAge SulforaBoost<\/strong> lahendab selle probleemi: <strong>1 kapsel annab 200 mg sulforafaan glukosinolaati<\/strong>, mis vastab ligikaudu 8 tassi v\u00e4rskeid brokoliv\u00f5rseid.<\/p>\n\n\n\n<h3 class=\"wp-block-heading\">SulforaBoost \u2013 eksklusiivsus DoNotAge'i koostisosa<\/h3>\n\n\n\n<p><strong>SulforaBoost\u00ae<\/strong> On olemas patente-kaitstud DoNotAge valem, mida teiste tootjate toodetest ei leia. Seda koostisainet kasutavad teadlased, kes uurivad rakkude kaitset ja organismi detoksikatsiooniprotsesse.<\/p>\n\n\n\n<h3 class=\"wp-block-heading\">SulforaBoost sobib:\n* Kaitsmaks rakke oks\u00fcdatiivse stressi eest\n* Maksat\u00f6\u00f6 toetamiseks\n* Immuuns\u00fcsteemi normaalse talitluse toetamiseks\n* Nahahoolduse t\u00e4iendamiseks<\/h3>\n\n\n\n<p>Sulforafaan valitakse sageli osa pikaealisuse protokollist, koos selliste toidulisanditega nagu <a href=\"https:\/\/purama.lt\/ee\/toode\/puhas-nmn-nikotiinamiidmononukleotiiddoonotaaz\/\">DoNotAge NMN<\/a>, <a href=\"https:\/\/purama.lt\/ee\/toode\/puhas-resveratrooli-donotage\/\">DoNotAge Resveratrol<\/a> ja <a href=\"https:\/\/purama.lt\/ee\/toode\/puhas-kvertsetiin-donotage\/\">DoNotAge Quercetin<\/a>. Nende \u00fchendite kombinatsioon h\u00f5lmab mitmeid erinevaid rakulise kaitse teid.<\/p>\n\n\n\n<h3 class=\"wp-block-heading\">Tarbimine<\/h3>\n\n\n\n<p>Soovitatav kasutamine <strong>1-2 kapslit p\u00e4evas<\/strong> maitset. J\u00e4rgige pakendi juhiseid. Hoida jahedas ja kuivas kohas, eemal otsesest p\u00e4ikesevalgusest.<\/p>\n\n\n\n<h3 class=\"wp-block-heading\">Koostisosad<\/h3>\n\n\n\n<p>SulforaBoost\u00ae (sulforafaan glukosinolaat brokolist) \u2013 200 mg kapslis. Vegankapsel (tselluloos). GMO-vaba, kunstlike lisanditeta, v\u00e4rvaineteta.<\/p>\n\n\n\n<h3 class=\"wp-block-heading\">Kvaliteetsete dokumentide tunnistus<\/h3>\n\n\n\n<p><strong>Kvaliteedidokumentatsioon (COA):<\/strong> COA kinnitab toimeainete kogust ja peamisi kvaliteedin\u00e4itajaid.<\/p>\n\n\n\n<p><strong>Toiduainete k\u00e4itlemise sertifikaat:<\/strong> 69MTSPA-667<\/p>\n\n\n\n<h3 class=\"wp-block-heading\">Rohkem DoNotAge tooteid<\/h3>\n\n\n\n<p>Vaata kogu <a href=\"https:\/\/purama.lt\/ee\/tootesildid\/donotage\/\">DoNotAge'i tootevalik Puramas<\/a> \u2013 alates NAD+ eelk\u00e4ijatest ja senol\u00fc\u00fctikumidest kuni une- ja energiakokteilideni. K\u00f5ik tooted on laos Leedus, tarne 1\u20132 t\u00f6\u00f6p\u00e4eva jooksul.<\/p>","protected":false},"excerpt":{"rendered":"<p><strong>DoNotAge SulforaBoost<\/strong> \u2013 eksklusiivne DoNotAge koostisosa, mida te mujalt ei leia. <strong>200 mg sulforafaani glukosinolaati<\/strong> kapslis, eraldatud brokoliv\u00f5rsetest. 1 kapsel vastab umbes 8 tassi brokoliv\u00f5rsetele. Vegan, ilma lisanditeta, koos COA dokumentatsiooniga. Tarne Eestis 1-2 t\u00f6\u00f6p\u00e4eva jooksul.<\/p>\n<p><strong>Miks valida<\/strong><br \/><strong>\u2714\ufe0f<\/strong> 200 mg sulforafaan glukosinolaati kapslis<br \/><strong>\u2714\ufe0f<\/strong> eksklusiivne DoNotAge koostisosa<br \/><strong>\u2714\ufe0f<\/strong> 1 kapsel \u2248 8 tassi brokoliseemneid<br \/><strong>\u2714\ufe0f<\/strong> Vegani\u0161kas, GMP ja ISO 9001 standard<\/p>","protected":false},"featured_media":9199,"comment_status":"open","ping_status":"closed","template":"","meta":{"_acf_changed":false},"product_brand":[242],"product_cat":[122,57,251,123],"product_tag":[],"class_list":{"0":"post-9195","1":"product","2":"type-product","3":"status-publish","4":"has-post-thumbnail","6":"product_brand-donotage","7":"product_cat-lasteliu-jaunystei","8":"product_cat-akcijos","9":"product_cat-antioksidantai","10":"product_cat-papildai-ilgaamziskumui","12":"first","13":"instock","14":"sale","15":"shipping-taxable","16":"purchasable","17":"product-type-simple"},"acf":[],"tiered_pricing_type":"fixed","tiered_pricing_fixed_rules":[],"tiered_pricing_product_settings":{"layout":"default","base_unit_name":{"singular":null,"plural":null},"default_variation":null},"tiered_pricing_minimum_quantity":null,"tiered_pricing_roles_data":[],"tiered_pricing_percentage_rules":[],"_links":{"self":[{"href":"https:\/\/purama.lt\/ee\/wp-json\/wp\/v2\/product\/9195","targetHints":{"allow":["GET"]}}],"collection":[{"href":"https:\/\/purama.lt\/ee\/wp-json\/wp\/v2\/product"}],"about":[{"href":"https:\/\/purama.lt\/ee\/wp-json\/wp\/v2\/types\/product"}],"replies":[{"embeddable":true,"href":"https:\/\/purama.lt\/ee\/wp-json\/wp\/v2\/comments?post=9195"}],"wp:featuredmedia":[{"embeddable":true,"href":"https:\/\/purama.lt\/ee\/wp-json\/wp\/v2\/media\/9199"}],"wp:attachment":[{"href":"https:\/\/purama.lt\/ee\/wp-json\/wp\/v2\/media?parent=9195"}],"wp:term":[{"taxonomy":"product_brand","embeddable":true,"href":"https:\/\/purama.lt\/ee\/wp-json\/wp\/v2\/product_brand?post=9195"},{"taxonomy":"product_cat","embeddable":true,"href":"https:\/\/purama.lt\/ee\/wp-json\/wp\/v2\/product_cat?post=9195"},{"taxonomy":"product_tag","embeddable":true,"href":"https:\/\/purama.lt\/ee\/wp-json\/wp\/v2\/product_tag?post=9195"}],"curies":[{"name":"wp","href":"https:\/\/api.w.org\/{rel}","templated":true}]}}