{"id":8683,"date":"2024-12-23T12:13:53","date_gmt":"2024-12-23T12:13:53","guid":{"rendered":"https:\/\/purama.lt\/product\/raudonos-ir-artimu-infraraudonuju-spinduliu-sviesos-nesiojama-lempa-luminousred-kini\/"},"modified":"2025-06-04T10:28:58","modified_gmt":"2025-06-04T10:28:58","slug":"punane-ja-lahiinfrapunane-valgus-mitte-lulitatav-lamp-luminousred-kini","status":"publish","type":"product","link":"https:\/\/purama.lt\/ee\/produktas\/raudonos-ir-artimu-infraraudonuju-spinduliu-sviesos-nesiojama-lempa-luminousred-kini\/","title":{"rendered":"LuminousRED\u00ae KINI kaasaskantav lamp punase ja l\u00e4hiinfrapunase valguse jaoks"},"content":{"rendered":"<p><strong>Miks valida Kini?<\/strong><\/p>\n\n\n\n<p>\u2714 <strong>Uni ja l\u00f5\u00f5gastumine<\/strong> - stimuleerib melatoniini tootmist, aidates teil kiiremini magama j\u00e4\u00e4da ja rohkem puhata.<br>\u2714 <strong>Keskendumine ja vaimne selgus<\/strong> - toetab ajutegevust ja parandab keskendumisv\u00f5imet.<br>\u2714 <strong>S\u00e4rav ja noorendav nahk<\/strong> - stimuleerib kollageeni tootmist, v\u00e4hendab kortse ja parandab naha elastsust.<br>\u2714 <strong>Soolestiku tervis<\/strong> - toetab tasakaalustatud mikrobiootikat ja sujuvat seedimist.<br>\u2714 <strong>Naiste tervis<\/strong> - leevendab loomulikult menstruatsioonivalu, menopausis\u00fcmptomeid ja aitab s\u00e4ilitada viljakust.<br>\u2714 <strong>Loomulik, mitteinvasiivne lahendus<\/strong> - ei mingit keemiat, vaid ainult valgusravi v\u00f5imsus teie kehale.<\/p>\n\n\n\n<p>Saate n\u00e4ha kino <strong>mida kantakse randmel<\/strong> v\u00f5i kinnitada soovitud kehakohale korduvkasutatavate kleeplappide abil - ideaalne lahendus aktiivse elustiili jaoks. Kogemused <strong>valgusravi kasulikkus iga p\u00e4ev<\/strong> ja avastage uus viis oma tervise eest looduslikult hoolitseda!<\/p>","protected":false},"excerpt":{"rendered":"<p data-start=\"0\" data-end=\"85\">Luminousred\u00ae Kini - t\u00e4iustatud punase valguse teraapia igap\u00e4evaseks heaoluks. Kini on uuenduslik, kaasaskantav punase valguse ja l\u00e4hiinfrapunateraapia seade, mis on m\u00f5eldud <strong data-start=\"203\" data-end=\"304\">parema une, keskendumisv\u00f5ime, nahahoolduse, soolestiku tervise ja naise keha tasakaalu saavutamiseks<\/strong>. See kompaktne seade t\u00f6\u00f6tab rakutasandil, et aidata taastada keha loomulikke protsesse ja parandada \u00fcldist heaolu.<\/p>\n<p><strong data-start=\"442\" data-end=\"463\">Kuidas Kini t\u00f6\u00f6tab?<\/strong><br data-start=\"463\" data-end=\"466\" \/>Kini kiirgab punast ja l\u00e4hiinfrapunast valgust, mis <strong data-start=\"539\" data-end=\"623\">parandab vereringet, s\u00e4ilitab hormoonide tasakaalu ja aktiveerib rakkude energiatootmist.<\/strong>. Vaid 20 minutit p\u00e4evas ja te saate loomulikult leevendada stressi, parandada oma nahka ning toetada oma soole- ja reproduktiivs\u00fcsteemi funktsioone.<\/p>","protected":false},"featured_media":8734,"comment_status":"open","ping_status":"closed","template":"","meta":{"_acf_changed":false},"product_brand":[],"product_cat":[282,96,283],"product_tag":[],"class_list":{"0":"post-8683","1":"product","2":"type-product","3":"status-publish","4":"has-post-thumbnail","6":"product_cat-longevity-prietaisai","7":"product_cat-led-terapija","8":"product_cat-sveikatingumo-prietaisai","10":"first","11":"instock","12":"shipping-taxable","13":"purchasable","14":"product-type-simple"},"acf":[],"tiered_pricing_type":"fixed","tiered_pricing_fixed_rules":[],"tiered_pricing_product_settings":{"layout":"default","base_unit_name":{"singular":null,"plural":null},"default_variation":null},"tiered_pricing_minimum_quantity":null,"tiered_pricing_roles_data":[],"tiered_pricing_percentage_rules":[],"_links":{"self":[{"href":"https:\/\/purama.lt\/ee\/wp-json\/wp\/v2\/product\/8683","targetHints":{"allow":["GET"]}}],"collection":[{"href":"https:\/\/purama.lt\/ee\/wp-json\/wp\/v2\/product"}],"about":[{"href":"https:\/\/purama.lt\/ee\/wp-json\/wp\/v2\/types\/product"}],"replies":[{"embeddable":true,"href":"https:\/\/purama.lt\/ee\/wp-json\/wp\/v2\/comments?post=8683"}],"wp:featuredmedia":[{"embeddable":true,"href":"https:\/\/purama.lt\/ee\/wp-json\/wp\/v2\/media\/8734"}],"wp:attachment":[{"href":"https:\/\/purama.lt\/ee\/wp-json\/wp\/v2\/media?parent=8683"}],"wp:term":[{"taxonomy":"product_brand","embeddable":true,"href":"https:\/\/purama.lt\/ee\/wp-json\/wp\/v2\/product_brand?post=8683"},{"taxonomy":"product_cat","embeddable":true,"href":"https:\/\/purama.lt\/ee\/wp-json\/wp\/v2\/product_cat?post=8683"},{"taxonomy":"product_tag","embeddable":true,"href":"https:\/\/purama.lt\/ee\/wp-json\/wp\/v2\/product_tag?post=8683"}],"curies":[{"name":"wp","href":"https:\/\/api.w.org\/{rel}","templated":true}]}}