{"id":8681,"date":"2024-12-23T12:13:53","date_gmt":"2024-12-23T12:13:53","guid":{"rendered":"https:\/\/purama.lt\/product\/terapine-veido-kaklo-ir-dekolte-zonos-kauke-liroma-led\/"},"modified":"2025-10-06T09:53:05","modified_gmt":"2025-10-06T07:53:05","slug":"terapeutiline-naomask-kaela-ja-dekoltee-piirkonnale-liroma-led","status":"publish","type":"product","link":"https:\/\/purama.lt\/ee\/produktas\/terapine-veido-kaklo-ir-dekolte-zonos-kauke-liroma-led\/","title":{"rendered":"Ravimask n\u00e4o, kaela ja dekoltee piirkonnale LIROMA\u00ae LED"},"content":{"rendered":"<p><strong>7 v\u00e4rvilise valgusteraapia re\u017eiimi:<\/strong><\/p>\n\n\n\n<p>\u2714\ufe0f <strong>Punane tuli<\/strong> - stimuleerib kollageeni tootmist, silub naha tekstuuri ja v\u00e4hendab kortse.<br>\u2714\ufe0f <strong>Sinine ja sinine valgus<\/strong> - v\u00e4hendab akne, leevendab \u00e4rritusi<br>\u2714\ufe0f <strong>Roheline tuli<\/strong> - v\u00e4hendab naha punetust<br>\u2714\ufe0f <strong>Kollane tuli<\/strong> - parandab vereringet ja helendab nahka<br>\u2714\ufe0f <strong>Violetne valgus<\/strong> - kiirendab naha paranemisprotsesse<br>\u2714\ufe0f <strong>Valge valgus<\/strong> - parandab naha elastsust ja noorendab nahka<br>\u2714\ufe0f <strong>L\u00e4hiinfrapuna (850 nm)<\/strong> - tungib s\u00fcgavale naha sisse, et v\u00e4hendada p\u00f5letikku ja soodustada taastumist.<\/p>\n\n\n\n<p><strong>Komplekti kuuluvad:<\/strong><\/p>\n\n\n\n<p>\u2714\ufe0f USB-B laadimiskaabel<br>\u2714\ufe0f Silmade kaitse<br>\u2714\ufe0f Reguleeritav Velcro kinnitus<br>\u2714\ufe0f Kaugjuhtimispult<br>\u2714\ufe0f Kasutusjuhend<\/p>","protected":false},"excerpt":{"rendered":"<p data-start=\"158\" data-end=\"218\"><strong>Ravimask n\u00e4o, kaela ja dekoltee piirkonnale LIROMA\u00ae LED<\/strong>.  Avastage revolutsioon igap\u00e4evases nahahoolduses koos <strong data-start=\"271\" data-end=\"301\">LIROMA\u00ae LED teraapiamaskid<\/strong> - kaasaegsel tehnoloogial p\u00f5hinev uuendus, mis on m\u00f5eldud k\u00f5ikidele nahat\u00fc\u00fcpidele. See t\u00e4iustatud mask \u00fchendab endas <strong data-start=\"399\" data-end=\"433\">kuni 7 erinevat valgusre\u017eiimi<\/strong>t\u00f5husalt lahendada mitmesuguseid nahaprobleeme, alates kortsudest ja pigmentatsioonist kuni akne ja p\u00f5letikuni.<strong> LIROMA\u00ae LED<\/strong> Maski on mugav kanda kodus, nii igap\u00e4evaste \u00fclesannete t\u00e4itmiseks kui ka puhkamiseks. Reguleeritav velcro-kinnitus tagab mugava istuvuse ja puldi abil on lihtne valida soovitud valgusravi re\u017eiim ja nautida professionaalset nahahooldust.<\/p>\n<p><strong data-start=\"158\" data-end=\"200\">Miks valida LIROMA\u00ae LED mask? <\/strong>\u2714\ufe0f Kinnitatud m\u00f5ju nahale<br data-start=\"231\" data-end=\"234\" \/>\u2714\ufe0f Looduslik ja valutu ravi<br data-start=\"270\" data-end=\"273\" \/>\u2714\ufe0f Igap\u00e4evane nahahooldus kodus<br data-start=\"307\" data-end=\"310\" \/>\u2714\ufe0f Tervislikum ja \u00f5iglasem nahk<\/p>","protected":false},"featured_media":8730,"comment_status":"open","ping_status":"closed","template":"","meta":{"_acf_changed":false},"product_brand":[],"product_cat":[282,288,96,283],"product_tag":[],"class_list":{"0":"post-8681","1":"product","2":"type-product","3":"status-publish","4":"has-post-thumbnail","6":"product_cat-longevity-prietaisai","7":"product_cat-grozio-ir-odos-prieziura","8":"product_cat-led-terapija","9":"product_cat-sveikatingumo-prietaisai","11":"first","12":"instock","13":"shipping-taxable","14":"purchasable","15":"product-type-simple"},"acf":[],"tiered_pricing_type":"fixed","tiered_pricing_fixed_rules":[],"tiered_pricing_product_settings":{"layout":"default","base_unit_name":{"singular":null,"plural":null},"default_variation":null},"tiered_pricing_minimum_quantity":null,"tiered_pricing_roles_data":[],"tiered_pricing_percentage_rules":[],"_links":{"self":[{"href":"https:\/\/purama.lt\/ee\/wp-json\/wp\/v2\/product\/8681","targetHints":{"allow":["GET"]}}],"collection":[{"href":"https:\/\/purama.lt\/ee\/wp-json\/wp\/v2\/product"}],"about":[{"href":"https:\/\/purama.lt\/ee\/wp-json\/wp\/v2\/types\/product"}],"replies":[{"embeddable":true,"href":"https:\/\/purama.lt\/ee\/wp-json\/wp\/v2\/comments?post=8681"}],"wp:featuredmedia":[{"embeddable":true,"href":"https:\/\/purama.lt\/ee\/wp-json\/wp\/v2\/media\/8730"}],"wp:attachment":[{"href":"https:\/\/purama.lt\/ee\/wp-json\/wp\/v2\/media?parent=8681"}],"wp:term":[{"taxonomy":"product_brand","embeddable":true,"href":"https:\/\/purama.lt\/ee\/wp-json\/wp\/v2\/product_brand?post=8681"},{"taxonomy":"product_cat","embeddable":true,"href":"https:\/\/purama.lt\/ee\/wp-json\/wp\/v2\/product_cat?post=8681"},{"taxonomy":"product_tag","embeddable":true,"href":"https:\/\/purama.lt\/ee\/wp-json\/wp\/v2\/product_tag?post=8681"}],"curies":[{"name":"wp","href":"https:\/\/api.w.org\/{rel}","templated":true}]}}