{"id":8492,"date":"2024-12-12T19:57:31","date_gmt":"2024-12-12T19:57:31","guid":{"rendered":"https:\/\/purama.lt\/?post_type=product&#038;p=8492"},"modified":"2026-01-05T14:48:54","modified_gmt":"2026-01-05T12:48:54","slug":"kanepi-40-taisspektri-cbd-oli","status":"publish","type":"product","link":"https:\/\/purama.lt\/ee\/produktas\/hempo-40-pilno-spektro-cbd-aliejus\/","title":{"rendered":"Hempo 40% T\u00e4ieliku spektriga CBD-\u00f5li"},"content":{"rendered":"<p><strong>Tarbimine: <\/strong>Soovitatav on v\u00f5tta 2-3 tilka 2 korda p\u00e4evas (hommikul ja \u00f5htul). Enne kasutamist loksutada. Pange t\u00e4hele, et iga kasutaja soovitud toime ja CBD toodete taluvus v\u00f5ib erineda, seega soovitame alustada v\u00e4ikseima soovitatud kogusega ja suurendada seda j\u00e4rk-j\u00e4rgult vastavalt vajadusele, kuni maksimaalselt 200 mg CBD-ga p\u00e4evas.<\/p>\n<p><strong>Koostisained:<\/strong> T\u00e4ieliku spektriga kannabidiool (4000mg CBD), MCT-kookos\u00f5li, terpeenid, fenoolid ja flavonoidid.<\/p>\n<p><strong>Kogus:\u00a0<\/strong>10ml<\/p>\n<p><strong>P\u00e4ritoluriik:\u00a0<\/strong>\u0160veits<\/p>\n<p>&nbsp;<\/p>\n<p>&nbsp;<\/p>","protected":false},"excerpt":{"rendered":"<p><strong>Hempo 40% T\u00e4ieliku spektriga CBD-\u00f5li<\/strong> on v\u00e4ga tugev ja t\u00f5hus <strong>CBD<\/strong> \u00f5li, mis on m\u00f5eldud neile, kes otsivad k\u00f5rgeimat kvaliteeti ja maksimaalset m\u00f5ju. T\u00e4ielik spekter <strong>CBD<\/strong> \u00f5li mitte ainult ei ole <strong>40% CBD<\/strong>kuid ka v\u00e4ikestes kogustes teisi kasulikke kannabinoide, nagu n\u00e4iteks <strong>CBG, CBN <\/strong>ja<strong> CBDV<\/strong>mis koos tugevdavad m\u00f5ju. \u00d5li ekstraheeritakse t\u00e4iustatud CO2 ekstraheerimise tehnoloogia abil, s\u00e4ilitades kanepiekstrakti loodusliku puhtuse ja kvaliteedi. \u00d5li sisaldab v\u00e4hesel m\u00e4\u00e4ral THC-d (lubatud piirides, alla 0,2%), kuid see ei tekita ps\u00fchhoaktiivset toimet.<\/p>","protected":false},"featured_media":8506,"comment_status":"open","ping_status":"closed","template":"","meta":{"_acf_changed":false},"product_brand":[429],"product_cat":[61,77],"product_tag":[],"class_list":{"0":"post-8492","1":"product","2":"type-product","3":"status-publish","4":"has-post-thumbnail","6":"product_brand-hempo","7":"product_cat-ramybei","8":"product_cat-cbd-aliejai","10":"first","11":"instock","12":"shipping-taxable","13":"purchasable","14":"product-type-simple"},"acf":[],"tiered_pricing_type":"fixed","tiered_pricing_fixed_rules":[],"tiered_pricing_product_settings":{"layout":"default","base_unit_name":{"singular":null,"plural":null},"default_variation":null},"tiered_pricing_minimum_quantity":null,"tiered_pricing_roles_data":[],"tiered_pricing_percentage_rules":[],"_links":{"self":[{"href":"https:\/\/purama.lt\/ee\/wp-json\/wp\/v2\/product\/8492","targetHints":{"allow":["GET"]}}],"collection":[{"href":"https:\/\/purama.lt\/ee\/wp-json\/wp\/v2\/product"}],"about":[{"href":"https:\/\/purama.lt\/ee\/wp-json\/wp\/v2\/types\/product"}],"replies":[{"embeddable":true,"href":"https:\/\/purama.lt\/ee\/wp-json\/wp\/v2\/comments?post=8492"}],"wp:featuredmedia":[{"embeddable":true,"href":"https:\/\/purama.lt\/ee\/wp-json\/wp\/v2\/media\/8506"}],"wp:attachment":[{"href":"https:\/\/purama.lt\/ee\/wp-json\/wp\/v2\/media?parent=8492"}],"wp:term":[{"taxonomy":"product_brand","embeddable":true,"href":"https:\/\/purama.lt\/ee\/wp-json\/wp\/v2\/product_brand?post=8492"},{"taxonomy":"product_cat","embeddable":true,"href":"https:\/\/purama.lt\/ee\/wp-json\/wp\/v2\/product_cat?post=8492"},{"taxonomy":"product_tag","embeddable":true,"href":"https:\/\/purama.lt\/ee\/wp-json\/wp\/v2\/product_tag?post=8492"}],"curies":[{"name":"wp","href":"https:\/\/api.w.org\/{rel}","templated":true}]}}