{"id":8491,"date":"2024-12-12T19:57:31","date_gmt":"2024-12-12T19:57:31","guid":{"rendered":"https:\/\/purama.lt\/?post_type=product&#038;p=8491"},"modified":"2026-04-16T08:53:10","modified_gmt":"2026-04-16T06:53:10","slug":"harmonista-153-cbd-cbg-oli","status":"publish","type":"product","link":"https:\/\/purama.lt\/ee\/produktas\/harmonista-153-cbd-cbg-aliejus\/","title":{"rendered":"Harmonista 15,3 % CBD +CBG \u00f5li"},"content":{"rendered":"<p><span style=\"color: #20201e;font-family: inherit;font-size: 16px\"><span lang=\"lt-LT\">Ebapiisav puhkus, stress ja \u00e4revus on t\u00e4nap\u00e4eva elus tavalised. Alustage oma teed harmooniasse CBG kannabinoididega rikastatud CBD-\u00f5liga.\u00a0<\/span><\/span><\/p>\n<p><span style=\"color: #20201e;font-family: inherit;font-size: 16px\"><span lang=\"lt-LT\">CBG (kannabigerool) on tihedalt seotud CBD ja teiste kanepis leiduvate mitteps\u00fchhoaktiivsete kannabinoididega. See toimib koos CBD-ga, et suurendada v\u00f5imalikku kasu, tekitades \"anturage'i efekti\". Koos toimivad need kannabinoidid \u00fcksteisega s\u00fcnergiliselt ja avaldavad kehale suuremat m\u00f5ju.<\/span><\/span><\/p>\n<ul>\n<li>\n<p class=\"western\" lang=\"lt-LT\"><span style=\"font-family: inherit;font-size: 16px\"><span style=\"color: #20201e\">\u200b\u200b\u200b\u200b\u200b\u200b<\/span><b>CBD + CBG - T\u00c4IUSTATUD VALEMIGA<\/b><span style=\"color: #20201e\">. CBG koos CBD-ga aktiveerib ja suurendab selle m\u00f5ju.<\/span><\/span><\/p>\n<\/li>\n<li>\n<p class=\"western\" lang=\"lt-LT\"><span style=\"font-family: inherit;font-size: 16px\"><b>\u00d5RN JA MEELDIV<\/b><span style=\"color: #20201e\">. MCT kookos\u00f5liga, ilma lisatud terpeenideta.<\/span><\/span><\/p>\n<\/li>\n<li>\n<p class=\"western\" lang=\"lt-LT\"><span style=\"font-family: inherit;font-size: 16px\"><b>TESTITUD S\u00d5LTUMATUS LABORATOORIUMIS<\/b><span style=\"color: #20201e\">. Garanteeritud kannabinoidide sisaldus - iga partii koostist kontrollib s\u00f5ltumatu ELi sertifitseeritud laboratoorium.<\/span><\/span><\/p>\n<\/li>\n<\/ul>\n<p><span style=\"font-family: inherit;font-size: 16px\"><span lang=\"lt-LT\"><b>Tarbimine<\/b><\/span><span style=\"color: #20201e\"><span lang=\"lt-LT\">: v\u00f5tke paar tilka, 2 korda p\u00e4evas. CBD p\u00e4evane annus s\u00f5ltub paljudest teguritest, nagu teie kehaline seisund, soovitud toime ja toote kontsentratsioon (%). Kasutage puhtalt, kandke soovitud kehapiirkonnale. Suurendage j\u00e4rk-j\u00e4rgult tilkade arvu vastavalt vajadusele. Mida suurem on CBD kontsentratsioon tootes, seda v\u00e4hem tilka on soovitatav kasutada.<\/span><\/span><\/span><\/p>\n<p><strong>Koostisained:<\/strong> Cannabis Sativa ekstrakt, MCT-\u00f5li (kapr\u00fc\u00fcl-\/kapritsooltrigl\u00fctseriidid), 15,3% kannabidiool (CBD) ja kannabigerool (CBG), v\u00e4iksemad kannabinoidid (CBN, CBDV), ei sisalda THC-d.<\/p>\n<p><strong>Kogus:<\/strong>\u00a010ml<\/p>\n<p><b>P\u00e4ritoluriik:<\/b>\u00a0Madalmaad<\/p>\n<p>&nbsp;<\/p>\n<p class=\"western\" lang=\"lt-LT\">","protected":false},"excerpt":{"rendered":"<p><strong>Harmonist 15,3% CBD + CBG<\/strong> \u00f5li on tugev kanepi\u00f5li, mis \u00fchendab endas kaks toimeainet - <strong>CBD (kannabidiool) ja CBG (kannabigerool)<\/strong>. See ainulaadne segu aitab s\u00e4ilitada tasakaalu ja soodustab \u00fcldist heaolu. Kasutades t\u00e4iustatud CO2 ekstraheerimise tehnoloogiat, s\u00e4ilitab \u00f5li oma kvaliteetsed omadused ja looduslikud kannabinoidid. Laia spektriga koostis tagab, et \u00f5li sisaldab ka teisi v\u00e4hemt\u00e4htsaid kannabinoide (CBN, CBDV), kuid mitte ps\u00fchhoaktiivset THC ainet. \u201eHarmonista\u201c \u00f5li on ideaalne neile, kes otsivad t\u00f5husat l\u00f5\u00f5gastust ja emotsionaalset tasakaalu.<\/p>","protected":false},"featured_media":8504,"comment_status":"closed","ping_status":"closed","template":"","meta":{"_acf_changed":false},"product_brand":[426],"product_cat":[77,500,61],"product_tag":[],"class_list":{"0":"post-8491","1":"product","2":"type-product","3":"status-publish","4":"has-post-thumbnail","6":"product_brand-harmonista","7":"product_cat-cbd-aliejai","8":"product_cat-outlet","9":"product_cat-ramybei","11":"first","12":"instock","13":"sale","14":"shipping-taxable","15":"purchasable","16":"product-type-simple"},"acf":[],"tiered_pricing_type":"fixed","tiered_pricing_fixed_rules":[],"tiered_pricing_product_settings":{"layout":"default","base_unit_name":{"singular":null,"plural":null},"default_variation":null},"tiered_pricing_minimum_quantity":null,"tiered_pricing_roles_data":[],"tiered_pricing_percentage_rules":[],"_links":{"self":[{"href":"https:\/\/purama.lt\/ee\/wp-json\/wp\/v2\/product\/8491","targetHints":{"allow":["GET"]}}],"collection":[{"href":"https:\/\/purama.lt\/ee\/wp-json\/wp\/v2\/product"}],"about":[{"href":"https:\/\/purama.lt\/ee\/wp-json\/wp\/v2\/types\/product"}],"replies":[{"embeddable":true,"href":"https:\/\/purama.lt\/ee\/wp-json\/wp\/v2\/comments?post=8491"}],"wp:featuredmedia":[{"embeddable":true,"href":"https:\/\/purama.lt\/ee\/wp-json\/wp\/v2\/media\/8504"}],"wp:attachment":[{"href":"https:\/\/purama.lt\/ee\/wp-json\/wp\/v2\/media?parent=8491"}],"wp:term":[{"taxonomy":"product_brand","embeddable":true,"href":"https:\/\/purama.lt\/ee\/wp-json\/wp\/v2\/product_brand?post=8491"},{"taxonomy":"product_cat","embeddable":true,"href":"https:\/\/purama.lt\/ee\/wp-json\/wp\/v2\/product_cat?post=8491"},{"taxonomy":"product_tag","embeddable":true,"href":"https:\/\/purama.lt\/ee\/wp-json\/wp\/v2\/product_tag?post=8491"}],"curies":[{"name":"wp","href":"https:\/\/api.w.org\/{rel}","templated":true}]}}