{"id":8487,"date":"2024-12-12T19:57:31","date_gmt":"2024-12-12T19:57:31","guid":{"rendered":"https:\/\/purama.lt\/?post_type=product&#038;p=8487"},"modified":"2026-01-05T14:12:12","modified_gmt":"2026-01-05T12:12:12","slug":"kanepi-10-looduslik-cbd-oli","status":"publish","type":"product","link":"https:\/\/purama.lt\/ee\/produktas\/hempo-10-natural-cbd-aliejus\/","title":{"rendered":"Hempo 10% (NATURAALNE) CBD-\u00f5li"},"content":{"rendered":"<p><strong>Hempo 10<span lang=\"EN-US\">%\u00a0<\/span>Laia spektriga CBD \u00f5li<\/strong> - on looduse \u00f5rn toetus teie heaolule. Sellest \u00f5list on eemaldatud kogu taimes sisalduv THC, mist\u00f5ttu see sobib rasedatele ja imetavatele emadele, lastele ja professionaalsetele sportlastele.<\/p>\n<p>Nagu meie teisedki tooted, on ka Broad Spectrum Oil toodetud kasutades kaasaegset \u00fclikriitilist CO2 ekstraheerimistehnoloogiat. K\u00f5ik kasulikud kannabinoidid (CBD, CBDA, CBG, CBC, CBN, CBGA jne), terpeenid ja flavonoidid, mis on taimes olemas, s\u00e4ilivad tootmisprotsessi k\u00e4igus. Need ained tugevdavad teineteise toimet - teadlased nimetavad seda \u201eentourage'i efektiks\u201c. See ongi see, mis teeb Hempo tooted nii t\u00f5husaks.<\/p>\n<p><strong>Koostisained:<\/strong> Cannabis Sativa ekstrakt, MCT-\u00f5li (kapr\u00fc\u00fcl\/kapriksete trigl\u00fctseriidide), 10% kannabidiool (CBD), v\u00e4iksemad kannabinoidid (CBG, CBN, CBDV), ei sisalda THC-d.<\/p>\n<p><strong>Kogus: <\/strong>10ml<\/p>\n<p><strong>P\u00e4ritoluriik:<\/strong> \u0160veits<\/p>\n<p>&nbsp;<\/p>","protected":false},"excerpt":{"rendered":"<p><strong>Hempo 10% (looduslik) CBD<\/strong> \u00f5li on kanepist ekstraheeritud looduslik \u00f5li, mis sisaldab toimeainet 10% <strong>CBD<\/strong> materjalid. See laia spektriga \u00f5li aitab s\u00e4ilitada igap\u00e4evast tasakaalu ja heaolu, sisaldades v\u00e4ikestes kogustes teisi kannabinoide, nagu n\u00e4iteks <strong>CBG, CBN, CBDV<\/strong>, kuid ilma ps\u00fchhoaktiivse aineta THC. Kasutades t\u00e4iustatud CO2 ekstraheerimismeetodit, s\u00e4ilitab \u00f5li k\u00f5ik kasulikud ained, tagades k\u00f5rge kvaliteedi ja ohutuse. <strong>Hempo 10% Looduslik CBD<\/strong> See \u00f5li on ideaalne valik neile, kes otsivad naturaalset toodet ilma t\u00e4iendavate maitse- ja l\u00f5hnaaineteta.<\/p>","protected":false},"featured_media":8495,"comment_status":"open","ping_status":"closed","template":"","meta":{"_acf_changed":false},"product_brand":[429],"product_cat":[61,77],"product_tag":[],"class_list":{"0":"post-8487","1":"product","2":"type-product","3":"status-publish","4":"has-post-thumbnail","6":"product_brand-hempo","7":"product_cat-ramybei","8":"product_cat-cbd-aliejai","10":"first","11":"instock","12":"shipping-taxable","13":"purchasable","14":"product-type-simple"},"acf":[],"tiered_pricing_type":"fixed","tiered_pricing_fixed_rules":[],"tiered_pricing_product_settings":{"layout":"default","base_unit_name":{"singular":null,"plural":null},"default_variation":null},"tiered_pricing_minimum_quantity":null,"tiered_pricing_roles_data":[],"tiered_pricing_percentage_rules":[],"_links":{"self":[{"href":"https:\/\/purama.lt\/ee\/wp-json\/wp\/v2\/product\/8487","targetHints":{"allow":["GET"]}}],"collection":[{"href":"https:\/\/purama.lt\/ee\/wp-json\/wp\/v2\/product"}],"about":[{"href":"https:\/\/purama.lt\/ee\/wp-json\/wp\/v2\/types\/product"}],"replies":[{"embeddable":true,"href":"https:\/\/purama.lt\/ee\/wp-json\/wp\/v2\/comments?post=8487"}],"wp:featuredmedia":[{"embeddable":true,"href":"https:\/\/purama.lt\/ee\/wp-json\/wp\/v2\/media\/8495"}],"wp:attachment":[{"href":"https:\/\/purama.lt\/ee\/wp-json\/wp\/v2\/media?parent=8487"}],"wp:term":[{"taxonomy":"product_brand","embeddable":true,"href":"https:\/\/purama.lt\/ee\/wp-json\/wp\/v2\/product_brand?post=8487"},{"taxonomy":"product_cat","embeddable":true,"href":"https:\/\/purama.lt\/ee\/wp-json\/wp\/v2\/product_cat?post=8487"},{"taxonomy":"product_tag","embeddable":true,"href":"https:\/\/purama.lt\/ee\/wp-json\/wp\/v2\/product_tag?post=8487"}],"curies":[{"name":"wp","href":"https:\/\/api.w.org\/{rel}","templated":true}]}}