{"id":8486,"date":"2024-12-12T19:57:31","date_gmt":"2024-12-12T19:57:31","guid":{"rendered":"https:\/\/purama.lt\/?post_type=product&#038;p=8486"},"modified":"2026-04-08T08:47:58","modified_gmt":"2026-04-08T06:47:58","slug":"kanepi-30-taisspektri-cbd-oli","status":"publish","type":"product","link":"https:\/\/purama.lt\/ee\/produktas\/hempo-30-pilno-spektro-cbd-aliejus\/","title":{"rendered":"Hempo 30% T\u00e4ieliku spektriga CBD-\u00f5li"},"content":{"rendered":"<div>\n<div class=\"summary__title\">\n<p class=\"h4 accordion__title\"><strong>Tarbimine:<\/strong> Soovitatav on v\u00f5tta 3-4 tilka regulaarselt, 2 korda p\u00e4evas (hommikul ja \u00f5htul), enne kasutamist loksutada. Pange t\u00e4hele, et CBD-toodete soovitud toime ja taluvuse tase on inimeseti erinev, seega soovitame alustada v\u00e4ikseima soovitatud kogusega ja seda vastavalt vajadusele j\u00e4rk-j\u00e4rgult suurendada, kuid \u00e4rge \u00fcletage 200 mg CBD-d p\u00e4evas. Kokkupuute korral silmadega: peske ettevaatlikult veega paar minutit.<\/p>\n<\/div>\n<\/div>\n<div id=\"ProductAccordion-b1532ee7-16af-4ae0-971e-18dbf3b6f278-template--14841473400972__main\" class=\"accordion__content rte\">\n<p><span style=\"font-size: 16px\"><strong>Koostisained:<\/strong> T\u00e4ieliku spektriga kannabidiool (3000mg CBD) koos j\u00e4\u00e4kkogustega teistest kasulikest kannabinoididest (CBDA, CBDV, CBG, CBC, CBN, CBGA jne), orgaanilisest kanepi (Cannabis Sativa L.) seemne\u00f5list, terpeenidest, fenoolidest, flavonoididest.<\/span><\/p>\n<p><strong>Kogus:<\/strong> 10ml<\/p>\n<div class=\"product-details-module__content\">\n<div id=\"productDescription\" class=\"product-details__product-description\">\n<p><strong>P\u00e4ritoluriik:<\/strong> \u0160veits<\/p>\n<\/div>\n<\/div>\n<\/div>","protected":false},"excerpt":{"rendered":"<p><strong>Hempo 30% T\u00e4ieliku spektriga CBD-\u00f5li<\/strong> on v\u00e4ga kontsentreeritud looduslik kanepi\u00f5li, mis toetab intensiivselt keha ja vaimu. T\u00e4ielik spekter <strong>CBD<\/strong> \u00f5li ei ole mitte ainult 30%<strong> CBD<\/strong>kuid ka v\u00e4ikestes kogustes teisi kasulikke kannabinoide, nagu n\u00e4iteks <strong>CBG, CBN ja CBDV<\/strong>mis t\u00f6\u00f6tavad koos, et suurendada \u00fcldist m\u00f5ju. CO2 ekstraheerimismeetod s\u00e4ilitab kanepi loodusliku koostise ja k\u00f5rge kvaliteedi. Toode sisaldab v\u00e4hesel m\u00e4\u00e4ral THC-d (lubatud piirides, alla 0,2%), kuid ei tekita ps\u00fchhoaktiivset m\u00f5ju.<\/p>","protected":false},"featured_media":8494,"comment_status":"open","ping_status":"closed","template":"","meta":{"_acf_changed":false},"product_brand":[429],"product_cat":[61,77,500],"product_tag":[],"class_list":{"0":"post-8486","1":"product","2":"type-product","3":"status-publish","4":"has-post-thumbnail","6":"product_brand-hempo","7":"product_cat-ramybei","8":"product_cat-cbd-aliejai","9":"product_cat-outlet","11":"first","12":"instock","13":"sale","14":"shipping-taxable","15":"purchasable","16":"product-type-simple"},"acf":[],"tiered_pricing_type":"fixed","tiered_pricing_fixed_rules":[],"tiered_pricing_product_settings":{"layout":"default","base_unit_name":{"singular":null,"plural":null},"default_variation":null},"tiered_pricing_minimum_quantity":null,"tiered_pricing_roles_data":[],"tiered_pricing_percentage_rules":[],"_links":{"self":[{"href":"https:\/\/purama.lt\/ee\/wp-json\/wp\/v2\/product\/8486","targetHints":{"allow":["GET"]}}],"collection":[{"href":"https:\/\/purama.lt\/ee\/wp-json\/wp\/v2\/product"}],"about":[{"href":"https:\/\/purama.lt\/ee\/wp-json\/wp\/v2\/types\/product"}],"replies":[{"embeddable":true,"href":"https:\/\/purama.lt\/ee\/wp-json\/wp\/v2\/comments?post=8486"}],"wp:featuredmedia":[{"embeddable":true,"href":"https:\/\/purama.lt\/ee\/wp-json\/wp\/v2\/media\/8494"}],"wp:attachment":[{"href":"https:\/\/purama.lt\/ee\/wp-json\/wp\/v2\/media?parent=8486"}],"wp:term":[{"taxonomy":"product_brand","embeddable":true,"href":"https:\/\/purama.lt\/ee\/wp-json\/wp\/v2\/product_brand?post=8486"},{"taxonomy":"product_cat","embeddable":true,"href":"https:\/\/purama.lt\/ee\/wp-json\/wp\/v2\/product_cat?post=8486"},{"taxonomy":"product_tag","embeddable":true,"href":"https:\/\/purama.lt\/ee\/wp-json\/wp\/v2\/product_tag?post=8486"}],"curies":[{"name":"wp","href":"https:\/\/api.w.org\/{rel}","templated":true}]}}