{"id":8362,"date":"2024-12-11T17:27:10","date_gmt":"2024-12-11T17:27:10","guid":{"rendered":"https:\/\/purama.lt\/?post_type=product&#038;p=8362"},"modified":"2026-04-07T13:42:34","modified_gmt":"2026-04-07T11:42:34","slug":"bioloogilise-vanuse-test-donotage","status":"publish","type":"product","link":"https:\/\/purama.lt\/ee\/produktas\/biologinio-amziaus-testas-donotage\/","title":{"rendered":"DoNotAge Bioloogiline vanuse test"},"content":{"rendered":"<p><strong>Kuidas testi teha<\/strong>?<\/p>\n\n\n\n<ol class=\"wp-block-list\">\n<li>Kui olete oma komplekti k\u00e4tte saanud, j\u00e4rgige s\u00fcljeproovi v\u00f5tmiseks etten\u00e4htud juhiseid.<\/li>\n\n\n\n<li>\u00c4rge kasutage <strong>kofeiin 12 tunni jooksul<\/strong> enne testi (\u00f5htuti, mitte p\u00e4rast 17.00).<\/li>\n\n\n\n<li><strong>\u00c4rge v\u00f5tke k\u00e4sim\u00fc\u00fcgiravimeid<\/strong> 48 tundi enne testimist (ei ole vaja l\u00f5petada retseptide v\u00e4ljakirjutamist).<\/li>\n\n\n\n<li>V\u00e4ltida <strong>intensiivne treening 48 tundi enne testi<\/strong>eriti j\u00f5utreeninguks.<\/li>\n\n\n\n<li>Ei <strong>suitsetamine<\/strong> enne testi.<\/li>\n\n\n\n<li>Saatke n\u00e4idis kiirkulleriga (nt DHL, UPS, FedEx), mille deklareeritud v\u00e4\u00e4rtus on umbes 5 eurot.<\/li>\n\n\n\n<li>Te v\u00f5ite oodata kuni <strong>12 n\u00e4dalat<\/strong>.<\/li>\n<\/ol>\n\n\n\n<hr class=\"wp-block-separator has-alpha-channel-opacity\"\/>\n\n\n\n<p><strong>P\u00f5hineb k\u00f5ige arenenumal 2. p\u00f5lvkonna epigeneetilisel tehnoloogial<\/strong> - Erinevalt varasematest testidest anal\u00fc\u00fcsib see test k\u00fcmneid tuhandeid epigeneetilisi m\u00e4rke, mis annab palju t\u00e4psemad ja t\u00e4ielikumad tulemused. <br><strong>Kasutab tehisintellekti mudeleid (masin\u00f5pe)<\/strong> - Epigeneetilisi andmeid t\u00f6\u00f6deldakse t\u00e4iustatud algoritmide abil, mis tuvastavad DNA met\u00fclatsiooni ja vananemise vahelised keerulised seosed.<br><strong>V\u00f5imaldab j\u00e4lgida edusamme aja jooksul<\/strong> - M\u00f5ne kuu p\u00e4rast tehtav kordusuuring v\u00f5imaldab teil n\u00e4ha, kuidas elustiili muutused on m\u00f5jutanud teie bioloogilist vanust.<br><strong>Sisaldab laiendatud terviseriskifaktoreid<\/strong> - Anal\u00fc\u00fcs l\u00e4heb vanusest kaugemale ja h\u00f5lmab teavet geneetilise eelsoodumuse kohta s\u00fcdamehaigustele, Alzheimeri t\u00f5vele ja muudele vanusega seotud haigustele.<br><strong>Isikup\u00e4rastatud toitumis- ja elustiilisoovituste s\u00fcsteem<\/strong> - teie epigeneetiliste ja geneetiliste tulemuste p\u00f5hjal personaalsed n\u00f5uanded toitumise, spordi, toidulisandite ja harjumuste kohta.<br><strong>\u00dchildub mobiilirakendusega<\/strong> - K\u00f5ik tulemused ja soovitused on teie nutitelefonis turvalise platvormi kaudu k\u00e4ttesaadavad, mis v\u00f5imaldab teil igal ajal vaadata edusamme ja anal\u00fc\u00fcsida aruandeid.<br><strong>Testimisprotsess on t\u00e4iesti mitteinvasiivne<\/strong> - kasutatakse ainult s\u00fcljeproovi, vere- v\u00f5i arstivisiiti ei ole vaja.<br><strong>Saab kasutada motivatsioonivahendina<\/strong> - Bioloogilise vanuse v\u00e4henemine v\u00f5ib aidata teil pikemas perspektiivis s\u00e4ilitada tervislikke harjumusi.<\/p>","protected":false},"excerpt":{"rendered":"<p data-start=\"343\" data-end=\"461\"><strong data-start=\"347\" data-end=\"387\">DoNotAge bioloogilise vanuse testikomplekt<\/strong> - t\u00e4iustatud epigeneetiline test teie tegeliku bioloogilise vanuse m\u00e4\u00e4ramiseks.\u00a0<strong data-start=\"463\" data-end=\"503\">DoNotAge.org bioloogilise vanuse testikomplekt<\/strong> - on epigeneetilisel teadusel p\u00f5hinev test, mis v\u00f5imaldab teil m\u00e4\u00e4rata oma keha tegelikku bioloogilist vanust, mitte kalendri vanust. Erinevalt tavap\u00e4rastest testidest anal\u00fc\u00fcsib see komplekt <strong data-start=\"678\" data-end=\"702\">DNA met\u00fc\u00fclim\u00e4rgid<\/strong> - vananemisprotsesside poolt teie genoomi j\u00e4etud molekulaarsed j\u00e4ljed. Test viiakse l\u00e4bi kodus s\u00fcljeproovi abil ning tulemused annavad t\u00e4pse hinnangu selle kohta, kuidas elustiil, keskkond ja harjumused m\u00f5jutavad teie keha vananemise kiirust.\u00a0<strong data-start=\"950\" data-end=\"966\">DoNotAge.org<\/strong> on \u00fclemaailmne terviseuuringute organisatsioon, mis tugineb \u00fcksnes <strong data-start=\"1029\" data-end=\"1075\">teaduslikud t\u00f5endid, masin\u00f5pe<\/strong> ja <strong data-start=\"1079\" data-end=\"1123\">premium epigeneetiline anal\u00fc\u00fcs<\/strong>pakkuda rohkem kui 100 individuaalset aruannet, mis on seotud teie pikaealisuse ja tervisega. See ei ole lihtsalt test - see on <strong data-start=\"1257\" data-end=\"1321\">teadusp\u00f5hine vahend oma tervise arengu m\u00f5\u00f5tmiseks<\/strong>. <\/p>\n<p><strong>Miks valida?<br \/><\/strong>\u2714 <strong data-start=\"1398\" data-end=\"1433\">M\u00e4\u00e4ratleb tegeliku bioloogilise vanuse<\/strong> - keha vananemise lollikindel n\u00e4itaja<br data-start=\"1471\" data-end=\"1474\" \/>\u2714 <strong data-start=\"1476\" data-end=\"1498\">Tehakse kodus<\/strong> - puudub vajadus arstide v\u00f5i laboratooriumide k\u00fclastuste j\u00e4rele<br data-start=\"1547\" data-end=\"1550\" \/>\u2714 <strong data-start=\"1552\" data-end=\"1617\">Epigeneetiline test, mis p\u00f5hineb t\u00e4iustatud DNA met\u00fclatsiooni anal\u00fc\u00fcsil<\/strong><br data-start=\"1617\" data-end=\"1620\" \/>\u2714 <strong data-start=\"1622\" data-end=\"1674\">Sisaldab rohkem kui 100 kohandatud aruannet<\/strong> - vitamiinipuudused, immuunsus, soolestiku tervis, uni, stress jne.<br data-start=\"1748\" data-end=\"1751\" \/>\u2714 <strong data-start=\"1753\" data-end=\"1776\">T\u00e4iendavad n\u00e4itajad<\/strong> - m\u00e4lu, kuulmise, n\u00e4gemise, p\u00f5letiku vanus<br data-start=\"1824\" data-end=\"1827\" \/>\u2714 <strong data-start=\"1829\" data-end=\"1867\">Tulemused on saadaval rakenduses<\/strong> - j\u00e4lgida muudatusi h\u00f5lpsasti<br data-start=\"1896\" data-end=\"1899\" \/>\u2714 <strong data-start=\"1901\" data-end=\"1931\">Usaldusv\u00e4\u00e4rne teaduslik metoodika<\/strong> - kasutades t\u00e4iustatud tehisintellekti mudeleid<\/p>","protected":false},"featured_media":8392,"comment_status":"open","ping_status":"closed","template":"","meta":{"_acf_changed":false},"product_brand":[242],"product_cat":[75,97],"product_tag":[],"class_list":{"0":"post-8362","1":"product","2":"type-product","3":"status-publish","4":"has-post-thumbnail","6":"product_brand-donotage","7":"product_cat-sveikatos-testai","8":"product_cat-tyrimai","10":"first","11":"outofstock","12":"shipping-taxable","13":"purchasable","14":"product-type-simple"},"acf":[],"tiered_pricing_type":"fixed","tiered_pricing_fixed_rules":[],"tiered_pricing_product_settings":{"layout":"default","base_unit_name":{"singular":null,"plural":null},"default_variation":null},"tiered_pricing_minimum_quantity":null,"tiered_pricing_roles_data":[],"tiered_pricing_percentage_rules":[],"_links":{"self":[{"href":"https:\/\/purama.lt\/ee\/wp-json\/wp\/v2\/product\/8362","targetHints":{"allow":["GET"]}}],"collection":[{"href":"https:\/\/purama.lt\/ee\/wp-json\/wp\/v2\/product"}],"about":[{"href":"https:\/\/purama.lt\/ee\/wp-json\/wp\/v2\/types\/product"}],"replies":[{"embeddable":true,"href":"https:\/\/purama.lt\/ee\/wp-json\/wp\/v2\/comments?post=8362"}],"wp:featuredmedia":[{"embeddable":true,"href":"https:\/\/purama.lt\/ee\/wp-json\/wp\/v2\/media\/8392"}],"wp:attachment":[{"href":"https:\/\/purama.lt\/ee\/wp-json\/wp\/v2\/media?parent=8362"}],"wp:term":[{"taxonomy":"product_brand","embeddable":true,"href":"https:\/\/purama.lt\/ee\/wp-json\/wp\/v2\/product_brand?post=8362"},{"taxonomy":"product_cat","embeddable":true,"href":"https:\/\/purama.lt\/ee\/wp-json\/wp\/v2\/product_cat?post=8362"},{"taxonomy":"product_tag","embeddable":true,"href":"https:\/\/purama.lt\/ee\/wp-json\/wp\/v2\/product_tag?post=8362"}],"curies":[{"name":"wp","href":"https:\/\/api.w.org\/{rel}","templated":true}]}}