{"id":7789,"date":"2024-12-04T14:36:47","date_gmt":"2024-12-04T14:36:47","guid":{"rendered":"https:\/\/purama.lt\/product\/maisto-papildas-resveratrolis-su-selenu-zenyth\/"},"modified":"2026-04-13T09:56:34","modified_gmt":"2026-04-13T07:56:34","slug":"toidulisand-resveratrooli-ja-seleeni-zenythiga","status":"publish","type":"product","link":"https:\/\/purama.lt\/ee\/produktas\/maisto-papildas-resveratrolis-su-selenu-zenyth\/","title":{"rendered":"Toidulisand resveratrol koos seleeniga ZENYTH"},"content":{"rendered":"<p><strong>Koostisained:<\/strong> Vitis vinifera puuviljakoor ja seemne ekstrakt (sisaldab 50% trans-resveratrooli), punase porgandi mahla pulber, glaseerimisvahend h\u00fcdroks\u00fcprop\u00fc\u00fclmet\u00fc\u00fcltselluloos, granaat\u00f5unamahla pulber, L-selenometioniin, kvertsetiini dih\u00fcdraat jaapani sirmiku (Sophora japonica) \u00f5ienuppudest.<\/p>","protected":false},"excerpt":{"rendered":"<p>\u201eZenyth\u201c toidulisand - resveratrool koos seleeniga.<\/p>\n<p>Seleen aitab s\u00e4ilitada normaalseid juukseid ja k\u00fc\u00fcsi, immuuns\u00fcsteemi, kilpn\u00e4\u00e4rme funktsiooni ja spermatogeneesi. Aitab kaitsta rakke oks\u00fcdatiivsete kahjustuste eest.<br \/>\nT\u00f5elised viinapuud aitavad s\u00e4ilitada normaalset s\u00fcdametegevust.<br \/>\nOluline on mitmekesine ja tasakaalustatud toitumine ning tervislik eluviis.<\/p>\n<p>Gluteenivaba, sojavaba, laktoosivaba, magneesiumstearaativaba ja magusainevaba. Sobib veganitele.<\/p>\n<p>Soovituslik kasutamine: 1-2 kapslit p\u00e4evas koos toiduga.<\/p>","protected":false},"featured_media":8791,"comment_status":"open","ping_status":"closed","template":"","meta":{"_acf_changed":false},"product_brand":[463],"product_cat":[122,251,253,248,255,123,249,256,250,254],"product_tag":[],"class_list":{"0":"post-7789","1":"product","2":"type-product","3":"status-publish","4":"has-post-thumbnail","6":"product_brand-zenyth","7":"product_cat-lasteliu-jaunystei","8":"product_cat-antioksidantai","9":"product_cat-imuniteto-palaikymas","10":"product_cat-nad-ir-mitochondrijos","11":"product_cat-oksidacinio-streso-mazinimas","12":"product_cat-papildai-ilgaamziskumui","13":"product_cat-senolitikai","14":"product_cat-smegenims-ir-atminciai","15":"product_cat-telomeru-ir-dnr-apsauga","16":"product_cat-uzdegimo-mazinimas","18":"first","19":"outofstock","20":"shipping-taxable","21":"purchasable","22":"product-type-simple"},"acf":[],"tiered_pricing_type":"fixed","tiered_pricing_fixed_rules":[],"tiered_pricing_product_settings":{"layout":"default","base_unit_name":{"singular":null,"plural":null},"default_variation":null},"tiered_pricing_minimum_quantity":null,"tiered_pricing_roles_data":[],"tiered_pricing_percentage_rules":[],"_links":{"self":[{"href":"https:\/\/purama.lt\/ee\/wp-json\/wp\/v2\/product\/7789","targetHints":{"allow":["GET"]}}],"collection":[{"href":"https:\/\/purama.lt\/ee\/wp-json\/wp\/v2\/product"}],"about":[{"href":"https:\/\/purama.lt\/ee\/wp-json\/wp\/v2\/types\/product"}],"replies":[{"embeddable":true,"href":"https:\/\/purama.lt\/ee\/wp-json\/wp\/v2\/comments?post=7789"}],"wp:featuredmedia":[{"embeddable":true,"href":"https:\/\/purama.lt\/ee\/wp-json\/wp\/v2\/media\/8791"}],"wp:attachment":[{"href":"https:\/\/purama.lt\/ee\/wp-json\/wp\/v2\/media?parent=7789"}],"wp:term":[{"taxonomy":"product_brand","embeddable":true,"href":"https:\/\/purama.lt\/ee\/wp-json\/wp\/v2\/product_brand?post=7789"},{"taxonomy":"product_cat","embeddable":true,"href":"https:\/\/purama.lt\/ee\/wp-json\/wp\/v2\/product_cat?post=7789"},{"taxonomy":"product_tag","embeddable":true,"href":"https:\/\/purama.lt\/ee\/wp-json\/wp\/v2\/product_tag?post=7789"}],"curies":[{"name":"wp","href":"https:\/\/api.w.org\/{rel}","templated":true}]}}