{"id":7785,"date":"2024-12-04T14:36:44","date_gmt":"2024-12-04T14:36:44","guid":{"rendered":"https:\/\/purama.lt\/product\/maisto-papildas-cinkas-cytoplan-wholefood-zinc\/"},"modified":"2026-03-19T16:19:35","modified_gmt":"2026-03-19T14:19:35","slug":"toidulisand-tsink-tsutoplan-taisteratoit-tsink","status":"publish","type":"product","link":"https:\/\/purama.lt\/ee\/produktas\/maisto-papildas-cinkas-cytoplan-wholefood-zinc\/","title":{"rendered":"Toidulisand CYTOPLAN Wholefood Zinc"},"content":{"rendered":"<p><strong>Koostisained:<\/strong> h\u00fcdropooniliselt kasvatatud Brassica juncea lehed, kapslikest (taimne tselluloos).<\/p>\n<p>1 kapsel sisaldab 7,5 mg tsinki (safloori lehtedest) (75% RMV). RMV - viitetoitev\u00e4\u00e4rtus.<\/p>\n<p><strong>Hoiatused:<\/strong> \u00c4rge \u00fcletage soovitatud annust. Toidulisandit ei tohi kasutada toidu asendajana. Hoida lastele k\u00e4ttesaamatus kohas. Mitte k\u00fclmutada.<br \/>\n\u00c4rge kasutage toidulisandit, kui pakendil olev kaitseriba on kahjustatud v\u00f5i puudub.<\/p>\n<p><strong>Netokogus:<\/strong> 450 mg (60 kapslit 7,5 mg).\u00a0<strong>Plastivaba pakend!<\/strong>\u00a0Pudel on valmistatud suhkruroo kiust.<\/p>","protected":false},"excerpt":{"rendered":"<p><strong>\"Cytoplan toidulisand<\/strong> - taimne tsink h\u00fcdropooniliselt kasvatatud kapsasrohu lehtedest sareptine (lat.\u00a0<em>Brassica juncea<\/em>). \u00dcks kapsel sisaldab 7,5 mg tsinki (100% RMV - Reference Nutrient Value).<\/p>\n<p><strong>Tsink<\/strong>\u00a0aitab s\u00e4ilitada normaalset immuuns\u00fcsteemi funktsiooni, aitab kaitsta rakke oks\u00fcdatiivsete kahjustuste eest, aitab s\u00e4ilitada normaalset n\u00e4gemist. Tsink aitab samuti s\u00e4ilitada normaalset: happe-aluse ainevahetust, s\u00fcsivesikute ainevahetust, kognitiivset funktsiooni, DNA s\u00fcnteesi, viljakust ja paljunemist, toitainete makrotoitainete ainevahetust, rasvhapete ainevahetust, A-vitamiini ainevahetust, valgus\u00fcnteesi, luude, k\u00fc\u00fcnte, naha ja juuste tervist ning testosteroonitaset veres. Omab funktsiooni rakkude jagunemisel. Oluline on mitmekesine ja tasakaalustatud toitumine ning tervislik eluviis.<\/p>\n<p>Ei sisalda gluteeni, nisu, soja, piimatooteid, kunstlikke l\u00f5hna- ja maitseaineid ega v\u00e4rvaineid. Sobib taimetoitlastele ja veganitele.<\/p>\n<p><strong>Tarbimine:<\/strong> Soovitatav on 1-2 kapslit p\u00e4evas. 60 kapslist piisab 30-60 p\u00e4eva kestvaks ravikuuriks.<\/p>","protected":false},"featured_media":8786,"comment_status":"open","ping_status":"closed","template":"","meta":{"_acf_changed":false},"product_brand":[],"product_cat":[252,253,273,255,500,123,254],"product_tag":[],"class_list":{"0":"post-7785","1":"product","2":"type-product","3":"status-publish","4":"has-post-thumbnail","6":"product_cat-imunitetui","7":"product_cat-imuniteto-palaikymas","8":"product_cat-odai-plaukams-nagams","9":"product_cat-oksidacinio-streso-mazinimas","10":"product_cat-outlet","11":"product_cat-papildai-ilgaamziskumui","12":"product_cat-uzdegimo-mazinimas","14":"first","15":"instock","16":"sale","17":"shipping-taxable","18":"purchasable","19":"product-type-simple"},"acf":[],"tiered_pricing_type":"fixed","tiered_pricing_fixed_rules":[],"tiered_pricing_product_settings":{"layout":"default","base_unit_name":{"singular":null,"plural":null},"default_variation":null},"tiered_pricing_minimum_quantity":null,"tiered_pricing_roles_data":[],"tiered_pricing_percentage_rules":[],"_links":{"self":[{"href":"https:\/\/purama.lt\/ee\/wp-json\/wp\/v2\/product\/7785","targetHints":{"allow":["GET"]}}],"collection":[{"href":"https:\/\/purama.lt\/ee\/wp-json\/wp\/v2\/product"}],"about":[{"href":"https:\/\/purama.lt\/ee\/wp-json\/wp\/v2\/types\/product"}],"replies":[{"embeddable":true,"href":"https:\/\/purama.lt\/ee\/wp-json\/wp\/v2\/comments?post=7785"}],"wp:featuredmedia":[{"embeddable":true,"href":"https:\/\/purama.lt\/ee\/wp-json\/wp\/v2\/media\/8786"}],"wp:attachment":[{"href":"https:\/\/purama.lt\/ee\/wp-json\/wp\/v2\/media?parent=7785"}],"wp:term":[{"taxonomy":"product_brand","embeddable":true,"href":"https:\/\/purama.lt\/ee\/wp-json\/wp\/v2\/product_brand?post=7785"},{"taxonomy":"product_cat","embeddable":true,"href":"https:\/\/purama.lt\/ee\/wp-json\/wp\/v2\/product_cat?post=7785"},{"taxonomy":"product_tag","embeddable":true,"href":"https:\/\/purama.lt\/ee\/wp-json\/wp\/v2\/product_tag?post=7785"}],"curies":[{"name":"wp","href":"https:\/\/api.w.org\/{rel}","templated":true}]}}