{"id":7779,"date":"2024-12-04T14:36:40","date_gmt":"2024-12-04T14:36:40","guid":{"rendered":"https:\/\/purama.lt\/product\/maisto-papildas-kurkuminas-ir-piperinas-zenyth\/"},"modified":"2026-04-14T14:13:10","modified_gmt":"2026-04-14T12:13:10","slug":"toidulisand-kurkumiin-ja-piperiin-zenyth","status":"publish","type":"product","link":"https:\/\/purama.lt\/ee\/produktas\/maisto-papildas-kurkuminas-ir-piperinas-zenyth\/","title":{"rendered":"Toidulisand kurkumiin ja piperiin ZENYTH"},"content":{"rendered":"<p><strong>Koostisained:<\/strong> Kurkumi (Curcuma longa) juureekstrakt (sisaldab 95 % kurkuminoide), glaseerimisvahend h\u00fcdroks\u00fcprop\u00fc\u00fclmet\u00fc\u00fcltselluloos, riisijahu, standardiseeritud musta pipra (Piper nigrum) ekstrakt (sisaldab v\u00e4hemalt 95% piperiini).<\/p>\n<p><strong>1 kapsel \/ 2 kapslit sisaldab:<\/strong> kurkumi (Curcuma longa) juure ekstrakt 500 mg\/1000 mg (sisaldab 475 mg\/950 mg kurkuminoide), standardiseeritud musta pipra (Piper nigrum) ekstrakt 5 mg\/10 mg (sisaldab v\u00e4hemalt 4,75 mg\/9,5 mg peperiini).<\/p>\n<p><strong>Hoiatused:<\/strong> \u00e4rge \u00fcletage soovitatud annust. Toidulisandit ei tohi kasutada toidu asendajana. Hoida lastele k\u00e4ttesaamatus kohas. Antikoagulandid, trombots\u00fc\u00fctide v\u00f5i p\u00f5letikuvastased ravimid v\u00f5ivad selle tootega kombineerituna avaldada tugevamat toimet. Ei soovitata kasutada rasedatel ja rinnaga toitvatel naistel. Maksakahjustuse, sapiteede liitiaasi v\u00f5i seedetrakti h\u00e4iretega isikud peaksid enne selle toote kasutamist konsulteerima arstiga.<\/p>\n<p><strong>Netokogus:<\/strong> 19,86 g (30 kapslit, 662 mg).<\/p>\n<p>&nbsp;<\/p>\n<p>&nbsp;<\/p>","protected":false},"excerpt":{"rendered":"<p><strong>\" Zenyth toidulisand CURCUMIN &amp; PIPERINE<\/strong>. Avastage looduse j\u00f5ud koos <strong>ZENYTH kurkumiin ja piperiin<\/strong>! See toidulisand on v\u00f5imas antioks\u00fcdantide allikas, mis aitab toetada immuunsust, v\u00e4hendada p\u00f5letikku ja edendada seedimist. Kurkumiin ja piperiin toimivad koos t\u00f5husamalt, et teie keha saaks nende koostisosade t\u00e4ieliku kasu. Looduslik toetus teie tervisele ja eluj\u00f5ule iga p\u00e4ev!<\/p>\n<p>Laktoosivaba, gluteenivaba, sojavaba, rasvhapete magneesiumsoolad, magusained. Sobib taimetoitlastele ja veganitele.<\/p>\n<p><strong>Tarbimine:<\/strong> 1-2 kapslit 2 korda p\u00e4evas koos toiduga. V\u00f5tke seda toodet 2 tundi enne v\u00f5i p\u00e4rast ravimite v\u00f5tmist.<\/p>\n<p><strong>Hoiatused:<\/strong> \u00e4rge \u00fcletage soovitatud annust. Toidulisandit ei tohi kasutada toidu asendajana. Hoida lastele k\u00e4ttesaamatus kohas. Antikoagulandid, trombots\u00fc\u00fctide v\u00f5i p\u00f5letikuvastased ravimid v\u00f5ivad selle tootega kombineerituna avaldada tugevamat toimet. Ei soovitata kasutada rasedatel ja rinnaga toitvatel naistel. Maksakahjustuse, sapiteede liitiaasi v\u00f5i seedetrakti h\u00e4iretega isikud peaksid enne selle toote kasutamist konsulteerima arstiga.<\/p>","protected":false},"featured_media":8788,"comment_status":"open","ping_status":"closed","template":"","meta":{"_acf_changed":false},"product_brand":[463],"product_cat":[253,251,252,279,280,122,255,500,123,254],"product_tag":[],"class_list":{"0":"post-7779","1":"product","2":"type-product","3":"status-publish","4":"has-post-thumbnail","6":"product_brand-zenyth","7":"product_cat-imuniteto-palaikymas","8":"product_cat-antioksidantai","9":"product_cat-imunitetui","10":"product_cat-kaulams-ir-sanariams","11":"product_cat-kaulu-stiprinimas","12":"product_cat-lasteliu-jaunystei","13":"product_cat-oksidacinio-streso-mazinimas","14":"product_cat-outlet","15":"product_cat-papildai-ilgaamziskumui","16":"product_cat-uzdegimo-mazinimas","18":"first","19":"instock","20":"sale","21":"shipping-taxable","22":"purchasable","23":"product-type-simple"},"acf":[],"tiered_pricing_type":"fixed","tiered_pricing_fixed_rules":[],"tiered_pricing_product_settings":{"layout":"default","base_unit_name":{"singular":null,"plural":null},"default_variation":null},"tiered_pricing_minimum_quantity":null,"tiered_pricing_roles_data":[],"tiered_pricing_percentage_rules":[],"_links":{"self":[{"href":"https:\/\/purama.lt\/ee\/wp-json\/wp\/v2\/product\/7779","targetHints":{"allow":["GET"]}}],"collection":[{"href":"https:\/\/purama.lt\/ee\/wp-json\/wp\/v2\/product"}],"about":[{"href":"https:\/\/purama.lt\/ee\/wp-json\/wp\/v2\/types\/product"}],"replies":[{"embeddable":true,"href":"https:\/\/purama.lt\/ee\/wp-json\/wp\/v2\/comments?post=7779"}],"wp:featuredmedia":[{"embeddable":true,"href":"https:\/\/purama.lt\/ee\/wp-json\/wp\/v2\/media\/8788"}],"wp:attachment":[{"href":"https:\/\/purama.lt\/ee\/wp-json\/wp\/v2\/media?parent=7779"}],"wp:term":[{"taxonomy":"product_brand","embeddable":true,"href":"https:\/\/purama.lt\/ee\/wp-json\/wp\/v2\/product_brand?post=7779"},{"taxonomy":"product_cat","embeddable":true,"href":"https:\/\/purama.lt\/ee\/wp-json\/wp\/v2\/product_cat?post=7779"},{"taxonomy":"product_tag","embeddable":true,"href":"https:\/\/purama.lt\/ee\/wp-json\/wp\/v2\/product_tag?post=7779"}],"curies":[{"name":"wp","href":"https:\/\/api.w.org\/{rel}","templated":true}]}}