{"id":7271,"date":"2024-11-26T09:14:57","date_gmt":"2024-11-26T09:14:57","guid":{"rendered":"https:\/\/purama.lt\/?post_type=product&#038;p=7271"},"modified":"2026-04-10T13:03:23","modified_gmt":"2026-04-10T11:03:23","slug":"nacific-hyaluron-booster-facial-kit","status":"publish","type":"product","link":"https:\/\/purama.lt\/ee\/produktas\/nacific-hyaluron-booster-veido-priemoniu-rinkinys\/","title":{"rendered":"NACIFIC Hyaluron Booster n\u00e4ohoolduskomplekt"},"content":{"rendered":"<p><b>Komplekti kuuluvad:<\/b><\/p>\n<ul>\n<li>Hyal Booster toonik 150 ml<\/li>\n<li>Hyal Booster Ampull 50 ml<\/li>\n<li>Hyal Booster Cream 50 g<\/li>\n<\/ul>\n<p>See komplekt aitab teil luua igap\u00e4evase nahahooldusrutiini \u00e4\u00e4rmiselt kuivale ja deh\u00fcdreeritud nahale!<\/p>\n<p><b>Toner Hyal Booster Toner<\/b><\/p>\n<p>See multifunktsionaalne toonik kuivale nahale toniseerib ja taastab suurep\u00e4raselt naha pH-d. See sisaldab \u00f5rnalt koorivat valge paju ekstrakti, nahka pehmendavat n\u00fcmfipuu lehtede ja \u00f5ite ekstrakti, pehmet ja siledat bambusevett ning s\u00fcgavalt niisutavat h\u00fcaluroonhapet. Toonik on nahas\u00f5braliku pH-ga (5,5). Sobib ka k\u00f5ige tundlikumale nahale.<\/p>\n<p><b>Kuidas kasutada?<\/b><\/p>\n<ol>\n<li>Niisutage vatipadi toonikuga ja puhastage \u00f5rnalt puhas n\u00e4gu ja kael, v\u00e4ltides silmade ja suu piirkonda.<\/li>\n<li>Patsuta nahka \u00f5rnalt, et aidata toonikul paremini imenduda.<\/li>\n<\/ol>\n<p><b>Serum Hyal Booster Ampull\u00a0<\/b><\/p>\n<p>Pehmendav, niisutav ja taaselustav seerum kolme t\u00fc\u00fcpi h\u00fcaluroonhappega (madala, keskmise ja k\u00f5rge molekulmassiga) ja Jericho roosiga kuivale nahale. Nahas\u00f5bralik pH (5,5) sobib ka k\u00f5ige tundlikumale nahale. Nimbamediumi lehe- ja \u00f5ieekstrakt pehmendab nahka, valge pajukoore salitsiin (BHA) eemaldab surnud naharakud ja bambusvesi j\u00e4tab naha pehmeks ja siledaks.<\/p>\n<p><b>Kuidas kasutada?<\/b><\/p>\n<ol>\n<li>Masseerige \u00f5rnalt 1-2 tilka seerumit puhtale, puhastatud ja toonitud n\u00e4ole ja kaelale.<\/li>\n<li>Seerumit v\u00f5ib suurema toime saavutamiseks kasutada 2-3 korda uuesti.<\/li>\n<\/ol>\n<p><b>Hyal Booster Cream<\/b><\/p>\n<p>Pehme, kreemjas koostis kuivale nahale on rikastatud nahka armastavate koostisosadega: s\u00fcgavniisutav h\u00fcaluroonhape, nahka pehmendav n\u00fcmfipuu lehtede ja lillede ekstrakt, \u00f5rnalt kooriv valge paju ekstrakt ning pehme ja sile bambusvesi. Nahas\u00f5bralik pH (5,5) sobib ka k\u00f5ige tundlikumale nahale.<\/p>\n<p><b>Kuidas kasutada?<\/b><\/p>\n<ol>\n<li>Kandke kreem puhta ja toonitud nahale viimase hooldussammuna.<\/li>\n<li>Kandke v\u00e4ike kogus kreemi \u00fchtlaselt nahale ja masseerige seda ringjate liigutustega n\u00e4ole ja kaelale, kuni kreem on t\u00e4ielikult imendunud. V\u00e4ltige silmade ja huulte piirkonda.<\/li>\n<\/ol>\n<p><strong>Koostisained:<\/strong> H\u00fcaluroonhape, niatsinamiid, gl\u00fctseriin, betaiin, pantenool, Centella asiatica ekstrakt, rohelise tee ekstrakt, aloe vera ekstrakt, allantoiin, arginiin, but\u00fcleengl\u00fckool, 1,2-heksandiool, et\u00fc\u00fclheks\u00fc\u00fclgl\u00fctseriin.<\/p>","protected":false},"excerpt":{"rendered":"<p><strong>NACIFIC Hyaluron Booster Triple<\/strong> Komplekt on spetsiaalselt koostatud naha intensiivseks niisutamiseks ja taaselustamiseks. See komplekt on rikastatud h\u00fcaluroonhappe ja teiste niisutavate koostisosadega ning aitab hoida naha elastseks, siledaks ja tervena n\u00e4ivaks.<\/p>","protected":false},"featured_media":9288,"comment_status":"closed","ping_status":"closed","template":"","meta":{"_acf_changed":false},"product_brand":[440],"product_cat":[92,93,55,56],"product_tag":[],"class_list":{"0":"post-7271","1":"product","2":"type-product","3":"status-publish","4":"has-post-thumbnail","6":"product_brand-nacific","7":"product_cat-groziui","8":"product_cat-rinkiniai","9":"product_cat-veido-kremai","10":"product_cat-veido-serumai","12":"first","13":"outofstock","14":"shipping-taxable","15":"purchasable","16":"product-type-simple"},"acf":[],"tiered_pricing_type":"fixed","tiered_pricing_fixed_rules":[],"tiered_pricing_product_settings":{"layout":"default","base_unit_name":{"singular":null,"plural":null},"default_variation":null},"tiered_pricing_minimum_quantity":null,"tiered_pricing_roles_data":[],"tiered_pricing_percentage_rules":[],"_links":{"self":[{"href":"https:\/\/purama.lt\/ee\/wp-json\/wp\/v2\/product\/7271","targetHints":{"allow":["GET"]}}],"collection":[{"href":"https:\/\/purama.lt\/ee\/wp-json\/wp\/v2\/product"}],"about":[{"href":"https:\/\/purama.lt\/ee\/wp-json\/wp\/v2\/types\/product"}],"replies":[{"embeddable":true,"href":"https:\/\/purama.lt\/ee\/wp-json\/wp\/v2\/comments?post=7271"}],"wp:featuredmedia":[{"embeddable":true,"href":"https:\/\/purama.lt\/ee\/wp-json\/wp\/v2\/media\/9288"}],"wp:attachment":[{"href":"https:\/\/purama.lt\/ee\/wp-json\/wp\/v2\/media?parent=7271"}],"wp:term":[{"taxonomy":"product_brand","embeddable":true,"href":"https:\/\/purama.lt\/ee\/wp-json\/wp\/v2\/product_brand?post=7271"},{"taxonomy":"product_cat","embeddable":true,"href":"https:\/\/purama.lt\/ee\/wp-json\/wp\/v2\/product_cat?post=7271"},{"taxonomy":"product_tag","embeddable":true,"href":"https:\/\/purama.lt\/ee\/wp-json\/wp\/v2\/product_tag?post=7271"}],"curies":[{"name":"wp","href":"https:\/\/api.w.org\/{rel}","templated":true}]}}