{"id":7270,"date":"2024-11-26T09:14:57","date_gmt":"2024-11-26T09:14:57","guid":{"rendered":"https:\/\/purama.lt\/?post_type=product&#038;p=7270"},"modified":"2026-04-10T13:03:23","modified_gmt":"2026-04-10T11:03:23","slug":"nacific-naha-kergitamine-komplekt","status":"publish","type":"product","link":"https:\/\/purama.lt\/ee\/produktas\/nacific-oda-sviesinanciu-priemoniu-rinkinys\/","title":{"rendered":"NACIFIC naha helendav komplekt"},"content":{"rendered":"<p><b>Komplekti kuuluvad:<\/b><\/p>\n<ul>\n<li>Phyto Niacin Brightening Toner, 30 ml<\/li>\n<li>Phyto Niacin Whitening Essence, 10 ml<\/li>\n<li>Phyto Niacin Brightening Toneup Cream, 20 ml<\/li>\n<li>V\u00e4rske EM seep, 30 g.<\/li>\n<\/ul>\n<p><b>Phyto Niacin Brightening Toner<\/b><\/p>\n<p>See toonik sisaldab nahka kirgastavaid koostisosi - niatsinamiidi ja\u00a0<i>Valmistatud valge<\/i><i>TM<\/i>\u00a0Kompleks Aasia Tuhatjalgsetega, samuti nahka kirgastava Bambuse ekstraktiga. Tooneri vesine konsistents imendub kiiresti naha sisse ja annab nahale terve s\u00e4ra.<\/p>\n<p><b>Kuidas kasutada?<\/b><\/p>\n<ol>\n<li>Niisutage vatipadi toonikuga ja puhastage \u00f5rnalt puhas n\u00e4gu ja kael, v\u00e4ltides silmade ja suu piirkonda.<\/li>\n<li>Patsuta nahka \u00f5rnalt, et aidata toonikul paremini imenduda.<\/li>\n<\/ol>\n<p><b>Phyto Niacin Valgendav Essence<\/b><\/p>\n<p>Selle essentsi nahka kirgastav toime tuleneb selle koostisainetest:\u00a0<i>Valmistatud valge<\/i><i>TM<\/i>\u00a0Kompleks Aasia tsentella ja niatsiinamiidiga (5%) ning nahka kirgastava bambuse ekstraktiga. Vesise konsistentsiga essents imendub kiiresti naha sisse, et tagada tervislik s\u00e4ra.<\/p>\n<p><b>Kuidas kasutada?<\/b><\/p>\n<ol>\n<li>Masseerige essents \u00f5rnalt puhtale, puhastatud ja toniseeritud n\u00e4ole ja kaelale.<\/li>\n<li>Seej\u00e4rel kasuta niisutavat kreemi v\u00f5i toitvat kreemi.<\/li>\n<\/ol>\n<p><strong>Koostisained:<\/strong> Niatsiinamiid, h\u00fcaluroonhape, gl\u00fctseriin, betaiin, arginiin, pantenool, rohelise tee ekstrakt, aloe vera ekstrakt, Centella asiatica ekstrakt, C-vitamiin, E-vitamiin, but\u00fcleengl\u00fckool, 1,2-heksandiool, et\u00fc\u00fclheks\u00fc\u00fclgl\u00fctseriin.<\/p>","protected":false},"excerpt":{"rendered":"<p><strong>NACIFIC Phyto Niacin Brightening (NACIFIC Phyto Niacin Brightening)<\/strong> Komplekt on loodud selleks, et anda nahale s\u00e4rava s\u00e4ra, v\u00e4hendada pigmendilaike ja \u00fchtlustada nahatooni. Sari on rikastatud niatsiinamiidi ja taimeekstraktidega, mis niisutavad ja kirgastavad nahka t\u00f5husalt.<\/p>","protected":false},"featured_media":9289,"comment_status":"closed","ping_status":"closed","template":"","meta":{"_acf_changed":false},"product_brand":[440],"product_cat":[59,93],"product_tag":[],"class_list":{"0":"post-7270","1":"product","2":"type-product","3":"status-publish","4":"has-post-thumbnail","6":"product_brand-nacific","7":"product_cat-veidui","8":"product_cat-rinkiniai","10":"first","11":"outofstock","12":"shipping-taxable","13":"purchasable","14":"product-type-simple"},"acf":[],"tiered_pricing_type":"fixed","tiered_pricing_fixed_rules":[],"tiered_pricing_product_settings":{"layout":"default","base_unit_name":{"singular":null,"plural":null},"default_variation":null},"tiered_pricing_minimum_quantity":null,"tiered_pricing_roles_data":[],"tiered_pricing_percentage_rules":[],"_links":{"self":[{"href":"https:\/\/purama.lt\/ee\/wp-json\/wp\/v2\/product\/7270","targetHints":{"allow":["GET"]}}],"collection":[{"href":"https:\/\/purama.lt\/ee\/wp-json\/wp\/v2\/product"}],"about":[{"href":"https:\/\/purama.lt\/ee\/wp-json\/wp\/v2\/types\/product"}],"replies":[{"embeddable":true,"href":"https:\/\/purama.lt\/ee\/wp-json\/wp\/v2\/comments?post=7270"}],"wp:featuredmedia":[{"embeddable":true,"href":"https:\/\/purama.lt\/ee\/wp-json\/wp\/v2\/media\/9289"}],"wp:attachment":[{"href":"https:\/\/purama.lt\/ee\/wp-json\/wp\/v2\/media?parent=7270"}],"wp:term":[{"taxonomy":"product_brand","embeddable":true,"href":"https:\/\/purama.lt\/ee\/wp-json\/wp\/v2\/product_brand?post=7270"},{"taxonomy":"product_cat","embeddable":true,"href":"https:\/\/purama.lt\/ee\/wp-json\/wp\/v2\/product_cat?post=7270"},{"taxonomy":"product_tag","embeddable":true,"href":"https:\/\/purama.lt\/ee\/wp-json\/wp\/v2\/product_tag?post=7270"}],"curies":[{"name":"wp","href":"https:\/\/api.w.org\/{rel}","templated":true}]}}