{"id":7269,"date":"2024-11-26T09:14:57","date_gmt":"2024-11-26T09:14:57","guid":{"rendered":"https:\/\/purama.lt\/?post_type=product&#038;p=7269"},"modified":"2026-04-10T13:03:23","modified_gmt":"2026-04-10T11:03:23","slug":"nacific-herb-origin-naohoolduskomplekt","status":"publish","type":"product","link":"https:\/\/purama.lt\/ee\/produktas\/nacific-herb-origin-veido-odos-prieziuros-rinkinys\/","title":{"rendered":"NACIFIC Herb Origin n\u00e4ohoolduskomplekt"},"content":{"rendered":"<p><strong>Komplekti kuuluvad:<\/strong><\/p>\n<ul>\n<li>Toner Fresh Herb Origin Toner 30 ml<\/li>\n<li>Fresh Herb Origin seerum 10 ml<\/li>\n<li>Fresh Herb Origin Cream 20 ml<\/li>\n<\/ul>\n<p>See komplekt aitab teil luua igap\u00e4evase nahahooldusrutiini!<\/p>\n<p><b>Toner Fresh Herb Origin Toner<\/b><\/p>\n<p>Mitmeotstarbeline toonik niisutava ja toitva rukkililleveega (82%) eemaldab meigij\u00e4\u00e4gid, mustuse ja surnud naharakud, samal ajal kui unikaalne aminohapete ja mineraalide \u00fchend\u00a0<i>Sepicalm\u00a0<\/i>rahustab \u00e4rritunud ja tundlikku nahka.<\/p>\n<p><b>Kuidas kasutada?<\/b><\/p>\n<p>Seda niisutavat mitmeotstarbelist toonerit saab kasutada nii toonerina kui ka niisutajana.<\/p>\n<ol>\n<li><b>Tonic<\/b>. Niisutage vatipadi toonikuga ja puhastage \u00f5rnade liigutustega puhtaks k\u00fc\u00fcritud n\u00e4gu ja kael.<\/li>\n<li><b>Niisutav meede<\/b>. Peske oma n\u00e4gu puhtaks. Lisage 2 korgit\u00e4it toonikut 500 ml veele ja segage h\u00e4sti. Peske oma n\u00e4gu mitu korda v\u00f5i rohkem, patsutades nahka \u00f5rnalt. Loputada ei ole vaja.<\/li>\n<li>P\u00e4rast toonikut kasutage oma tavalisi n\u00e4ohooldustooteid - essentsi ja kreemi.<\/li>\n<\/ol>\n<p><strong>Koostisained:<\/strong> Vesi (Aqua), Citrus Limon (sidruni) puuviljaekstrakt, Aloe Barbadensis leheekstrakt, Chamomilla Recutita (Matricaria) \u00f5ieekstrakt, Niatsiinamiid, gl\u00fctseriin, tokoferool (E-vitamiin), looduslikud s\u00e4ilitusained, l\u00f5hnaaine.<\/p>\n<p><b>Fresh Herb Origin seerum 10 ml<\/b><\/p>\n<p>See kahekihiline seerum on soovitatav kuivale, l\u00f5tvunud ja kahjustatud lipiidikihiga nahale. Seerumi taimne \u00f5li tasakaalustab, aloe vera ekstrakt rahustab ja tsitruse\u00f5li niisutab ja elustab nahka. Koostises olev 42% aloe vera ekstrakt niisutab ja pehmendab nahka, seerumi \u00f5liosa koosneb moringa-, apelsini- ja sidrunikoore\u00f5lidest, mis tugevdavad naha kaitsebarj\u00e4\u00e4ri.<\/p>\n<p>Seerumi toimeained, mis sisaldavad piparm\u00fcndi ja sidrunheina ekstrakte, koorivad nahka \u00f5rnalt, eemaldades surnud naharakud ja liigse rasu ning hoides poorid puhtana, samal ajal kui vesiroosi ekstrakt niisutab nahka.<\/p>\n<p>Seerum on pooride sulgemisega ja sobib probleemse naha jaoks.<\/p>\n<p><b>Kuidas kasutada?<\/b><\/p>\n<ol>\n<li>Enne kasutamist loksutage pudelit, et segada kaks seerumi kihti.<\/li>\n<li>Kandke seerum puhtale, puhastatud ja toonitud nahale.<\/li>\n<li>Seerumit v\u00f5ib suurema toime saavutamiseks kasutada 2-3 korda uuesti.<\/li>\n<\/ol>\n<p><strong>Koostisained: <\/strong>Vesi (Aqua), Citrus Limon (sidruni) puuviljaekstrakt, gl\u00fctseriin, Aloe Barbadensis leheekstrakt, niatsiinamiid, tokoferool (E-vitamiin), Hamamelis Virginiana leheekstrakt, Chamomilla Recutita (Matricaria) \u00f5ieekstrakt, adenosiin, skvalaan, looduslikud s\u00e4ilitusained, l\u00f5hnaaine.<\/p>\n<p><b>V\u00e4rske \u00fcrdikreem<\/b><\/p>\n<p>Kreem sisaldab kuni 62% kummeli ekstrakti ja ainulaadset toimeainete kombinatsiooni.\u00a0<i>-\u00a0<\/i><i>Sepicalm<\/i>\u00a0niisutab nahka s\u00fcgavuti ja pehmendab seda, samas kui niatsinamiid adonosiid helendab ja aitab v\u00f5idelda kortsude vastu. Kreem imendub kergesti naha sisse, j\u00e4tmata ebameeldivat kleepuvat tunnet.<\/p>\n<p><b>Kuidas kasutada?<\/b><\/p>\n<ol>\n<li>Kandke kreem puhta ja toonitud nahale viimase hooldussammuna.<\/li>\n<li>Kandke v\u00e4ike kogus kreemi \u00fchtlaselt nahale ja masseerige seda ringjate liigutustega n\u00e4ole ja kaelale, kuni kreem on t\u00e4ielikult imendunud. V\u00e4ltige silmade ja huulte piirkonda.<\/li>\n<\/ol>\n<p><strong>Koostisained:<\/strong> Centella asiatica ekstrakt, niatsinamiid, h\u00fcaluroonhape, gl\u00fctseriin, pantenool, rohelise tee ekstrakt, aloe vera ekstrakt, allantoiin, C-vitamiin, E-vitamiin.<\/p>","protected":false},"excerpt":{"rendered":"<p><strong>NACIFIC V\u00e4rske taimede p\u00e4ritolukomplekt<\/strong> naha intensiivseks niisutamiseks, toitmiseks ja taaselustamiseks. Rikkalikult looduslikke ekstrakte ja toitvaid koostisosi sisaldav komplekt aitab hoida nahka tervena, s\u00e4rava ja noorusliku v\u00e4limusega. Ideaalne k\u00f5ikidele nahat\u00fc\u00fcpidele, eriti tundlikule ja kuivale nahale.<\/p>\n<p>&nbsp;<\/p>\n<p>&nbsp;<\/p>","protected":false},"featured_media":9285,"comment_status":"closed","ping_status":"closed","template":"","meta":{"_acf_changed":false},"product_brand":[440],"product_cat":[92,93,55,56,59],"product_tag":[],"class_list":{"0":"post-7269","1":"product","2":"type-product","3":"status-publish","4":"has-post-thumbnail","6":"product_brand-nacific","7":"product_cat-groziui","8":"product_cat-rinkiniai","9":"product_cat-veido-kremai","10":"product_cat-veido-serumai","11":"product_cat-veidui","13":"first","14":"outofstock","15":"shipping-taxable","16":"purchasable","17":"product-type-simple"},"acf":[],"tiered_pricing_type":"fixed","tiered_pricing_fixed_rules":[],"tiered_pricing_product_settings":{"layout":"default","base_unit_name":{"singular":null,"plural":null},"default_variation":null},"tiered_pricing_minimum_quantity":null,"tiered_pricing_roles_data":[],"tiered_pricing_percentage_rules":[],"_links":{"self":[{"href":"https:\/\/purama.lt\/ee\/wp-json\/wp\/v2\/product\/7269","targetHints":{"allow":["GET"]}}],"collection":[{"href":"https:\/\/purama.lt\/ee\/wp-json\/wp\/v2\/product"}],"about":[{"href":"https:\/\/purama.lt\/ee\/wp-json\/wp\/v2\/types\/product"}],"replies":[{"embeddable":true,"href":"https:\/\/purama.lt\/ee\/wp-json\/wp\/v2\/comments?post=7269"}],"wp:featuredmedia":[{"embeddable":true,"href":"https:\/\/purama.lt\/ee\/wp-json\/wp\/v2\/media\/9285"}],"wp:attachment":[{"href":"https:\/\/purama.lt\/ee\/wp-json\/wp\/v2\/media?parent=7269"}],"wp:term":[{"taxonomy":"product_brand","embeddable":true,"href":"https:\/\/purama.lt\/ee\/wp-json\/wp\/v2\/product_brand?post=7269"},{"taxonomy":"product_cat","embeddable":true,"href":"https:\/\/purama.lt\/ee\/wp-json\/wp\/v2\/product_cat?post=7269"},{"taxonomy":"product_tag","embeddable":true,"href":"https:\/\/purama.lt\/ee\/wp-json\/wp\/v2\/product_tag?post=7269"}],"curies":[{"name":"wp","href":"https:\/\/api.w.org\/{rel}","templated":true}]}}