{"id":7267,"date":"2024-11-26T09:14:57","date_gmt":"2024-11-26T09:14:57","guid":{"rendered":"https:\/\/purama.lt\/?post_type=product&#038;p=7267"},"modified":"2026-04-10T13:03:23","modified_gmt":"2026-04-10T11:03:23","slug":"hayejin-blessing-of-sprout-reisi-naokomplekt","status":"publish","type":"product","link":"https:\/\/purama.lt\/ee\/produktas\/kelioninis-veido-prieziuros-rinkinys-hayejin-blessing-of-sprout\/","title":{"rendered":"HAYEJIN \"Blessing of Sprout\" reisikomplekt"},"content":{"rendered":"<p>Komplektis on 5 HAYEJIN toodet:<\/p>\n<p>1. HAYEJIN Blessing of Sprout Soothing Gel Facial Wash, 15ml - \u00dclimalt \u00f5rn rahustav geel n\u00e4opesu mikro mullidega, mis sobib igap\u00e4evaseks kasutamiseks.<br \/>\n2. HAYEJIN Blessing of Sprout Brightening Toner, 15ml - niisutab nahka intensiivselt, minimeerib poore, tasakaalustab pH-d ja valmistab nahka ette teiste toodete jaoks.<br \/>\n3. HAYEJIN Blessing of Sprout Anti-Wrinkle Eye Cream, 5ml - annab nahale eluj\u00f5udu ja elastsust, sisaldab taimseid valke peenikeste joonte ja kortsude raviks ning CICA kompleksi ja lootosekstrakti naha kirgastamiseks.<br \/>\n4. HAYEJIN Blessing of Sprout Serum, 8ml - Siidiselt pehme seerum, mis sisaldab kontsentreeritud idude toitaineid, mis pakub kortsudevastast kaitset, elavdab v\u00e4sinud nahka, niisutab ja rahustab intensiivselt nahka.<br \/>\n5. HAYEJIN Blessing of Sprout Brightening Facial Cream, 10ml - Kerge ja pehme tekstuuriga kreem niisutab intensiivselt, kirgastab, v\u00e4hendab kortse ja taastab naha elastsuse, imendub kiiresti.<\/p>","protected":false},"excerpt":{"rendered":"<p>5-astmeline n\u00e4ohoolduse reisikomplekt, intensiivselt niisutav, rahustav, lootose pungade ja v\u00f5rsete v\u00e4ega. Ideaalne valik reisides v\u00f5i HAYEJINi kosmeetikatoodete proovimiseks.<\/p>","protected":false},"featured_media":7301,"comment_status":"open","ping_status":"closed","template":"","meta":{"_acf_changed":false},"product_brand":[427],"product_cat":[92,93,55,56,59],"product_tag":[],"class_list":{"0":"post-7267","1":"product","2":"type-product","3":"status-publish","4":"has-post-thumbnail","6":"product_brand-hayejin","7":"product_cat-groziui","8":"product_cat-rinkiniai","9":"product_cat-veido-kremai","10":"product_cat-veido-serumai","11":"product_cat-veidui","13":"first","14":"outofstock","15":"shipping-taxable","16":"purchasable","17":"product-type-simple"},"acf":[],"tiered_pricing_type":"fixed","tiered_pricing_fixed_rules":[],"tiered_pricing_product_settings":{"layout":"default","base_unit_name":{"singular":null,"plural":null},"default_variation":null},"tiered_pricing_minimum_quantity":null,"tiered_pricing_roles_data":[],"tiered_pricing_percentage_rules":[],"_links":{"self":[{"href":"https:\/\/purama.lt\/ee\/wp-json\/wp\/v2\/product\/7267","targetHints":{"allow":["GET"]}}],"collection":[{"href":"https:\/\/purama.lt\/ee\/wp-json\/wp\/v2\/product"}],"about":[{"href":"https:\/\/purama.lt\/ee\/wp-json\/wp\/v2\/types\/product"}],"replies":[{"embeddable":true,"href":"https:\/\/purama.lt\/ee\/wp-json\/wp\/v2\/comments?post=7267"}],"wp:featuredmedia":[{"embeddable":true,"href":"https:\/\/purama.lt\/ee\/wp-json\/wp\/v2\/media\/7301"}],"wp:attachment":[{"href":"https:\/\/purama.lt\/ee\/wp-json\/wp\/v2\/media?parent=7267"}],"wp:term":[{"taxonomy":"product_brand","embeddable":true,"href":"https:\/\/purama.lt\/ee\/wp-json\/wp\/v2\/product_brand?post=7267"},{"taxonomy":"product_cat","embeddable":true,"href":"https:\/\/purama.lt\/ee\/wp-json\/wp\/v2\/product_cat?post=7267"},{"taxonomy":"product_tag","embeddable":true,"href":"https:\/\/purama.lt\/ee\/wp-json\/wp\/v2\/product_tag?post=7267"}],"curies":[{"name":"wp","href":"https:\/\/api.w.org\/{rel}","templated":true}]}}