{"id":7265,"date":"2024-11-26T09:14:57","date_gmt":"2024-11-26T09:14:57","guid":{"rendered":"https:\/\/purama.lt\/?post_type=product&#038;p=7265"},"modified":"2026-04-23T09:43:13","modified_gmt":"2026-04-23T07:43:13","slug":"hayejin-ricefila-riisikliidiga-naokomplekt","status":"publish","type":"product","link":"https:\/\/purama.lt\/ee\/produktas\/hayejin-ricefila-rice-bran-veido-priemoniu-rinkinys\/","title":{"rendered":"HAYEJIN RiceFila\u2122 &amp; Rice Bran n\u00e4ohoolduskomplekt"},"content":{"rendered":"<p>See komplekt sisaldab kolme olulist toodet, mis koos moodustavad t\u00e4ieliku n\u00e4ohooldusrituaali:<\/p>\n<p><strong>1. Rikkalik koostis ja looduslikud koostisosad<\/strong><br \/>\nK\u00f5ik komplekti kuuluvad tooted on rikastatud selliste looduslike koostisosadega nagu riisiklii\u00f5li ja riisiekstraktid, mis on tuntud oma niisutavate, toitvate ja kirgastavate omaduste poolest.<\/p>\n<p><strong>2. Kolmeastmeline hooldus<\/strong><br \/>\nKomplekt koosneb kolmest etapist, mis h\u00f5lmavad j\u00e4rgmist:<\/p>\n<p><em>Puhastamine<\/em>: \u00d5rn n\u00e4opuhastusvahend, mis puhastab nahka s\u00fcgavuti, eemaldades mustuse ja liigse rasu, kahjustamata naha loomulikku barj\u00e4\u00e4ri.<br \/>\n<em>Toonimine<\/em>: Selgitav toonik, mis aitab taastada naha pH-taset, niisutab ja valmistab nahka ette j\u00e4rgmiseks hooldusetapiks.<br \/>\n<em>Toitlustamine<\/em>: Niisutav ja toitev seerum v\u00f5i kreem, mis annab nahale vajalikke toitaineid, mis tagavad pikaajalise niisutuse ja terve s\u00e4ra.<\/p>\n<p><strong>3. Niisutamine ja toitmine<\/strong><br \/>\nRiisiklii\u00f5li ja teised komplekti kuuluvad koostisained niisutavad nahka s\u00fcgavuti, aidates hoida seda elastsetena ja pehmena. Nende toodete regulaarne kasutamine tagab naha hea niisutuse ja toitmise.<\/p>\n<p><strong>4. Valgustamine ja naha silumine<\/strong><br \/>\nRiisi ekstraktid aitavad nahka helendada, v\u00e4hendada tumedaid laike ja pigmentatsiooni, andes n\u00e4ole loomuliku s\u00e4ra ja \u00fchtlase v\u00e4rvuse.<\/p>\n<p><strong>5. Looduslik koostis<\/strong><br \/>\nTooted on valmistatud looduslikest koostisosadest ja ei sisalda kahjulikke kemikaale, mist\u00f5ttu on need ohutud ja \u00f5rnad nahale. See on eriti oluline tundliku naha puhul, mis vajab erilist t\u00e4helepanu ja hoolt.<\/p>\n<p><strong>Kasutamine:<\/strong><br \/>\nSTEP 1 - \u00d5lip\u00f5hine tooner. Enne kasutamist raputage pudelit, et segada \u00f5likihti ekstrakti kihiga. P\u00e4rast n\u00e4o pesemist kanna toonik kuivale nahale ja patsuta kergelt, kuni see on imendunud.<\/p>\n<p>2. samm - n\u00e4okreem. P\u00e4rast puhastamist kanna vajalik kogus n\u00e4ole ja kaelale, seej\u00e4rel patsuta \u00f5rnalt, et see imenduks.<\/p>\n<p>STEP 3 - n\u00e4o\u00f5li. Nahahooldusrutiini viimase sammuna pane 2-3 tilka peopesale ja h\u00f5\u00f5ru soojendamiseks. Seej\u00e4rel katke oma n\u00e4gu \u00f5rnalt k\u00e4tega, et lisada niiskust. V\u00f5id ka segada 1-2 tilka oma tavaliste nahahooldusvahendite hulka, et suurendada niisutavat toimet. Kui pesete n\u00e4gu, lisage tilk \u00f5li viimasele loputusele, et suurendada toitev\u00e4\u00e4rtust.<\/p>\n<p>&nbsp;<\/p>","protected":false},"excerpt":{"rendered":"<p><strong>HAYEJIN \"RiceFila\u2122 &amp; Rice Bran\"<\/strong> 3-astmeline n\u00e4ohoolduse kinkekomplekt on t\u00e4helepanuv\u00e4\u00e4rne oma rikkaliku koostise ja paljude nahale kasulike omaduste poolest. See on ideaalne valik terve, s\u00e4rava ja hoolitsetud naha saavutamiseks. Lisaks naha niisutamisele ja toitmisele annab see komplekt nahale ka loomuliku s\u00e4ra, \u00fchtlase v\u00e4rvuse ja elastsuse. <strong>HAYEJIN \"RiceFila\u2122 &amp; Rice Bran\"<\/strong> 3-astmeline n\u00e4ohoolduskomplekt on ideaalne valik neile, kes soovivad tervislikku, s\u00e4ravat ja hoolitsetud nahka.<\/p>","protected":false},"featured_media":9279,"comment_status":"open","ping_status":"closed","template":"","meta":{"_acf_changed":false},"product_brand":[427],"product_cat":[92,57,393,93,59],"product_tag":[],"class_list":{"0":"post-7265","1":"product","2":"type-product","3":"status-publish","4":"has-post-thumbnail","6":"product_brand-hayejin","7":"product_cat-groziui","8":"product_cat-akcijos","9":"product_cat-dovanu-idejos","10":"product_cat-rinkiniai","11":"product_cat-veidui","13":"first","14":"instock","15":"sale","16":"shipping-taxable","17":"purchasable","18":"product-type-simple"},"acf":[],"tiered_pricing_type":"fixed","tiered_pricing_fixed_rules":[],"tiered_pricing_product_settings":{"layout":"default","base_unit_name":{"singular":null,"plural":null},"default_variation":null},"tiered_pricing_minimum_quantity":null,"tiered_pricing_roles_data":[],"tiered_pricing_percentage_rules":[],"_links":{"self":[{"href":"https:\/\/purama.lt\/ee\/wp-json\/wp\/v2\/product\/7265","targetHints":{"allow":["GET"]}}],"collection":[{"href":"https:\/\/purama.lt\/ee\/wp-json\/wp\/v2\/product"}],"about":[{"href":"https:\/\/purama.lt\/ee\/wp-json\/wp\/v2\/types\/product"}],"replies":[{"embeddable":true,"href":"https:\/\/purama.lt\/ee\/wp-json\/wp\/v2\/comments?post=7265"}],"wp:featuredmedia":[{"embeddable":true,"href":"https:\/\/purama.lt\/ee\/wp-json\/wp\/v2\/media\/9279"}],"wp:attachment":[{"href":"https:\/\/purama.lt\/ee\/wp-json\/wp\/v2\/media?parent=7265"}],"wp:term":[{"taxonomy":"product_brand","embeddable":true,"href":"https:\/\/purama.lt\/ee\/wp-json\/wp\/v2\/product_brand?post=7265"},{"taxonomy":"product_cat","embeddable":true,"href":"https:\/\/purama.lt\/ee\/wp-json\/wp\/v2\/product_cat?post=7265"},{"taxonomy":"product_tag","embeddable":true,"href":"https:\/\/purama.lt\/ee\/wp-json\/wp\/v2\/product_tag?post=7265"}],"curies":[{"name":"wp","href":"https:\/\/api.w.org\/{rel}","templated":true}]}}